{"id":8195,"date":"2026-03-26T10:57:46","date_gmt":"2026-03-26T17:57:46","guid":{"rendered":"https:\/\/adelantehealthcare.com\/vih-salud-y-bienestar-sexual\/"},"modified":"2026-04-29T10:31:28","modified_gmt":"2026-04-29T17:31:28","slug":"vih-salud-y-bienestar-sexual","status":"publish","type":"page","link":"https:\/\/adelantehealthcare.com\/es\/vih-salud-y-bienestar-sexual\/","title":{"rendered":"VIH\/Salud y bienestar sexual"},"content":{"rendered":"","protected":false},"excerpt":{"rendered":"<p>En Adelante Healthcare, creemos que toda persona es merecedora de una asistencia sanitaria excepcional. Si t\u00fa y tu familia ten\u00e9is Medicaid o AHCCCS como seguro m\u00e9dico, estamos aqu\u00ed para darte una calurosa bienvenida y ayudarte a maximizar las prestaciones a las que tienes derecho. Te ayudamos a que te sientas seguro y respaldado en cada paso de tu viaje asistencial.    <\/p>\n","protected":false},"author":6,"featured_media":8148,"parent":0,"menu_order":0,"comment_status":"closed","ping_status":"closed","template":"page-default-wide.php","meta":{"_acf_changed":true,"_yoast_wpseo_title":"","_yoast_wpseo_metadesc":"Atenci\u00f3n confidencial y compasiva para tu salud sexual. En Adelante Healthcare, creemos que la atenci\u00f3n debe ser segura, informada y libre de juicios.","_monsterinsights_skip_tracking":false,"_monsterinsights_sitenote_active":false,"_monsterinsights_sitenote_note":"","_monsterinsights_sitenote_category":0,"_metasync_otto_title":"","_metasync_otto_description":"","_metasync_otto_keywords":"","_metasync_otto_og_title":"","_metasync_otto_og_description":"","_metasync_otto_twitter_title":"","_metasync_otto_twitter_description":"","rank_math_title":"","rank_math_description":"","_aioseo_title":"","_aioseo_description":"","_metasync_seo_title":"","_metasync_seo_desc":"","_metasync_breadcrumb_title":"","_metasync_primary_category":0,"_metasync_primary_product_cat":0,"_metasync_otto_disabled":"","_metasync_hreflang":"[]","footnotes":""},"class_list":["post-8195","page","type-page","status-publish","has-post-thumbnail","hentry"],"acf":[],"yoast_head":"<!-- This site is optimized with the Yoast SEO plugin v27.5 - https:\/\/yoast.com\/product\/yoast-seo-wordpress\/ -->\n<title>VIH\/Salud y bienestar sexual | Adelante Healthcare<\/title>\n<meta name=\"description\" content=\"Atenci\u00f3n confidencial y compasiva para tu salud sexual. En Adelante Healthcare, creemos que la atenci\u00f3n debe ser segura, informada y libre de juicios.\" \/>\n<meta name=\"robots\" content=\"index, follow, max-snippet:-1, max-image-preview:large, max-video-preview:-1\" \/>\n<link rel=\"canonical\" href=\"https:\/\/adelantehealthcare.com\/es\/vih-salud-y-bienestar-sexual\/\" \/>\n<meta property=\"og:locale\" content=\"es_ES\" \/>\n<meta property=\"og:type\" content=\"article\" \/>\n<meta property=\"og:title\" content=\"VIH\/Salud y bienestar sexual | Adelante Healthcare\" \/>\n<meta property=\"og:description\" content=\"Atenci\u00f3n confidencial y compasiva para tu salud sexual. En Adelante Healthcare, creemos que la atenci\u00f3n debe ser segura, informada y libre de juicios.\" \/>\n<meta property=\"og:url\" content=\"https:\/\/adelantehealthcare.com\/es\/vih-salud-y-bienestar-sexual\/\" \/>\n<meta property=\"og:site_name\" content=\"Adelante Healthcare\" \/>\n<meta property=\"og:image\" content=\"https:\/\/adelantehealthcare.com\/wp-content\/uploads\/2026\/03\/vida-clinic2-e1775168984851.jpg\" \/>\n\t<meta property=\"og:image:width\" content=\"1253\" \/>\n\t<meta property=\"og:image:height\" content=\"836\" \/>\n\t<meta property=\"og:image:type\" content=\"image\/jpeg\" \/>\n<meta name=\"twitter:card\" content=\"summary_large_image\" \/>\n<!-- \/ Yoast SEO plugin. -->","yoast_head_json":{"title":"VIH\/Salud y bienestar sexual | Adelante Healthcare","description":"Atenci\u00f3n confidencial y compasiva para tu salud sexual. En Adelante Healthcare, creemos que la atenci\u00f3n debe ser segura, informada y libre de juicios.","robots":{"index":"index","follow":"follow","max-snippet":"max-snippet:-1","max-image-preview":"max-image-preview:large","max-video-preview":"max-video-preview:-1"},"canonical":"https:\/\/adelantehealthcare.com\/es\/vih-salud-y-bienestar-sexual\/","og_locale":"es_ES","og_type":"article","og_title":"VIH\/Salud y bienestar sexual | Adelante Healthcare","og_description":"Atenci\u00f3n confidencial y compasiva para tu salud sexual. En Adelante Healthcare, creemos que la atenci\u00f3n debe ser segura, informada y libre de juicios.","og_url":"https:\/\/adelantehealthcare.com\/es\/vih-salud-y-bienestar-sexual\/","og_site_name":"Adelante Healthcare","og_image":[{"width":1253,"height":836,"url":"https:\/\/adelantehealthcare.com\/wp-content\/uploads\/2026\/03\/vida-clinic2-e1775168984851.jpg","type":"image\/jpeg"}],"twitter_card":"summary_large_image","schema":{"@context":"https:\/\/schema.org","@graph":[{"@type":"WebPage","@id":"https:\/\/adelantehealthcare.com\/es\/vih-salud-y-bienestar-sexual\/","url":"https:\/\/adelantehealthcare.com\/es\/vih-salud-y-bienestar-sexual\/","name":"VIH\/Salud y bienestar sexual | Adelante Healthcare","isPartOf":{"@id":"https:\/\/adelantehealthcare.com\/es\/#website"},"primaryImageOfPage":{"@id":"https:\/\/adelantehealthcare.com\/es\/vih-salud-y-bienestar-sexual\/#primaryimage"},"image":{"@id":"https:\/\/adelantehealthcare.com\/es\/vih-salud-y-bienestar-sexual\/#primaryimage"},"thumbnailUrl":"https:\/\/adelantehealthcare.com\/wp-content\/uploads\/2026\/03\/vida-clinic2-e1775168984851.jpg","datePublished":"2026-03-26T17:57:46+00:00","dateModified":"2026-04-29T17:31:28+00:00","description":"Atenci\u00f3n confidencial y compasiva para tu salud sexual. En Adelante Healthcare, creemos que la atenci\u00f3n debe ser segura, informada y libre de juicios.","breadcrumb":{"@id":"https:\/\/adelantehealthcare.com\/es\/vih-salud-y-bienestar-sexual\/#breadcrumb"},"inLanguage":"es","potentialAction":[{"@type":"ReadAction","target":["https:\/\/adelantehealthcare.com\/es\/vih-salud-y-bienestar-sexual\/"]}]},{"@type":"ImageObject","inLanguage":"es","@id":"https:\/\/adelantehealthcare.com\/es\/vih-salud-y-bienestar-sexual\/#primaryimage","url":"https:\/\/adelantehealthcare.com\/wp-content\/uploads\/2026\/03\/vida-clinic2-e1775168984851.jpg","contentUrl":"https:\/\/adelantehealthcare.com\/wp-content\/uploads\/2026\/03\/vida-clinic2-e1775168984851.jpg","width":1253,"height":836,"caption":"Group of friends bonding at home, LGBTQ and diversity concepts - Homosexual couple and fluid gender non binary young man with cross dressing clothing style having fun in the apartment, LGBT people concepts"},{"@type":"BreadcrumbList","@id":"https:\/\/adelantehealthcare.com\/es\/vih-salud-y-bienestar-sexual\/#breadcrumb","itemListElement":[{"@type":"ListItem","position":1,"name":"Home","item":"https:\/\/adelantehealthcare.com\/es\/"},{"@type":"ListItem","position":2,"name":"VIH\/Salud y bienestar sexual"}]},{"@type":"WebSite","@id":"https:\/\/adelantehealthcare.com\/es\/#website","url":"https:\/\/adelantehealthcare.com\/es\/","name":"Adelante Healthcare","description":"Compassionate care, for your whole family","publisher":{"@id":"https:\/\/adelantehealthcare.com\/es\/#organization"},"alternateName":"Adelante Healthcare","potentialAction":[{"@type":"SearchAction","target":{"@type":"EntryPoint","urlTemplate":"https:\/\/adelantehealthcare.com\/es\/?s={search_term_string}"},"query-input":{"@type":"PropertyValueSpecification","valueRequired":true,"valueName":"search_term_string"}}],"inLanguage":"es"},{"@type":"Organization","@id":"https:\/\/adelantehealthcare.com\/es\/#organization","name":"Adelante Healthcare","url":"https:\/\/adelantehealthcare.com\/es\/","logo":{"@type":"ImageObject","inLanguage":"es","@id":"https:\/\/adelantehealthcare.com\/es\/#\/schema\/logo\/image\/","url":"https:\/\/adelantehealthcare.com\/wp-content\/uploads\/2024\/02\/adelante-healthcare.jpg","contentUrl":"https:\/\/adelantehealthcare.com\/wp-content\/uploads\/2024\/02\/adelante-healthcare.jpg","width":500,"height":500,"caption":"Adelante Healthcare"},"image":{"@id":"https:\/\/adelantehealthcare.com\/es\/#\/schema\/logo\/image\/"}}]}},"_links":{"self":[{"href":"https:\/\/adelantehealthcare.com\/es\/wp-json\/wp\/v2\/pages\/8195","targetHints":{"allow":["GET"]}}],"collection":[{"href":"https:\/\/adelantehealthcare.com\/es\/wp-json\/wp\/v2\/pages"}],"about":[{"href":"https:\/\/adelantehealthcare.com\/es\/wp-json\/wp\/v2\/types\/page"}],"author":[{"embeddable":true,"href":"https:\/\/adelantehealthcare.com\/es\/wp-json\/wp\/v2\/users\/6"}],"replies":[{"embeddable":true,"href":"https:\/\/adelantehealthcare.com\/es\/wp-json\/wp\/v2\/comments?post=8195"}],"version-history":[{"count":0,"href":"https:\/\/adelantehealthcare.com\/es\/wp-json\/wp\/v2\/pages\/8195\/revisions"}],"wp:featuredmedia":[{"embeddable":true,"href":"https:\/\/adelantehealthcare.com\/es\/wp-json\/wp\/v2\/media\/8148"}],"wp:attachment":[{"href":"https:\/\/adelantehealthcare.com\/es\/wp-json\/wp\/v2\/media?parent=8195"}],"curies":[{"name":"wp","href":"https:\/\/api.w.org\/{rel}","templated":true}]}}