{"id":6697,"date":"2024-10-29T14:58:59","date_gmt":"2024-10-29T21:58:59","guid":{"rendered":"https:\/\/adelantehealthcare.com\/mercado-de-seguros-medicos-2025\/"},"modified":"2025-09-08T12:11:23","modified_gmt":"2025-09-08T19:11:23","slug":"mercado-de-seguros-medicos-2025","status":"publish","type":"page","link":"https:\/\/adelantehealthcare.com\/es\/mercado-de-seguros-medicos-2025\/","title":{"rendered":"Mercado de seguros m\u00e9dicos 2025"},"content":{"rendered":"","protected":false},"excerpt":{"rendered":"<p>\u00bfTienes cobertura de seguro para 2025? Si no es as\u00ed, ahora tienes la oportunidad de asegurar o renovar tu cobertura a trav\u00e9s del Mercado de Seguros M\u00e9dicos.   <\/p>\n","protected":false},"author":4,"featured_media":4637,"parent":0,"menu_order":0,"comment_status":"closed","ping_status":"closed","template":"","meta":{"_acf_changed":false,"_yoast_wpseo_title":"","_yoast_wpseo_metadesc":"\u00bfTienes cobertura de seguro para 2025? Si no es as\u00ed, ahora tienes la oportunidad de asegurar o renovar tu cobertura a trav\u00e9s del Mercado de Seguros M\u00e9dicos.","_monsterinsights_skip_tracking":false,"_monsterinsights_sitenote_active":false,"_monsterinsights_sitenote_note":"","_monsterinsights_sitenote_category":0,"_metasync_otto_title":"","_metasync_otto_description":"","_metasync_otto_keywords":"","_metasync_otto_og_title":"","_metasync_otto_og_description":"","_metasync_otto_twitter_title":"","_metasync_otto_twitter_description":"","rank_math_title":"","rank_math_description":"","_aioseo_title":"","_aioseo_description":"Solicitar un seguro m\u00e9dico puede ser complicado, nuestro equipo puede ayudarle a revisar qu\u00e9 cobertura puede obtener, si puede optar a ayudas econ\u00f3micas, planes y precios.","_metasync_seo_title":"","_metasync_seo_desc":"","_metasync_primary_product_cat":0,"_metasync_otto_disabled":"","_metasync_breadcrumb_title":"","_metasync_primary_category":0,"footnotes":""},"class_list":["post-6697","page","type-page","status-publish","has-post-thumbnail","hentry"],"acf":[],"yoast_head":"<!-- This site is optimized with the Yoast SEO plugin v27.4 - https:\/\/yoast.com\/product\/yoast-seo-wordpress\/ -->\n<title>Mercado de seguros m\u00e9dicos 2025 | Adelante Healthcare<\/title>\n<meta name=\"description\" content=\"\u00bfTienes cobertura de seguro para 2025? Si no es as\u00ed, ahora tienes la oportunidad de asegurar o renovar tu cobertura a trav\u00e9s del Mercado de Seguros M\u00e9dicos.\" \/>\n<meta name=\"robots\" content=\"index, follow, max-snippet:-1, max-image-preview:large, max-video-preview:-1\" \/>\n<link rel=\"canonical\" href=\"https:\/\/adelantehealthcare.com\/es\/mercado-de-seguros-medicos-2025\/\" \/>\n<meta property=\"og:locale\" content=\"es_ES\" \/>\n<meta property=\"og:type\" content=\"article\" \/>\n<meta property=\"og:title\" content=\"Mercado de seguros m\u00e9dicos 2025 | Adelante Healthcare\" \/>\n<meta property=\"og:description\" content=\"\u00bfTienes cobertura de seguro para 2025? Si no es as\u00ed, ahora tienes la oportunidad de asegurar o renovar tu cobertura a trav\u00e9s del Mercado de Seguros M\u00e9dicos.\" \/>\n<meta property=\"og:url\" content=\"https:\/\/adelantehealthcare.com\/es\/mercado-de-seguros-medicos-2025\/\" \/>\n<meta property=\"og:site_name\" content=\"Adelante Healthcare\" \/>\n<meta property=\"article:modified_time\" content=\"2025-09-08T19:11:23+00:00\" \/>\n<meta property=\"og:image\" content=\"https:\/\/adelantehealthcare.com\/wp-content\/uploads\/2023\/10\/0J5A4317-1024x683.jpg\" \/>\n\t<meta property=\"og:image:width\" content=\"1024\" \/>\n\t<meta property=\"og:image:height\" content=\"683\" \/>\n\t<meta property=\"og:image:type\" content=\"image\/jpeg\" \/>\n<meta name=\"twitter:card\" content=\"summary_large_image\" \/>\n<!-- \/ Yoast SEO plugin. -->","yoast_head_json":{"title":"Mercado de seguros m\u00e9dicos 2025 | Adelante Healthcare","description":"\u00bfTienes cobertura de seguro para 2025? Si no es as\u00ed, ahora tienes la oportunidad de asegurar o renovar tu cobertura a trav\u00e9s del Mercado de Seguros M\u00e9dicos.","robots":{"index":"index","follow":"follow","max-snippet":"max-snippet:-1","max-image-preview":"max-image-preview:large","max-video-preview":"max-video-preview:-1"},"canonical":"https:\/\/adelantehealthcare.com\/es\/mercado-de-seguros-medicos-2025\/","og_locale":"es_ES","og_type":"article","og_title":"Mercado de seguros m\u00e9dicos 2025 | Adelante Healthcare","og_description":"\u00bfTienes cobertura de seguro para 2025? Si no es as\u00ed, ahora tienes la oportunidad de asegurar o renovar tu cobertura a trav\u00e9s del Mercado de Seguros M\u00e9dicos.","og_url":"https:\/\/adelantehealthcare.com\/es\/mercado-de-seguros-medicos-2025\/","og_site_name":"Adelante Healthcare","article_modified_time":"2025-09-08T19:11:23+00:00","og_image":[{"width":1024,"height":683,"url":"https:\/\/adelantehealthcare.com\/wp-content\/uploads\/2023\/10\/0J5A4317-1024x683.jpg","type":"image\/jpeg"}],"twitter_card":"summary_large_image","schema":{"@context":"https:\/\/schema.org","@graph":[{"@type":"WebPage","@id":"https:\/\/adelantehealthcare.com\/es\/mercado-de-seguros-medicos-2025\/","url":"https:\/\/adelantehealthcare.com\/es\/mercado-de-seguros-medicos-2025\/","name":"Mercado de seguros m\u00e9dicos 2025 | Adelante Healthcare","isPartOf":{"@id":"https:\/\/adelantehealthcare.com\/es\/#website"},"primaryImageOfPage":{"@id":"https:\/\/adelantehealthcare.com\/es\/mercado-de-seguros-medicos-2025\/#primaryimage"},"image":{"@id":"https:\/\/adelantehealthcare.com\/es\/mercado-de-seguros-medicos-2025\/#primaryimage"},"thumbnailUrl":"https:\/\/adelantehealthcare.com\/wp-content\/uploads\/2023\/10\/0J5A4317.jpg","datePublished":"2024-10-29T21:58:59+00:00","dateModified":"2025-09-08T19:11:23+00:00","description":"\u00bfTienes cobertura de seguro para 2025? Si no es as\u00ed, ahora tienes la oportunidad de asegurar o renovar tu cobertura a trav\u00e9s del Mercado de Seguros M\u00e9dicos.","breadcrumb":{"@id":"https:\/\/adelantehealthcare.com\/es\/mercado-de-seguros-medicos-2025\/#breadcrumb"},"inLanguage":"es","potentialAction":[{"@type":"ReadAction","target":["https:\/\/adelantehealthcare.com\/es\/mercado-de-seguros-medicos-2025\/"]}]},{"@type":"ImageObject","inLanguage":"es","@id":"https:\/\/adelantehealthcare.com\/es\/mercado-de-seguros-medicos-2025\/#primaryimage","url":"https:\/\/adelantehealthcare.com\/wp-content\/uploads\/2023\/10\/0J5A4317.jpg","contentUrl":"https:\/\/adelantehealthcare.com\/wp-content\/uploads\/2023\/10\/0J5A4317.jpg","width":8192,"height":5464,"caption":"Two mothers with their daughters seated in Adelante Healthcare patient waiting room"},{"@type":"BreadcrumbList","@id":"https:\/\/adelantehealthcare.com\/es\/mercado-de-seguros-medicos-2025\/#breadcrumb","itemListElement":[{"@type":"ListItem","position":1,"name":"Home","item":"https:\/\/adelantehealthcare.com\/es\/"},{"@type":"ListItem","position":2,"name":"Mercado de seguros m\u00e9dicos 2025"}]},{"@type":"WebSite","@id":"https:\/\/adelantehealthcare.com\/es\/#website","url":"https:\/\/adelantehealthcare.com\/es\/","name":"Adelante Healthcare","description":"Compassionate care, for your whole family","publisher":{"@id":"https:\/\/adelantehealthcare.com\/es\/#organization"},"alternateName":"Adelante Healthcare","potentialAction":[{"@type":"SearchAction","target":{"@type":"EntryPoint","urlTemplate":"https:\/\/adelantehealthcare.com\/es\/?s={search_term_string}"},"query-input":{"@type":"PropertyValueSpecification","valueRequired":true,"valueName":"search_term_string"}}],"inLanguage":"es"},{"@type":"Organization","@id":"https:\/\/adelantehealthcare.com\/es\/#organization","name":"Adelante Healthcare","url":"https:\/\/adelantehealthcare.com\/es\/","logo":{"@type":"ImageObject","inLanguage":"es","@id":"https:\/\/adelantehealthcare.com\/es\/#\/schema\/logo\/image\/","url":"https:\/\/adelantehealthcare.com\/wp-content\/uploads\/2024\/02\/adelante-healthcare.jpg","contentUrl":"https:\/\/adelantehealthcare.com\/wp-content\/uploads\/2024\/02\/adelante-healthcare.jpg","width":500,"height":500,"caption":"Adelante Healthcare"},"image":{"@id":"https:\/\/adelantehealthcare.com\/es\/#\/schema\/logo\/image\/"}}]}},"_links":{"self":[{"href":"https:\/\/adelantehealthcare.com\/es\/wp-json\/wp\/v2\/pages\/6697","targetHints":{"allow":["GET"]}}],"collection":[{"href":"https:\/\/adelantehealthcare.com\/es\/wp-json\/wp\/v2\/pages"}],"about":[{"href":"https:\/\/adelantehealthcare.com\/es\/wp-json\/wp\/v2\/types\/page"}],"author":[{"embeddable":true,"href":"https:\/\/adelantehealthcare.com\/es\/wp-json\/wp\/v2\/users\/4"}],"replies":[{"embeddable":true,"href":"https:\/\/adelantehealthcare.com\/es\/wp-json\/wp\/v2\/comments?post=6697"}],"version-history":[{"count":0,"href":"https:\/\/adelantehealthcare.com\/es\/wp-json\/wp\/v2\/pages\/6697\/revisions"}],"wp:featuredmedia":[{"embeddable":true,"href":"https:\/\/adelantehealthcare.com\/es\/wp-json\/wp\/v2\/media\/4637"}],"wp:attachment":[{"href":"https:\/\/adelantehealthcare.com\/es\/wp-json\/wp\/v2\/media?parent=6697"}],"curies":[{"name":"wp","href":"https:\/\/api.w.org\/{rel}","templated":true}]}}