{"id":6129,"date":"2024-06-10T11:16:16","date_gmt":"2024-06-10T18:16:16","guid":{"rendered":"https:\/\/adelantehealthcare.com\/listo-para-la-vuelta-al-cole\/"},"modified":"2025-09-08T12:31:58","modified_gmt":"2025-09-08T19:31:58","slug":"listo-para-la-vuelta-al-cole","status":"publish","type":"page","link":"https:\/\/adelantehealthcare.com\/es\/listo-para-la-vuelta-al-cole\/","title":{"rendered":"Listo para la vuelta al cole"},"content":{"rendered":"","protected":false},"excerpt":{"rendered":"<p>Recibe atenci\u00f3n experta de pediatras que entienden el papel de las mam\u00e1s. Nuestros proveedores te ayudan a mantener a tu familia sana y preparada para la escuela.<\/p>\n","protected":false},"author":4,"featured_media":6093,"parent":0,"menu_order":0,"comment_status":"closed","ping_status":"closed","template":"","meta":{"_acf_changed":false,"_yoast_wpseo_title":"","_yoast_wpseo_metadesc":"Recibe atenci\u00f3n experta de pediatras que entienden el papel de las mam\u00e1s. Nuestros proveedores te ayudan a mantener a tu familia sana y preparada para la escuela.","_monsterinsights_skip_tracking":false,"_monsterinsights_sitenote_active":false,"_monsterinsights_sitenote_note":"","_monsterinsights_sitenote_category":0,"_metasync_otto_title":"","_metasync_otto_description":"","_metasync_otto_keywords":"","_metasync_otto_og_title":"","_metasync_otto_og_description":"","_metasync_otto_twitter_title":"","_metasync_otto_twitter_description":"","rank_math_title":"","rank_math_description":"","_aioseo_title":"","_aioseo_description":"","_metasync_seo_title":"","_metasync_seo_desc":"","_metasync_breadcrumb_title":"","_metasync_primary_category":0,"_metasync_primary_product_cat":0,"_metasync_otto_disabled":"","_metasync_hreflang":"","footnotes":""},"class_list":["post-6129","page","type-page","status-publish","has-post-thumbnail","hentry"],"acf":[],"yoast_head":"<!-- This site is optimized with the Yoast SEO plugin v27.4 - https:\/\/yoast.com\/product\/yoast-seo-wordpress\/ -->\n<title>Listo para la vuelta al cole | Adelante Healthcare<\/title>\n<meta name=\"description\" content=\"Recibe atenci\u00f3n experta de pediatras que entienden el papel de las mam\u00e1s. Nuestros proveedores te ayudan a mantener a tu familia sana y preparada para la escuela.\" \/>\n<meta name=\"robots\" content=\"index, follow, max-snippet:-1, max-image-preview:large, max-video-preview:-1\" \/>\n<link rel=\"canonical\" href=\"https:\/\/adelantehealthcare.com\/es\/listo-para-la-vuelta-al-cole\/\" \/>\n<meta property=\"og:locale\" content=\"es_ES\" \/>\n<meta property=\"og:type\" content=\"article\" \/>\n<meta property=\"og:title\" content=\"Pediatras expertos que son madres como t\u00fa.\" \/>\n<meta property=\"og:description\" content=\"Recibe atenci\u00f3n experta de pediatras que entienden el papel de las mam\u00e1s. Nuestros proveedores te ayudan a mantener a tu familia sana y preparada para la escuela.\" \/>\n<meta property=\"og:url\" content=\"https:\/\/adelantehealthcare.com\/es\/listo-para-la-vuelta-al-cole\/\" \/>\n<meta property=\"og:site_name\" content=\"Adelante Healthcare\" \/>\n<meta property=\"og:image\" content=\"https:\/\/adelantehealthcare.com\/wp-content\/uploads\/2024\/06\/0J5A2090-1024x683.jpg\" \/>\n<meta name=\"twitter:card\" content=\"summary_large_image\" \/>\n<!-- \/ Yoast SEO plugin. -->","yoast_head_json":{"title":"Listo para la vuelta al cole | Adelante Healthcare","description":"Recibe atenci\u00f3n experta de pediatras que entienden el papel de las mam\u00e1s. Nuestros proveedores te ayudan a mantener a tu familia sana y preparada para la escuela.","robots":{"index":"index","follow":"follow","max-snippet":"max-snippet:-1","max-image-preview":"max-image-preview:large","max-video-preview":"max-video-preview:-1"},"canonical":"https:\/\/adelantehealthcare.com\/es\/listo-para-la-vuelta-al-cole\/","og_locale":"es_ES","og_type":"article","og_title":"Pediatras expertos que son madres como t\u00fa.","og_description":"Recibe atenci\u00f3n experta de pediatras que entienden el papel de las mam\u00e1s. Nuestros proveedores te ayudan a mantener a tu familia sana y preparada para la escuela.","og_url":"https:\/\/adelantehealthcare.com\/es\/listo-para-la-vuelta-al-cole\/","og_site_name":"Adelante Healthcare","og_image":[{"url":"https:\/\/adelantehealthcare.com\/wp-content\/uploads\/2024\/06\/0J5A2090-1024x683.jpg","type":"","width":"","height":""}],"twitter_card":"summary_large_image","schema":{"@context":"https:\/\/schema.org","@graph":[{"@type":"WebPage","@id":"https:\/\/adelantehealthcare.com\/es\/listo-para-la-vuelta-al-cole\/","url":"https:\/\/adelantehealthcare.com\/es\/listo-para-la-vuelta-al-cole\/","name":"Listo para la vuelta al cole | Adelante Healthcare","isPartOf":{"@id":"https:\/\/adelantehealthcare.com\/es\/#website"},"primaryImageOfPage":{"@id":"https:\/\/adelantehealthcare.com\/es\/listo-para-la-vuelta-al-cole\/#primaryimage"},"image":{"@id":"https:\/\/adelantehealthcare.com\/es\/listo-para-la-vuelta-al-cole\/#primaryimage"},"thumbnailUrl":"https:\/\/adelantehealthcare.com\/wp-content\/uploads\/2024\/06\/0J5A2090.jpg","datePublished":"2024-06-10T18:16:16+00:00","dateModified":"2025-09-08T19:31:58+00:00","description":"Recibe atenci\u00f3n experta de pediatras que entienden el papel de las mam\u00e1s. Nuestros proveedores te ayudan a mantener a tu familia sana y preparada para la escuela.","breadcrumb":{"@id":"https:\/\/adelantehealthcare.com\/es\/listo-para-la-vuelta-al-cole\/#breadcrumb"},"inLanguage":"es","potentialAction":[{"@type":"ReadAction","target":["https:\/\/adelantehealthcare.com\/es\/listo-para-la-vuelta-al-cole\/"]}]},{"@type":"ImageObject","inLanguage":"es","@id":"https:\/\/adelantehealthcare.com\/es\/listo-para-la-vuelta-al-cole\/#primaryimage","url":"https:\/\/adelantehealthcare.com\/wp-content\/uploads\/2024\/06\/0J5A2090.jpg","contentUrl":"https:\/\/adelantehealthcare.com\/wp-content\/uploads\/2024\/06\/0J5A2090.jpg","width":8192,"height":5464,"caption":"Female Adelante Healthcare provider listening to heartbeat of young female patient"},{"@type":"BreadcrumbList","@id":"https:\/\/adelantehealthcare.com\/es\/listo-para-la-vuelta-al-cole\/#breadcrumb","itemListElement":[{"@type":"ListItem","position":1,"name":"Home","item":"https:\/\/adelantehealthcare.com\/es\/"},{"@type":"ListItem","position":2,"name":"Listo para la vuelta al cole"}]},{"@type":"WebSite","@id":"https:\/\/adelantehealthcare.com\/es\/#website","url":"https:\/\/adelantehealthcare.com\/es\/","name":"Adelante Healthcare","description":"Compassionate care, for your whole family","publisher":{"@id":"https:\/\/adelantehealthcare.com\/es\/#organization"},"alternateName":"Adelante Healthcare","potentialAction":[{"@type":"SearchAction","target":{"@type":"EntryPoint","urlTemplate":"https:\/\/adelantehealthcare.com\/es\/?s={search_term_string}"},"query-input":{"@type":"PropertyValueSpecification","valueRequired":true,"valueName":"search_term_string"}}],"inLanguage":"es"},{"@type":"Organization","@id":"https:\/\/adelantehealthcare.com\/es\/#organization","name":"Adelante Healthcare","url":"https:\/\/adelantehealthcare.com\/es\/","logo":{"@type":"ImageObject","inLanguage":"es","@id":"https:\/\/adelantehealthcare.com\/es\/#\/schema\/logo\/image\/","url":"https:\/\/adelantehealthcare.com\/wp-content\/uploads\/2024\/02\/adelante-healthcare.jpg","contentUrl":"https:\/\/adelantehealthcare.com\/wp-content\/uploads\/2024\/02\/adelante-healthcare.jpg","width":500,"height":500,"caption":"Adelante Healthcare"},"image":{"@id":"https:\/\/adelantehealthcare.com\/es\/#\/schema\/logo\/image\/"}}]}},"_links":{"self":[{"href":"https:\/\/adelantehealthcare.com\/es\/wp-json\/wp\/v2\/pages\/6129","targetHints":{"allow":["GET"]}}],"collection":[{"href":"https:\/\/adelantehealthcare.com\/es\/wp-json\/wp\/v2\/pages"}],"about":[{"href":"https:\/\/adelantehealthcare.com\/es\/wp-json\/wp\/v2\/types\/page"}],"author":[{"embeddable":true,"href":"https:\/\/adelantehealthcare.com\/es\/wp-json\/wp\/v2\/users\/4"}],"replies":[{"embeddable":true,"href":"https:\/\/adelantehealthcare.com\/es\/wp-json\/wp\/v2\/comments?post=6129"}],"version-history":[{"count":0,"href":"https:\/\/adelantehealthcare.com\/es\/wp-json\/wp\/v2\/pages\/6129\/revisions"}],"wp:featuredmedia":[{"embeddable":true,"href":"https:\/\/adelantehealthcare.com\/es\/wp-json\/wp\/v2\/media\/6093"}],"wp:attachment":[{"href":"https:\/\/adelantehealthcare.com\/es\/wp-json\/wp\/v2\/media?parent=6129"}],"curies":[{"name":"wp","href":"https:\/\/api.w.org\/{rel}","templated":true}]}}