{"id":6021,"date":"2024-05-24T13:07:40","date_gmt":"2024-05-24T20:07:40","guid":{"rendered":"https:\/\/adelantehealthcare.com\/unete-a-nosotros-en-la-construccion-de-una-cultura-del-cuidado\/"},"modified":"2025-09-08T12:32:19","modified_gmt":"2025-09-08T19:32:19","slug":"unete-a-nosotros-en-la-construccion-de-una-cultura-del-cuidado","status":"publish","type":"page","link":"https:\/\/adelantehealthcare.com\/es\/unete-a-nosotros-en-la-construccion-de-una-cultura-del-cuidado\/","title":{"rendered":"\u00danete a nosotros en la construcci\u00f3n de una Cultura del Cuidado."},"content":{"rendered":"","protected":false},"excerpt":{"rendered":"<p>Te animamos a que conozcas mejor nuestra creciente organizaci\u00f3n mientras consideras tu pr\u00f3ximo paso hacia el empleo como profesional sanitario.<\/p>\n","protected":false},"author":4,"featured_media":5573,"parent":0,"menu_order":0,"comment_status":"closed","ping_status":"closed","template":"","meta":{"_acf_changed":false,"_yoast_wpseo_title":"","_yoast_wpseo_metadesc":"Te animamos a que conozcas mejor nuestra creciente organizaci\u00f3n mientras consideras tu pr\u00f3ximo paso hacia el empleo como profesional sanitario.","_monsterinsights_skip_tracking":false,"_monsterinsights_sitenote_active":false,"_monsterinsights_sitenote_note":"","_monsterinsights_sitenote_category":0,"_metasync_otto_title":"","_metasync_otto_description":"","_metasync_otto_keywords":"","_metasync_otto_og_title":"","_metasync_otto_og_description":"","_metasync_otto_twitter_title":"","_metasync_otto_twitter_description":"","rank_math_title":"","rank_math_description":"","_aioseo_title":"","_aioseo_description":"","_metasync_seo_title":"","_metasync_seo_desc":"","_metasync_otto_disabled":"","footnotes":""},"class_list":["post-6021","page","type-page","status-publish","has-post-thumbnail","hentry"],"acf":[],"yoast_head":"<!-- This site is optimized with the Yoast SEO plugin v27.3 - https:\/\/yoast.com\/product\/yoast-seo-wordpress\/ -->\n<title>\u00danete a nosotros en la construcci\u00f3n de una Cultura del Cuidado. | Adelante Healthcare<\/title>\n<meta name=\"description\" content=\"Te animamos a que conozcas mejor nuestra creciente organizaci\u00f3n mientras consideras tu pr\u00f3ximo paso hacia el empleo como profesional sanitario.\" \/>\n<meta name=\"robots\" content=\"index, follow, max-snippet:-1, max-image-preview:large, max-video-preview:-1\" \/>\n<link rel=\"canonical\" href=\"https:\/\/adelantehealthcare.com\/es\/unete-a-nosotros-en-la-construccion-de-una-cultura-del-cuidado\/\" \/>\n<meta property=\"og:locale\" content=\"es_ES\" \/>\n<meta property=\"og:type\" content=\"article\" \/>\n<meta property=\"og:title\" content=\"\u00danete a nosotros en la construcci\u00f3n de una Cultura del Cuidado.\" \/>\n<meta property=\"og:description\" content=\"Obt\u00e9n m\u00e1s informaci\u00f3n sobre nuestra creciente organizaci\u00f3n mientras consideras tu pr\u00f3ximo paso hacia el empleo como profesional sanitario.\" \/>\n<meta property=\"og:url\" content=\"https:\/\/adelantehealthcare.com\/es\/unete-a-nosotros-en-la-construccion-de-una-cultura-del-cuidado\/\" \/>\n<meta property=\"og:site_name\" content=\"Adelante Healthcare\" \/>\n<meta property=\"article:modified_time\" content=\"2025-09-08T19:32:19+00:00\" \/>\n<meta property=\"og:image\" content=\"https:\/\/adelantehealthcare.com\/wp-content\/uploads\/2024\/03\/0J5A2909-1024x683.jpg\" \/>\n<meta name=\"twitter:card\" content=\"summary_large_image\" \/>\n<!-- \/ Yoast SEO plugin. -->","yoast_head_json":{"title":"\u00danete a nosotros en la construcci\u00f3n de una Cultura del Cuidado. | Adelante Healthcare","description":"Te animamos a que conozcas mejor nuestra creciente organizaci\u00f3n mientras consideras tu pr\u00f3ximo paso hacia el empleo como profesional sanitario.","robots":{"index":"index","follow":"follow","max-snippet":"max-snippet:-1","max-image-preview":"max-image-preview:large","max-video-preview":"max-video-preview:-1"},"canonical":"https:\/\/adelantehealthcare.com\/es\/unete-a-nosotros-en-la-construccion-de-una-cultura-del-cuidado\/","og_locale":"es_ES","og_type":"article","og_title":"\u00danete a nosotros en la construcci\u00f3n de una Cultura del Cuidado.","og_description":"Obt\u00e9n m\u00e1s informaci\u00f3n sobre nuestra creciente organizaci\u00f3n mientras consideras tu pr\u00f3ximo paso hacia el empleo como profesional sanitario.","og_url":"https:\/\/adelantehealthcare.com\/es\/unete-a-nosotros-en-la-construccion-de-una-cultura-del-cuidado\/","og_site_name":"Adelante Healthcare","article_modified_time":"2025-09-08T19:32:19+00:00","og_image":[{"url":"https:\/\/adelantehealthcare.com\/wp-content\/uploads\/2024\/03\/0J5A2909-1024x683.jpg","type":"","width":"","height":""}],"twitter_card":"summary_large_image","schema":{"@context":"https:\/\/schema.org","@graph":[{"@type":"WebPage","@id":"https:\/\/adelantehealthcare.com\/es\/unete-a-nosotros-en-la-construccion-de-una-cultura-del-cuidado\/","url":"https:\/\/adelantehealthcare.com\/es\/unete-a-nosotros-en-la-construccion-de-una-cultura-del-cuidado\/","name":"\u00danete a nosotros en la construcci\u00f3n de una Cultura del Cuidado. | Adelante Healthcare","isPartOf":{"@id":"https:\/\/adelantehealthcare.com\/es\/#website"},"primaryImageOfPage":{"@id":"https:\/\/adelantehealthcare.com\/es\/unete-a-nosotros-en-la-construccion-de-una-cultura-del-cuidado\/#primaryimage"},"image":{"@id":"https:\/\/adelantehealthcare.com\/es\/unete-a-nosotros-en-la-construccion-de-una-cultura-del-cuidado\/#primaryimage"},"thumbnailUrl":"https:\/\/adelantehealthcare.com\/wp-content\/uploads\/2024\/03\/0J5A2909.jpg","datePublished":"2024-05-24T20:07:40+00:00","dateModified":"2025-09-08T19:32:19+00:00","description":"Te animamos a que conozcas mejor nuestra creciente organizaci\u00f3n mientras consideras tu pr\u00f3ximo paso hacia el empleo como profesional sanitario.","breadcrumb":{"@id":"https:\/\/adelantehealthcare.com\/es\/unete-a-nosotros-en-la-construccion-de-una-cultura-del-cuidado\/#breadcrumb"},"inLanguage":"es","potentialAction":[{"@type":"ReadAction","target":["https:\/\/adelantehealthcare.com\/es\/unete-a-nosotros-en-la-construccion-de-una-cultura-del-cuidado\/"]}]},{"@type":"ImageObject","inLanguage":"es","@id":"https:\/\/adelantehealthcare.com\/es\/unete-a-nosotros-en-la-construccion-de-una-cultura-del-cuidado\/#primaryimage","url":"https:\/\/adelantehealthcare.com\/wp-content\/uploads\/2024\/03\/0J5A2909.jpg","contentUrl":"https:\/\/adelantehealthcare.com\/wp-content\/uploads\/2024\/03\/0J5A2909.jpg","width":8192,"height":5464},{"@type":"BreadcrumbList","@id":"https:\/\/adelantehealthcare.com\/es\/unete-a-nosotros-en-la-construccion-de-una-cultura-del-cuidado\/#breadcrumb","itemListElement":[{"@type":"ListItem","position":1,"name":"Home","item":"https:\/\/adelantehealthcare.com\/es\/"},{"@type":"ListItem","position":2,"name":"\u00danete a nosotros en la construcci\u00f3n de una Cultura del Cuidado."}]},{"@type":"WebSite","@id":"https:\/\/adelantehealthcare.com\/es\/#website","url":"https:\/\/adelantehealthcare.com\/es\/","name":"Adelante Healthcare","description":"Compassionate care, for your whole family","publisher":{"@id":"https:\/\/adelantehealthcare.com\/es\/#organization"},"alternateName":"Adelante Healthcare","potentialAction":[{"@type":"SearchAction","target":{"@type":"EntryPoint","urlTemplate":"https:\/\/adelantehealthcare.com\/es\/?s={search_term_string}"},"query-input":{"@type":"PropertyValueSpecification","valueRequired":true,"valueName":"search_term_string"}}],"inLanguage":"es"},{"@type":"Organization","@id":"https:\/\/adelantehealthcare.com\/es\/#organization","name":"Adelante Healthcare","url":"https:\/\/adelantehealthcare.com\/es\/","logo":{"@type":"ImageObject","inLanguage":"es","@id":"https:\/\/adelantehealthcare.com\/es\/#\/schema\/logo\/image\/","url":"https:\/\/adelantehealthcare.com\/wp-content\/uploads\/2024\/02\/adelante-healthcare.jpg","contentUrl":"https:\/\/adelantehealthcare.com\/wp-content\/uploads\/2024\/02\/adelante-healthcare.jpg","width":500,"height":500,"caption":"Adelante Healthcare"},"image":{"@id":"https:\/\/adelantehealthcare.com\/es\/#\/schema\/logo\/image\/"}}]}},"_links":{"self":[{"href":"https:\/\/adelantehealthcare.com\/es\/wp-json\/wp\/v2\/pages\/6021","targetHints":{"allow":["GET"]}}],"collection":[{"href":"https:\/\/adelantehealthcare.com\/es\/wp-json\/wp\/v2\/pages"}],"about":[{"href":"https:\/\/adelantehealthcare.com\/es\/wp-json\/wp\/v2\/types\/page"}],"author":[{"embeddable":true,"href":"https:\/\/adelantehealthcare.com\/es\/wp-json\/wp\/v2\/users\/4"}],"replies":[{"embeddable":true,"href":"https:\/\/adelantehealthcare.com\/es\/wp-json\/wp\/v2\/comments?post=6021"}],"version-history":[{"count":0,"href":"https:\/\/adelantehealthcare.com\/es\/wp-json\/wp\/v2\/pages\/6021\/revisions"}],"wp:featuredmedia":[{"embeddable":true,"href":"https:\/\/adelantehealthcare.com\/es\/wp-json\/wp\/v2\/media\/5573"}],"wp:attachment":[{"href":"https:\/\/adelantehealthcare.com\/es\/wp-json\/wp\/v2\/media?parent=6021"}],"curies":[{"name":"wp","href":"https:\/\/api.w.org\/{rel}","templated":true}]}}