{"id":5290,"date":"2024-02-09T22:08:02","date_gmt":"2024-02-10T05:08:02","guid":{"rendered":"https:\/\/adelantehealthcare.com\/asma-infantil\/"},"modified":"2025-09-08T12:47:53","modified_gmt":"2025-09-08T19:47:53","slug":"asma-infantil","status":"publish","type":"page","link":"https:\/\/adelantehealthcare.com\/es\/asma-infantil\/","title":{"rendered":"Asma infantil"},"content":{"rendered":"","protected":false},"excerpt":{"rendered":"<p>Inf\u00f3rmese sobre el asma infantil, sus causas, s\u00edntomas y tratamientos. Descubra c\u00f3mo controlar eficazmente el asma.<\/p>\n","protected":false},"author":4,"featured_media":5286,"parent":0,"menu_order":0,"comment_status":"closed","ping_status":"closed","template":"","meta":{"_acf_changed":false,"_monsterinsights_skip_tracking":false,"_monsterinsights_sitenote_active":false,"_monsterinsights_sitenote_note":"","_monsterinsights_sitenote_category":0,"footnotes":""},"class_list":["post-5290","page","type-page","status-publish","has-post-thumbnail","hentry"],"acf":[],"yoast_head":"<!-- This site is optimized with the Yoast SEO plugin v27.3 - https:\/\/yoast.com\/product\/yoast-seo-wordpress\/ -->\n<title>Asma infantil | Adelante Healthcare<\/title>\n<meta name=\"description\" content=\"Inf\u00f3rmese sobre el asma infantil, sus causas, s\u00edntomas y tratamientos. Descubra c\u00f3mo controlar eficazmente el asma.\" \/>\n<meta name=\"robots\" content=\"index, follow, max-snippet:-1, max-image-preview:large, max-video-preview:-1\" \/>\n<link rel=\"canonical\" href=\"https:\/\/adelantehealthcare.com\/es\/asma-infantil\/\" \/>\n<meta property=\"og:locale\" content=\"es_ES\" \/>\n<meta property=\"og:type\" content=\"article\" \/>\n<meta property=\"og:title\" content=\"Alergias infantiles\" \/>\n<meta property=\"og:description\" content=\"Explore las alergias infantiles, sus causas, s\u00edntomas comunes y reacciones graves. Conozca los m\u00e9todos de diagn\u00f3stico mediante pruebas y ex\u00e1menes.\" \/>\n<meta property=\"og:url\" content=\"https:\/\/adelantehealthcare.com\/es\/asma-infantil\/\" \/>\n<meta property=\"og:site_name\" content=\"Adelante Healthcare\" \/>\n<meta property=\"article:modified_time\" content=\"2025-09-08T19:47:53+00:00\" \/>\n<meta property=\"og:image\" content=\"https:\/\/adelantehealthcare.com\/wp-content\/uploads\/2024\/02\/iStock-1441229455.jpg\" \/>\n<meta name=\"twitter:card\" content=\"summary_large_image\" \/>\n<!-- \/ Yoast SEO plugin. -->","yoast_head_json":{"title":"Asma infantil | Adelante Healthcare","description":"Inf\u00f3rmese sobre el asma infantil, sus causas, s\u00edntomas y tratamientos. Descubra c\u00f3mo controlar eficazmente el asma.","robots":{"index":"index","follow":"follow","max-snippet":"max-snippet:-1","max-image-preview":"max-image-preview:large","max-video-preview":"max-video-preview:-1"},"canonical":"https:\/\/adelantehealthcare.com\/es\/asma-infantil\/","og_locale":"es_ES","og_type":"article","og_title":"Alergias infantiles","og_description":"Explore las alergias infantiles, sus causas, s\u00edntomas comunes y reacciones graves. Conozca los m\u00e9todos de diagn\u00f3stico mediante pruebas y ex\u00e1menes.","og_url":"https:\/\/adelantehealthcare.com\/es\/asma-infantil\/","og_site_name":"Adelante Healthcare","article_modified_time":"2025-09-08T19:47:53+00:00","og_image":[{"url":"https:\/\/adelantehealthcare.com\/wp-content\/uploads\/2024\/02\/iStock-1441229455.jpg","type":"","width":"","height":""}],"twitter_card":"summary_large_image","schema":{"@context":"https:\/\/schema.org","@graph":[{"@type":"WebPage","@id":"https:\/\/adelantehealthcare.com\/es\/asma-infantil\/","url":"https:\/\/adelantehealthcare.com\/es\/asma-infantil\/","name":"Asma infantil | Adelante Healthcare","isPartOf":{"@id":"https:\/\/adelantehealthcare.com\/es\/#website"},"primaryImageOfPage":{"@id":"https:\/\/adelantehealthcare.com\/es\/asma-infantil\/#primaryimage"},"image":{"@id":"https:\/\/adelantehealthcare.com\/es\/asma-infantil\/#primaryimage"},"thumbnailUrl":"https:\/\/adelantehealthcare.com\/wp-content\/uploads\/2024\/02\/iStock-106576229-scaled.jpg","datePublished":"2024-02-10T05:08:02+00:00","dateModified":"2025-09-08T19:47:53+00:00","description":"Inf\u00f3rmese sobre el asma infantil, sus causas, s\u00edntomas y tratamientos. Descubra c\u00f3mo controlar eficazmente el asma.","breadcrumb":{"@id":"https:\/\/adelantehealthcare.com\/es\/asma-infantil\/#breadcrumb"},"inLanguage":"es","potentialAction":[{"@type":"ReadAction","target":["https:\/\/adelantehealthcare.com\/es\/asma-infantil\/"]}]},{"@type":"ImageObject","inLanguage":"es","@id":"https:\/\/adelantehealthcare.com\/es\/asma-infantil\/#primaryimage","url":"https:\/\/adelantehealthcare.com\/wp-content\/uploads\/2024\/02\/iStock-106576229-scaled.jpg","contentUrl":"https:\/\/adelantehealthcare.com\/wp-content\/uploads\/2024\/02\/iStock-106576229-scaled.jpg","width":2560,"height":1728},{"@type":"BreadcrumbList","@id":"https:\/\/adelantehealthcare.com\/es\/asma-infantil\/#breadcrumb","itemListElement":[{"@type":"ListItem","position":1,"name":"Home","item":"https:\/\/adelantehealthcare.com\/es\/"},{"@type":"ListItem","position":2,"name":"Asma infantil"}]},{"@type":"WebSite","@id":"https:\/\/adelantehealthcare.com\/es\/#website","url":"https:\/\/adelantehealthcare.com\/es\/","name":"Adelante Healthcare","description":"Compassionate care, for your whole family","publisher":{"@id":"https:\/\/adelantehealthcare.com\/es\/#organization"},"alternateName":"Adelante Healthcare","potentialAction":[{"@type":"SearchAction","target":{"@type":"EntryPoint","urlTemplate":"https:\/\/adelantehealthcare.com\/es\/?s={search_term_string}"},"query-input":{"@type":"PropertyValueSpecification","valueRequired":true,"valueName":"search_term_string"}}],"inLanguage":"es"},{"@type":"Organization","@id":"https:\/\/adelantehealthcare.com\/es\/#organization","name":"Adelante Healthcare","url":"https:\/\/adelantehealthcare.com\/es\/","logo":{"@type":"ImageObject","inLanguage":"es","@id":"https:\/\/adelantehealthcare.com\/es\/#\/schema\/logo\/image\/","url":"https:\/\/adelantehealthcare.com\/wp-content\/uploads\/2024\/02\/adelante-healthcare.jpg","contentUrl":"https:\/\/adelantehealthcare.com\/wp-content\/uploads\/2024\/02\/adelante-healthcare.jpg","width":500,"height":500,"caption":"Adelante Healthcare"},"image":{"@id":"https:\/\/adelantehealthcare.com\/es\/#\/schema\/logo\/image\/"}}]}},"_links":{"self":[{"href":"https:\/\/adelantehealthcare.com\/es\/wp-json\/wp\/v2\/pages\/5290","targetHints":{"allow":["GET"]}}],"collection":[{"href":"https:\/\/adelantehealthcare.com\/es\/wp-json\/wp\/v2\/pages"}],"about":[{"href":"https:\/\/adelantehealthcare.com\/es\/wp-json\/wp\/v2\/types\/page"}],"author":[{"embeddable":true,"href":"https:\/\/adelantehealthcare.com\/es\/wp-json\/wp\/v2\/users\/4"}],"replies":[{"embeddable":true,"href":"https:\/\/adelantehealthcare.com\/es\/wp-json\/wp\/v2\/comments?post=5290"}],"version-history":[{"count":0,"href":"https:\/\/adelantehealthcare.com\/es\/wp-json\/wp\/v2\/pages\/5290\/revisions"}],"wp:featuredmedia":[{"embeddable":true,"href":"https:\/\/adelantehealthcare.com\/es\/wp-json\/wp\/v2\/media\/5286"}],"wp:attachment":[{"href":"https:\/\/adelantehealthcare.com\/es\/wp-json\/wp\/v2\/media?parent=5290"}],"curies":[{"name":"wp","href":"https:\/\/api.w.org\/{rel}","templated":true}]}}