{"id":3412,"date":"2022-11-01T16:19:26","date_gmt":"2022-11-01T23:19:26","guid":{"rendered":"http:\/\/localhost:10004\/annual-report\/"},"modified":"2024-08-21T14:36:02","modified_gmt":"2024-08-21T21:36:02","slug":"annual-report","status":"publish","type":"page","link":"https:\/\/adelantehealthcare.com\/es\/annual-report\/","title":{"rendered":"Informe anual 2022 de Adelante Healthcare"},"content":{"rendered":"<div class=\"wp-block-image is-style-default\">\n<figure class=\"aligncenter size-full is-resized\"><img loading=\"lazy\" decoding=\"async\" width=\"640\" height=\"360\" src=\"https:\/\/adelantehealthcare.com\/wp-content\/uploads\/2023\/11\/Adelante-Healthcare-2022-Annual-Report-1.gif\" alt=\"\" class=\"wp-image-4691\" style=\"aspect-ratio:1.7777777777777777;width:848px;height:auto\"\/><\/figure>\n<\/div>\n<div style=\"height:44px\" aria-hidden=\"true\" class=\"wp-block-spacer\"><\/div>\n\n<div class=\"wp-block-buttons is-content-justification-center is-layout-flex wp-container-core-buttons-is-layout-16018d1d wp-block-buttons-is-layout-flex\">\n<div class=\"wp-block-button\"><a class=\"wp-block-button__link has-text-align-center wp-element-button\" href=\"https:\/\/www.flipsnack.com\/7C8F78DD75E\/adelante-healthcare-2022-annual-report\/full-view.html\" target=\"_blank\" rel=\"noreferrer noopener\">Vea aqu\u00ed el informe anual completo<\/a><\/div>\n<\/div>\n\n<p>Conozca los esfuerzos de Adelante Healthcare en 2022 para apoyar a nuestra comunidad y proporcionar <strong>asistencia sanitaria sin barreras<\/strong>.<\/p>\n\n<p>La creaci\u00f3n de una cultura fuerte se basa en una base a\u00fan m\u00e1s fuerte. Adelante ha construido esos cimientos sobre su historia de cuatro d\u00e9cadas de servicio a la comunidad, proporcionando acceso en zonas donde de otro modo no existir\u00eda.  <\/p>\n\n<p>Si bien hemos crecido y nos hemos expandido desde nuestros humildes comienzos, nuestro compromiso con el servicio y el acceso a la atenci\u00f3n aumenta diariamente. Nos comprometemos a seguir construyendo y ampliando diariamente nuestra Cultura Asistencial a trav\u00e9s de nuestro trabajo con los pacientes, las iniciativas en la comunidad y los esfuerzos por crear un gran lugar de trabajo para nuestros empleados.<\/p>\n\n<p>Le animamos a que se una a nosotros para explorar nuestros resultados y nuestros avances hacia este objetivo en 2022.  <\/p>\n\n<hr class=\"wp-block-separator has-alpha-channel-opacity\"\/>\n\n<!--nextpage-->\n","protected":false},"excerpt":{"rendered":"<p>Conozca los esfuerzos de Adelante Healthcare en 2022 para apoyar a nuestra comunidad y proporcionar asistencia sanitaria sin barreras. La creaci\u00f3n de una cultura fuerte se basa en una base a\u00fan m\u00e1s fuerte. Adelante ha construido esos cimientos sobre su historia de cuatro d\u00e9cadas de servicio a la comunidad, proporcionando acceso en zonas donde de [&hellip;]<\/p>\n","protected":false},"author":3,"featured_media":4692,"parent":0,"menu_order":0,"comment_status":"closed","ping_status":"closed","template":"","meta":{"_acf_changed":false,"_yoast_wpseo_title":"","_yoast_wpseo_metadesc":"","_monsterinsights_skip_tracking":false,"_monsterinsights_sitenote_active":false,"_monsterinsights_sitenote_note":"","_monsterinsights_sitenote_category":0,"_metasync_otto_title":"","_metasync_otto_description":"","_metasync_otto_keywords":"","_metasync_otto_og_title":"","_metasync_otto_og_description":"","_metasync_otto_twitter_title":"","_metasync_otto_twitter_description":"","rank_math_title":"","rank_math_description":"","_aioseo_title":"","_aioseo_description":"","_metasync_seo_title":"","_metasync_seo_desc":"","_metasync_otto_disabled":"","footnotes":""},"class_list":["post-3412","page","type-page","status-publish","has-post-thumbnail","hentry"],"acf":[],"yoast_head":"<!-- This site is optimized with the Yoast SEO plugin v27.3 - https:\/\/yoast.com\/product\/yoast-seo-wordpress\/ -->\n<title>Informe anual 2022 de Adelante Healthcare | Adelante Healthcare<\/title>\n<meta name=\"robots\" content=\"index, follow, max-snippet:-1, max-image-preview:large, max-video-preview:-1\" \/>\n<link rel=\"canonical\" href=\"https:\/\/adelantehealthcare.com\/es\/annual-report\/\" \/>\n<link rel=\"next\" href=\"https:\/\/adelantehealthcare.com\/es\/annual-report\/2\/\" \/>\n<meta property=\"og:locale\" content=\"es_ES\" \/>\n<meta property=\"og:type\" content=\"article\" \/>\n<meta property=\"og:title\" content=\"Informe anual 2022 de Adelante Healthcare | Adelante Healthcare\" \/>\n<meta property=\"og:description\" content=\"Conozca los esfuerzos de Adelante Healthcare en 2022 para apoyar a nuestra comunidad y proporcionar asistencia sanitaria sin barreras. La creaci\u00f3n de una cultura fuerte se basa en una base a\u00fan m\u00e1s fuerte. Adelante ha construido esos cimientos sobre su historia de cuatro d\u00e9cadas de servicio a la comunidad, proporcionando acceso en zonas donde de [&hellip;]\" \/>\n<meta property=\"og:url\" content=\"https:\/\/adelantehealthcare.com\/es\/annual-report\/\" \/>\n<meta property=\"og:site_name\" content=\"Adelante Healthcare\" \/>\n<meta property=\"article:modified_time\" content=\"2024-08-21T21:36:02+00:00\" \/>\n<meta property=\"og:image\" content=\"https:\/\/adelantehealthcare.com\/wp-content\/uploads\/2023\/11\/Adelante-Healthcare-2022-Annual-Report-1.gif\" \/>\n\t<meta property=\"og:image:width\" content=\"640\" \/>\n\t<meta property=\"og:image:height\" content=\"360\" \/>\n\t<meta property=\"og:image:type\" content=\"image\/gif\" \/>\n<meta name=\"twitter:card\" content=\"summary_large_image\" \/>\n<!-- \/ Yoast SEO plugin. -->","yoast_head_json":{"title":"Informe anual 2022 de Adelante Healthcare | Adelante Healthcare","robots":{"index":"index","follow":"follow","max-snippet":"max-snippet:-1","max-image-preview":"max-image-preview:large","max-video-preview":"max-video-preview:-1"},"canonical":"https:\/\/adelantehealthcare.com\/es\/annual-report\/","next":"https:\/\/adelantehealthcare.com\/es\/annual-report\/2\/","og_locale":"es_ES","og_type":"article","og_title":"Informe anual 2022 de Adelante Healthcare | Adelante Healthcare","og_description":"Conozca los esfuerzos de Adelante Healthcare en 2022 para apoyar a nuestra comunidad y proporcionar asistencia sanitaria sin barreras. La creaci\u00f3n de una cultura fuerte se basa en una base a\u00fan m\u00e1s fuerte. Adelante ha construido esos cimientos sobre su historia de cuatro d\u00e9cadas de servicio a la comunidad, proporcionando acceso en zonas donde de [&hellip;]","og_url":"https:\/\/adelantehealthcare.com\/es\/annual-report\/","og_site_name":"Adelante Healthcare","article_modified_time":"2024-08-21T21:36:02+00:00","og_image":[{"width":640,"height":360,"url":"https:\/\/adelantehealthcare.com\/wp-content\/uploads\/2023\/11\/Adelante-Healthcare-2022-Annual-Report-1.gif","type":"image\/gif"}],"twitter_card":"summary_large_image","schema":{"@context":"https:\/\/schema.org","@graph":[{"@type":"WebPage","@id":"https:\/\/adelantehealthcare.com\/es\/annual-report\/","url":"https:\/\/adelantehealthcare.com\/es\/annual-report\/","name":"Informe anual 2022 de Adelante Healthcare | Adelante Healthcare","isPartOf":{"@id":"https:\/\/adelantehealthcare.com\/es\/#website"},"primaryImageOfPage":{"@id":"https:\/\/adelantehealthcare.com\/es\/annual-report\/#primaryimage"},"image":{"@id":"https:\/\/adelantehealthcare.com\/es\/annual-report\/#primaryimage"},"thumbnailUrl":"https:\/\/adelantehealthcare.com\/wp-content\/uploads\/2023\/11\/Adelante-Healthcare-2022-Annual-Report-1.gif","datePublished":"2022-11-01T23:19:26+00:00","dateModified":"2024-08-21T21:36:02+00:00","inLanguage":"es","potentialAction":[{"@type":"ReadAction","target":["https:\/\/adelantehealthcare.com\/es\/annual-report\/"]}]},{"@type":"ImageObject","inLanguage":"es","@id":"https:\/\/adelantehealthcare.com\/es\/annual-report\/#primaryimage","url":"https:\/\/adelantehealthcare.com\/wp-content\/uploads\/2023\/11\/Adelante-Healthcare-2022-Annual-Report-1.gif","contentUrl":"https:\/\/adelantehealthcare.com\/wp-content\/uploads\/2023\/11\/Adelante-Healthcare-2022-Annual-Report-1.gif","width":640,"height":360},{"@type":"WebSite","@id":"https:\/\/adelantehealthcare.com\/es\/#website","url":"https:\/\/adelantehealthcare.com\/es\/","name":"Adelante Healthcare","description":"Compassionate care, for your whole family","publisher":{"@id":"https:\/\/adelantehealthcare.com\/es\/#organization"},"alternateName":"Adelante Healthcare","potentialAction":[{"@type":"SearchAction","target":{"@type":"EntryPoint","urlTemplate":"https:\/\/adelantehealthcare.com\/es\/?s={search_term_string}"},"query-input":{"@type":"PropertyValueSpecification","valueRequired":true,"valueName":"search_term_string"}}],"inLanguage":"es"},{"@type":"Organization","@id":"https:\/\/adelantehealthcare.com\/es\/#organization","name":"Adelante Healthcare","url":"https:\/\/adelantehealthcare.com\/es\/","logo":{"@type":"ImageObject","inLanguage":"es","@id":"https:\/\/adelantehealthcare.com\/es\/#\/schema\/logo\/image\/","url":"https:\/\/adelantehealthcare.com\/wp-content\/uploads\/2024\/02\/adelante-healthcare.jpg","contentUrl":"https:\/\/adelantehealthcare.com\/wp-content\/uploads\/2024\/02\/adelante-healthcare.jpg","width":500,"height":500,"caption":"Adelante Healthcare"},"image":{"@id":"https:\/\/adelantehealthcare.com\/es\/#\/schema\/logo\/image\/"}}]}},"_links":{"self":[{"href":"https:\/\/adelantehealthcare.com\/es\/wp-json\/wp\/v2\/pages\/3412","targetHints":{"allow":["GET"]}}],"collection":[{"href":"https:\/\/adelantehealthcare.com\/es\/wp-json\/wp\/v2\/pages"}],"about":[{"href":"https:\/\/adelantehealthcare.com\/es\/wp-json\/wp\/v2\/types\/page"}],"author":[{"embeddable":true,"href":"https:\/\/adelantehealthcare.com\/es\/wp-json\/wp\/v2\/users\/3"}],"replies":[{"embeddable":true,"href":"https:\/\/adelantehealthcare.com\/es\/wp-json\/wp\/v2\/comments?post=3412"}],"version-history":[{"count":0,"href":"https:\/\/adelantehealthcare.com\/es\/wp-json\/wp\/v2\/pages\/3412\/revisions"}],"wp:featuredmedia":[{"embeddable":true,"href":"https:\/\/adelantehealthcare.com\/es\/wp-json\/wp\/v2\/media\/4692"}],"wp:attachment":[{"href":"https:\/\/adelantehealthcare.com\/es\/wp-json\/wp\/v2\/media?parent=3412"}],"curies":[{"name":"wp","href":"https:\/\/api.w.org\/{rel}","templated":true}]}}