{"id":3404,"date":"2022-08-09T23:56:56","date_gmt":"2022-08-10T06:56:56","guid":{"rendered":"http:\/\/localhost:10004\/eat-well-feel-well-sp\/"},"modified":"2024-08-21T14:35:33","modified_gmt":"2024-08-21T21:35:33","slug":"eat-well-feel-well-sp","status":"publish","type":"page","link":"https:\/\/adelantehealthcare.com\/es\/eat-well-feel-well-sp\/","title":{"rendered":"Come Bien, Sentirse Bien"},"content":{"rendered":"\n<p>Comer Bien, Sentirse Bien es un programa gratuito de 7 semanas dise\u00f1ado para personas que intentan mejorar su salud a trav\u00e9s de la nutrici\u00f3n y los cambios de estilo de vida.<\/p>\n\n<p><strong>Qui\u00e9n es elegible? <\/strong> <\/p>\n\n<p>Pacientes de Adelante Healthcare adultos major de 18 a\u00f1os y con un \u00edndice de masa corporal (BMI) superior a 25.<\/p>\n\n<p><strong>\u00bfCu\u00e1ndo son las clases?<\/strong><\/p>\n\n<p>La clase ser\u00e1 virtual a trav\u00e9s de Zoom, una vez a la semana los miercoles 5-6pm.<\/p>\n\n<p><strong>\u00bfQui\u00e9n es el instructor del curso?<\/strong><\/p>\n\n<p>El programa fue creado y es demostrado por 2 nutricionistas dietistas registradas de Adelante Healthcare.<\/p>\n\n<p><strong>\u00bfQu\u00e9 aprender\u00e9?<\/strong><\/p>\n\n<p>La clase cubrir\u00e1 variedad de temas que incluyen: conceptos b\u00e1sicos de nutrici\u00f3n, preparaci\u00f3n de comidas, actividad f\u00edsica, hidrataci\u00f3n, alimentaci\u00f3n consciente, motivaci\u00f3n y establecimiento de metas.<\/p>\n\n<p><strong>\u00bfCu\u00e1ndo puedo participar?<\/strong><\/p>\n\n<p>\u00a1Usted es bienvenido a comenzar el programa a cualquier momento y puede tener la mejor experiencia desde el principio! Puede seleccionar la siguiente opci\u00f3n para estar en contacto al comienzo de un nuevo ciclo.<\/p>\n","protected":false},"excerpt":{"rendered":"<p>Comer Bien, Sentirse Bien es un programa gratuito de 7 semanas dise\u00f1ado para personas que intentan mejorar su salud a trav\u00e9s de la nutrici\u00f3n y los cambios de estilo de vida. Qui\u00e9n es elegible? Pacientes de Adelante Healthcare adultos major de 18 a\u00f1os y con un \u00edndice de masa corporal (BMI) superior a 25. \u00bfCu\u00e1ndo [&hellip;]<\/p>\n","protected":false},"author":3,"featured_media":0,"parent":0,"menu_order":0,"comment_status":"closed","ping_status":"closed","template":"","meta":{"_acf_changed":false,"_monsterinsights_skip_tracking":false,"_monsterinsights_sitenote_active":false,"_monsterinsights_sitenote_note":"","_monsterinsights_sitenote_category":0,"footnotes":""},"class_list":["post-3404","page","type-page","status-publish","hentry"],"acf":[],"yoast_head":"<!-- This site is optimized with the Yoast SEO plugin v27.3 - https:\/\/yoast.com\/product\/yoast-seo-wordpress\/ -->\n<title>Come Bien, Sentirse Bien | Adelante Healthcare<\/title>\n<meta name=\"robots\" content=\"index, follow, max-snippet:-1, max-image-preview:large, max-video-preview:-1\" \/>\n<link rel=\"canonical\" href=\"https:\/\/adelantehealthcare.com\/es\/eat-well-feel-well-sp\/\" \/>\n<meta property=\"og:locale\" content=\"es_ES\" \/>\n<meta property=\"og:type\" content=\"article\" \/>\n<meta property=\"og:title\" content=\"Come Bien, Sentirse Bien | Adelante Healthcare\" \/>\n<meta property=\"og:description\" content=\"Comer Bien, Sentirse Bien es un programa gratuito de 7 semanas dise\u00f1ado para personas que intentan mejorar su salud a trav\u00e9s de la nutrici\u00f3n y los cambios de estilo de vida. Qui\u00e9n es elegible? Pacientes de Adelante Healthcare adultos major de 18 a\u00f1os y con un \u00edndice de masa corporal (BMI) superior a 25. \u00bfCu\u00e1ndo [&hellip;]\" \/>\n<meta property=\"og:url\" content=\"https:\/\/adelantehealthcare.com\/es\/eat-well-feel-well-sp\/\" \/>\n<meta property=\"og:site_name\" content=\"Adelante Healthcare\" \/>\n<meta property=\"article:modified_time\" content=\"2024-08-21T21:35:33+00:00\" \/>\n<meta property=\"og:image\" content=\"https:\/\/adelantehealthcare.com\/wp-content\/uploads\/2024\/02\/adelante-healthcare.jpg\" \/>\n\t<meta property=\"og:image:width\" content=\"500\" \/>\n\t<meta property=\"og:image:height\" content=\"500\" \/>\n\t<meta property=\"og:image:type\" content=\"image\/jpeg\" \/>\n<meta name=\"twitter:card\" content=\"summary_large_image\" \/>\n<!-- \/ Yoast SEO plugin. -->","yoast_head_json":{"title":"Come Bien, Sentirse Bien | Adelante Healthcare","robots":{"index":"index","follow":"follow","max-snippet":"max-snippet:-1","max-image-preview":"max-image-preview:large","max-video-preview":"max-video-preview:-1"},"canonical":"https:\/\/adelantehealthcare.com\/es\/eat-well-feel-well-sp\/","og_locale":"es_ES","og_type":"article","og_title":"Come Bien, Sentirse Bien | Adelante Healthcare","og_description":"Comer Bien, Sentirse Bien es un programa gratuito de 7 semanas dise\u00f1ado para personas que intentan mejorar su salud a trav\u00e9s de la nutrici\u00f3n y los cambios de estilo de vida. Qui\u00e9n es elegible? Pacientes de Adelante Healthcare adultos major de 18 a\u00f1os y con un \u00edndice de masa corporal (BMI) superior a 25. \u00bfCu\u00e1ndo [&hellip;]","og_url":"https:\/\/adelantehealthcare.com\/es\/eat-well-feel-well-sp\/","og_site_name":"Adelante Healthcare","article_modified_time":"2024-08-21T21:35:33+00:00","og_image":[{"width":500,"height":500,"url":"https:\/\/adelantehealthcare.com\/wp-content\/uploads\/2024\/02\/adelante-healthcare.jpg","type":"image\/jpeg"}],"twitter_card":"summary_large_image","schema":{"@context":"https:\/\/schema.org","@graph":[{"@type":"WebPage","@id":"https:\/\/adelantehealthcare.com\/es\/eat-well-feel-well-sp\/","url":"https:\/\/adelantehealthcare.com\/es\/eat-well-feel-well-sp\/","name":"Come Bien, Sentirse Bien | Adelante Healthcare","isPartOf":{"@id":"https:\/\/adelantehealthcare.com\/es\/#website"},"datePublished":"2022-08-10T06:56:56+00:00","dateModified":"2024-08-21T21:35:33+00:00","breadcrumb":{"@id":"https:\/\/adelantehealthcare.com\/es\/eat-well-feel-well-sp\/#breadcrumb"},"inLanguage":"es","potentialAction":[{"@type":"ReadAction","target":["https:\/\/adelantehealthcare.com\/es\/eat-well-feel-well-sp\/"]}]},{"@type":"BreadcrumbList","@id":"https:\/\/adelantehealthcare.com\/es\/eat-well-feel-well-sp\/#breadcrumb","itemListElement":[{"@type":"ListItem","position":1,"name":"Home","item":"https:\/\/adelantehealthcare.com\/es\/"},{"@type":"ListItem","position":2,"name":"Come Bien, Sentirse Bien"}]},{"@type":"WebSite","@id":"https:\/\/adelantehealthcare.com\/es\/#website","url":"https:\/\/adelantehealthcare.com\/es\/","name":"Adelante Healthcare","description":"Compassionate care, for your whole family","publisher":{"@id":"https:\/\/adelantehealthcare.com\/es\/#organization"},"alternateName":"Adelante Healthcare","potentialAction":[{"@type":"SearchAction","target":{"@type":"EntryPoint","urlTemplate":"https:\/\/adelantehealthcare.com\/es\/?s={search_term_string}"},"query-input":{"@type":"PropertyValueSpecification","valueRequired":true,"valueName":"search_term_string"}}],"inLanguage":"es"},{"@type":"Organization","@id":"https:\/\/adelantehealthcare.com\/es\/#organization","name":"Adelante Healthcare","url":"https:\/\/adelantehealthcare.com\/es\/","logo":{"@type":"ImageObject","inLanguage":"es","@id":"https:\/\/adelantehealthcare.com\/es\/#\/schema\/logo\/image\/","url":"https:\/\/adelantehealthcare.com\/wp-content\/uploads\/2024\/02\/adelante-healthcare.jpg","contentUrl":"https:\/\/adelantehealthcare.com\/wp-content\/uploads\/2024\/02\/adelante-healthcare.jpg","width":500,"height":500,"caption":"Adelante Healthcare"},"image":{"@id":"https:\/\/adelantehealthcare.com\/es\/#\/schema\/logo\/image\/"}}]}},"_links":{"self":[{"href":"https:\/\/adelantehealthcare.com\/es\/wp-json\/wp\/v2\/pages\/3404","targetHints":{"allow":["GET"]}}],"collection":[{"href":"https:\/\/adelantehealthcare.com\/es\/wp-json\/wp\/v2\/pages"}],"about":[{"href":"https:\/\/adelantehealthcare.com\/es\/wp-json\/wp\/v2\/types\/page"}],"author":[{"embeddable":true,"href":"https:\/\/adelantehealthcare.com\/es\/wp-json\/wp\/v2\/users\/3"}],"replies":[{"embeddable":true,"href":"https:\/\/adelantehealthcare.com\/es\/wp-json\/wp\/v2\/comments?post=3404"}],"version-history":[{"count":0,"href":"https:\/\/adelantehealthcare.com\/es\/wp-json\/wp\/v2\/pages\/3404\/revisions"}],"wp:attachment":[{"href":"https:\/\/adelantehealthcare.com\/es\/wp-json\/wp\/v2\/media?parent=3404"}],"curies":[{"name":"wp","href":"https:\/\/api.w.org\/{rel}","templated":true}]}}