{"id":3385,"date":"2022-06-07T23:43:20","date_gmt":"2022-06-08T06:43:20","guid":{"rendered":"http:\/\/localhost:10004\/lgbtq-friendly-medical-care\/"},"modified":"2024-08-21T14:35:19","modified_gmt":"2024-08-21T21:35:19","slug":"lgbtq-friendly-medical-care","status":"publish","type":"page","link":"https:\/\/adelantehealthcare.com\/es\/lgbtq-friendly-medical-care\/","title":{"rendered":"Atenci\u00f3n m\u00e9dica amigable para LGBTQ"},"content":{"rendered":"\n<h2 class=\"wp-block-heading\">Eres bienvenido aqu\u00ed<\/h2>\n\n<p class=\"has-medium-font-size\">Nos sentimos honrados de que est\u00e9 considerando Adelante Healthcare para usted y su familia. Como un centro de salud comunitario sin fines de lucro 501 (c) que presta servicios al Valle desde 1979, ofrecemos a los miembros de la comunidad LGBTQ atenci\u00f3n reflexiva y experimentada en la que pueden confiar. Hacemos todo lo posible para crear un espacio seguro y sin prejuicios para que nuestros miembros aborden sus inquietudes de salud, y nuestro personal recibe capacitaci\u00f3n especial cada a\u00f1o para asegurarse de que reciba la mejor atenci\u00f3n m\u00e9dica y servicio al cliente a medida que aceptamos la diversidad de nuestras comunidades.<\/p>\n\n<hr class=\"wp-block-separator has-alpha-channel-opacity\"\/>\n\n<h3 class=\"wp-block-heading\">Acreditado por la Human Rights Campaign Foundation<\/h3>\n\n<p>Estamos orgullosos de ser el primer centro de salud comunitario en Arizona en completar el \u00cdndice de Igualdad de Salud de la Campa\u00f1a de Derechos Humanos (HRC) para la acreditaci\u00f3n completa, y hemos mantenido nuestro estado desde que lo recibimos por primera vez en 2013.<\/p>\n\n<p>Esta acreditaci\u00f3n significa que el HRC ha revisado nuestras pol\u00edticas y procedimientos para garantizar que brindemos atenci\u00f3n m\u00e9dica amigable para LGBTQ, que busquemos y contratemos activamente miembros del personal LGBTQ, y que todos en nuestra organizaci\u00f3n hayan recibido capacitaci\u00f3n para respetar las necesidades de la comunidad LGBTQ.<\/p>\n\n<hr class=\"wp-block-separator has-alpha-channel-opacity\"\/>\n\n<h3 class=\"wp-block-heading\">Consideraciones de salud LGBTQ<\/h3>\n\n<p>Nuestros proveedores est\u00e1n equipados para manejar todo el espectro de problemas de salud primaria, as\u00ed como una variedad de problemas espec\u00edficos para pacientes LGBTQ, por los cuales pueden estar en mayor riesgo. Adem\u00e1s de las visitas integrales de bienestar, nuestros proveedores est\u00e1n capacitados para reconocer y tratar problemas relacionados con la depresi\u00f3n y la ansiedad, la prevenci\u00f3n y detecci\u00f3n del c\u00e1ncer, el control del peso y los problemas de imagen corporal, el abuso de sustancias y la atenci\u00f3n de la salud sexual, incluida la prevenci\u00f3n y el tratamiento de las ETS y el VIH, y la profilaxis previa a la exposici\u00f3n (PrEP).<\/p>\n\n<hr class=\"wp-block-separator has-alpha-channel-opacity\"\/>\n\n<h3 class=\"wp-block-heading\">Salud conductual, emocional y f\u00edsica LGBTQ<\/h3>\n\n<p>Las personas LGBTQ a menudo experimentan prejuicios, estereotipos, acoso o intimidaci\u00f3n. Este tipo de discriminaci\u00f3n puede ser extremadamente estresante, lo que puede ponerlo en riesgo adicional de depresi\u00f3n, ansiedad, abuso de sustancias, sentimientos de soledad e incluso suicidio. Ser abierto no solo sobre su orientaci\u00f3n sexual e identidad de g\u00e9nero, sino tambi\u00e9n sobre cualquier abuso de sustancias o problemas de salud mental le permite a su proveedor brindarle la mejor atenci\u00f3n posible.<\/p>\n\n<p>La investigaci\u00f3n ha demostrado que las personas LGBTQ son m\u00e1s propensas a fumar, las lesbianas tienen un mayor riesgo de obesidad y algunos hombres homosexuales luchan con una mala imagen corporal. Si discute estos temas con sus proveedores de atenci\u00f3n m\u00e9dica, pueden aconsejarle sobre dietas saludables y rutinas de ejercicio, as\u00ed como sobre dejar de fumar, tratamiento para el abuso de sustancias y asesoramiento sobre la autoimagen. <\/p>\n\n<p>Las lesbianas, las mujeres bisexuales y algunas personas transg\u00e9nero tambi\u00e9n deben asegurarse de que se someten a ex\u00e1menes ginecol\u00f3gicos de rutina, incluidas las pruebas de Papanicolaou y las pruebas de detecci\u00f3n de c\u00e1ncer de mama de rutina.<\/p>\n\n<hr class=\"wp-block-separator has-alpha-channel-opacity\"\/>\n\n<h3 class=\"wp-block-heading\">Salud sexual y reproductiva LGBTQ<\/h3>\n\n<p>Hablar con su proveedor de atenci\u00f3n m\u00e9dica sobre temas como su salud sexual puede no ser f\u00e1cil, pero hay muchos beneficios de compartir abiertamente. Si bien las necesidades de cada persona son diferentes, puede ser importante considerar algunos o todos los siguientes temas:<\/p>\n\n<ul class=\"wp-block-list\">\n<li>Detecci\u00f3n de ETS y VIH<\/li>\n\n\n\n<li>Vacunarse contra el VPH y la hepatitis A y B<\/li>\n\n\n\n<li>Considerar la profilaxis previa a la exposici\u00f3n (PrEP)<\/li>\n\n\n\n<li>Usar condones u otros m\u00e9todos de barrera<\/li>\n\n\n\n<li>Educaci\u00f3n y asesoramiento sobre sexo seguro<\/li>\n\n\n\n<li>Problemas con la funci\u00f3n o satisfacci\u00f3n sexual<\/li>\n\n\n\n<li>Planes para adoptar o concebir hijos<\/li>\n<\/ul>\n\n<p>Adem\u00e1s, todas las personas LGBTQ deben sentirse c\u00f3modas hablando con los proveedores sobre temas de la vida familiar, como el abuso de pareja, sentirse seguros en casa y los testamentos vitales.<\/p>\n\n<hr class=\"wp-block-separator has-alpha-channel-opacity\"\/>\n\n<h3 class=\"wp-block-heading\">Recursos LGBTQ<\/h3>\n\n<p>Hay muchos recursos disponibles para pacientes LGBTQ que buscan atenci\u00f3n m\u00e9dica y asesoramiento. Aqu\u00ed hay algunos con los que puede contactar:<\/p>\n\n<ul class=\"wp-block-list\">\n<li>El Centro Nacional de Educaci\u00f3n para la Salud LGBT tiene publicaciones y recursos para pacientes y proveedores. Visita <a href=\"http:\/\/www.lgbthealtheducation.org\/\">www.LGBTHealthEducation.org<\/a><\/li>\n\n\n\n<li>El Centro de Excelencia para la Salud Transg\u00e9nero tiene muchos recursos en <a href=\"http:\/\/www.transhealth.ucsf.edu\/\">www.TransHealth.ucsf.edu<\/a><\/li>\n\n\n\n<li>La Campa\u00f1a de Derechos Humanos (HRC) publica anualmente un \u00cdndice de Igualdad en Salud con informaci\u00f3n sobre organizaciones que demuestran un compromiso con la atenci\u00f3n m\u00e9dica LGBTQ: <a href=\"http:\/\/www.hrc.org\/hei\">www.hrc.org\/hei<\/a><\/li>\n\n\n\n<li>Parents and Friends of Lesbians and Gays (PFLAG) publica listas de organizaciones con las que se asocia y grupos locales de apoyo, educaci\u00f3n y defensa: <a href=\"http:\/\/www.pflag.org\/\">www.pflag.org<\/a><\/li>\n<\/ul>\n\n<hr class=\"wp-block-separator has-alpha-channel-opacity\"\/>\n\n<h3 class=\"wp-block-heading\">Un compromiso con la comunidad<\/h3>\n\n<p>Adelante Healthcare se enorgullece de ser un Centro de Salud Comunitario Federalmente Calificado o FQHC.<em> <\/em>Eso significa que somos parte de un movimiento de salud de d\u00e9cadas que adopta una filosof\u00eda de mejorar la salud de nuestras comunidades:<\/p>\n\n<ul class=\"wp-block-list\">\n<li>Dar la bienvenida a la diversidad y respetar las diferencias culturales<\/li>\n\n\n\n<li>Centrarse en el bienestar y la atenci\u00f3n preventiva<\/li>\n\n\n\n<li>Hacer que la atenci\u00f3n m\u00e9dica sea accesible y asequible para todos<\/li>\n\n\n\n<li>Aprovechar la tecnolog\u00eda como los registros m\u00e9dicos electr\u00f3nicos para agilizar y mejorar la experiencia m\u00e9dica<\/li>\n\n\n\n<li>Cultivar el modelo de hogar m\u00e9dico centrado en el paciente que brinda atenci\u00f3n coordinada por un equipo de profesionales que lo coloca en el centro de su propia atenci\u00f3n m\u00e9dica<\/li>\n<\/ul>\n\n<hr class=\"wp-block-separator has-alpha-channel-opacity\"\/>\n\n<h3 class=\"wp-block-heading\">Una comunidad de atenci\u00f3n m\u00e9dica a la que perteneces<\/h3>\n\n<p><\/p>\n\n<p>Estamos creando conscientemente un nuevo modelo de medicina familiar y medicina de atenci\u00f3n primaria. Esperamos que encuentre nuestra atenci\u00f3n al servicio al cliente y el alto nivel de atenci\u00f3n el comienzo de una relaci\u00f3n larga y llena de salud.<\/p>\n\n<p>Por favor, no dude en llamar y obtener m\u00e1s informaci\u00f3n. <a href=\"tel:4809642273\">480-964-2273<\/a><\/p>\n","protected":false},"excerpt":{"rendered":"<p>Eres bienvenido aqu\u00ed Nos sentimos honrados de que est\u00e9 considerando Adelante Healthcare para usted y su familia. Como un centro de salud comunitario sin fines de lucro 501 (c) que presta servicios al Valle desde 1979, ofrecemos a los miembros de la comunidad LGBTQ atenci\u00f3n reflexiva y experimentada en la que pueden confiar. Hacemos todo [&hellip;]<\/p>\n","protected":false},"author":1,"featured_media":2624,"parent":0,"menu_order":0,"comment_status":"closed","ping_status":"closed","template":"","meta":{"_acf_changed":false,"_yoast_wpseo_title":"","_yoast_wpseo_metadesc":"","_monsterinsights_skip_tracking":false,"_monsterinsights_sitenote_active":false,"_monsterinsights_sitenote_note":"","_monsterinsights_sitenote_category":0,"_metasync_otto_title":"","_metasync_otto_description":"","_metasync_otto_keywords":"","_metasync_otto_og_title":"","_metasync_otto_og_description":"","_metasync_otto_twitter_title":"","_metasync_otto_twitter_description":"","rank_math_title":"","rank_math_description":"","_aioseo_title":"","_aioseo_description":"","_metasync_seo_title":"","_metasync_seo_desc":"","_metasync_primary_product_cat":0,"_metasync_otto_disabled":"","_metasync_breadcrumb_title":"","_metasync_primary_category":0,"footnotes":""},"class_list":["post-3385","page","type-page","status-publish","has-post-thumbnail","hentry"],"acf":[],"yoast_head":"<!-- This site is optimized with the Yoast SEO plugin v27.4 - https:\/\/yoast.com\/product\/yoast-seo-wordpress\/ -->\n<title>Atenci\u00f3n m\u00e9dica amigable para LGBTQ | Adelante Healthcare<\/title>\n<meta name=\"robots\" content=\"index, follow, max-snippet:-1, max-image-preview:large, max-video-preview:-1\" \/>\n<link rel=\"canonical\" href=\"https:\/\/adelantehealthcare.com\/es\/lgbtq-friendly-medical-care\/\" \/>\n<meta property=\"og:locale\" content=\"es_ES\" \/>\n<meta property=\"og:type\" content=\"article\" \/>\n<meta property=\"og:title\" content=\"Atenci\u00f3n m\u00e9dica amigable para LGBTQ | Adelante Healthcare\" \/>\n<meta property=\"og:description\" content=\"Eres bienvenido aqu\u00ed Nos sentimos honrados de que est\u00e9 considerando Adelante Healthcare para usted y su familia. Como un centro de salud comunitario sin fines de lucro 501 (c) que presta servicios al Valle desde 1979, ofrecemos a los miembros de la comunidad LGBTQ atenci\u00f3n reflexiva y experimentada en la que pueden confiar. Hacemos todo [&hellip;]\" \/>\n<meta property=\"og:url\" content=\"https:\/\/adelantehealthcare.com\/es\/lgbtq-friendly-medical-care\/\" \/>\n<meta property=\"og:site_name\" content=\"Adelante Healthcare\" \/>\n<meta property=\"article:modified_time\" content=\"2024-08-21T21:35:19+00:00\" \/>\n<meta property=\"og:image\" content=\"https:\/\/adelantehealthcare.com\/wp-content\/uploads\/2022\/05\/0J5A0102-Adjust.jpg\" \/>\n\t<meta property=\"og:image:width\" content=\"1920\" \/>\n\t<meta property=\"og:image:height\" content=\"1080\" \/>\n\t<meta property=\"og:image:type\" content=\"image\/jpeg\" \/>\n<meta name=\"twitter:card\" content=\"summary_large_image\" \/>\n<!-- \/ Yoast SEO plugin. -->","yoast_head_json":{"title":"Atenci\u00f3n m\u00e9dica amigable para LGBTQ | Adelante Healthcare","robots":{"index":"index","follow":"follow","max-snippet":"max-snippet:-1","max-image-preview":"max-image-preview:large","max-video-preview":"max-video-preview:-1"},"canonical":"https:\/\/adelantehealthcare.com\/es\/lgbtq-friendly-medical-care\/","og_locale":"es_ES","og_type":"article","og_title":"Atenci\u00f3n m\u00e9dica amigable para LGBTQ | Adelante Healthcare","og_description":"Eres bienvenido aqu\u00ed Nos sentimos honrados de que est\u00e9 considerando Adelante Healthcare para usted y su familia. Como un centro de salud comunitario sin fines de lucro 501 (c) que presta servicios al Valle desde 1979, ofrecemos a los miembros de la comunidad LGBTQ atenci\u00f3n reflexiva y experimentada en la que pueden confiar. Hacemos todo [&hellip;]","og_url":"https:\/\/adelantehealthcare.com\/es\/lgbtq-friendly-medical-care\/","og_site_name":"Adelante Healthcare","article_modified_time":"2024-08-21T21:35:19+00:00","og_image":[{"width":1920,"height":1080,"url":"https:\/\/adelantehealthcare.com\/wp-content\/uploads\/2022\/05\/0J5A0102-Adjust.jpg","type":"image\/jpeg"}],"twitter_card":"summary_large_image","schema":{"@context":"https:\/\/schema.org","@graph":[{"@type":"WebPage","@id":"https:\/\/adelantehealthcare.com\/es\/lgbtq-friendly-medical-care\/","url":"https:\/\/adelantehealthcare.com\/es\/lgbtq-friendly-medical-care\/","name":"Atenci\u00f3n m\u00e9dica amigable para LGBTQ | Adelante Healthcare","isPartOf":{"@id":"https:\/\/adelantehealthcare.com\/es\/#website"},"primaryImageOfPage":{"@id":"https:\/\/adelantehealthcare.com\/es\/lgbtq-friendly-medical-care\/#primaryimage"},"image":{"@id":"https:\/\/adelantehealthcare.com\/es\/lgbtq-friendly-medical-care\/#primaryimage"},"thumbnailUrl":"https:\/\/adelantehealthcare.com\/wp-content\/uploads\/2022\/05\/0J5A0102-Adjust.jpg","datePublished":"2022-06-08T06:43:20+00:00","dateModified":"2024-08-21T21:35:19+00:00","breadcrumb":{"@id":"https:\/\/adelantehealthcare.com\/es\/lgbtq-friendly-medical-care\/#breadcrumb"},"inLanguage":"es","potentialAction":[{"@type":"ReadAction","target":["https:\/\/adelantehealthcare.com\/es\/lgbtq-friendly-medical-care\/"]}]},{"@type":"ImageObject","inLanguage":"es","@id":"https:\/\/adelantehealthcare.com\/es\/lgbtq-friendly-medical-care\/#primaryimage","url":"https:\/\/adelantehealthcare.com\/wp-content\/uploads\/2022\/05\/0J5A0102-Adjust.jpg","contentUrl":"https:\/\/adelantehealthcare.com\/wp-content\/uploads\/2022\/05\/0J5A0102-Adjust.jpg","width":1920,"height":1080},{"@type":"BreadcrumbList","@id":"https:\/\/adelantehealthcare.com\/es\/lgbtq-friendly-medical-care\/#breadcrumb","itemListElement":[{"@type":"ListItem","position":1,"name":"Home","item":"https:\/\/adelantehealthcare.com\/es\/"},{"@type":"ListItem","position":2,"name":"Atenci\u00f3n m\u00e9dica amigable para LGBTQ"}]},{"@type":"WebSite","@id":"https:\/\/adelantehealthcare.com\/es\/#website","url":"https:\/\/adelantehealthcare.com\/es\/","name":"Adelante Healthcare","description":"Compassionate care, for your whole family","publisher":{"@id":"https:\/\/adelantehealthcare.com\/es\/#organization"},"alternateName":"Adelante Healthcare","potentialAction":[{"@type":"SearchAction","target":{"@type":"EntryPoint","urlTemplate":"https:\/\/adelantehealthcare.com\/es\/?s={search_term_string}"},"query-input":{"@type":"PropertyValueSpecification","valueRequired":true,"valueName":"search_term_string"}}],"inLanguage":"es"},{"@type":"Organization","@id":"https:\/\/adelantehealthcare.com\/es\/#organization","name":"Adelante Healthcare","url":"https:\/\/adelantehealthcare.com\/es\/","logo":{"@type":"ImageObject","inLanguage":"es","@id":"https:\/\/adelantehealthcare.com\/es\/#\/schema\/logo\/image\/","url":"https:\/\/adelantehealthcare.com\/wp-content\/uploads\/2024\/02\/adelante-healthcare.jpg","contentUrl":"https:\/\/adelantehealthcare.com\/wp-content\/uploads\/2024\/02\/adelante-healthcare.jpg","width":500,"height":500,"caption":"Adelante Healthcare"},"image":{"@id":"https:\/\/adelantehealthcare.com\/es\/#\/schema\/logo\/image\/"}}]}},"_links":{"self":[{"href":"https:\/\/adelantehealthcare.com\/es\/wp-json\/wp\/v2\/pages\/3385","targetHints":{"allow":["GET"]}}],"collection":[{"href":"https:\/\/adelantehealthcare.com\/es\/wp-json\/wp\/v2\/pages"}],"about":[{"href":"https:\/\/adelantehealthcare.com\/es\/wp-json\/wp\/v2\/types\/page"}],"author":[{"embeddable":true,"href":"https:\/\/adelantehealthcare.com\/es\/wp-json\/wp\/v2\/users\/1"}],"replies":[{"embeddable":true,"href":"https:\/\/adelantehealthcare.com\/es\/wp-json\/wp\/v2\/comments?post=3385"}],"version-history":[{"count":0,"href":"https:\/\/adelantehealthcare.com\/es\/wp-json\/wp\/v2\/pages\/3385\/revisions"}],"wp:featuredmedia":[{"embeddable":true,"href":"https:\/\/adelantehealthcare.com\/es\/wp-json\/wp\/v2\/media\/2624"}],"wp:attachment":[{"href":"https:\/\/adelantehealthcare.com\/es\/wp-json\/wp\/v2\/media?parent=3385"}],"curies":[{"name":"wp","href":"https:\/\/api.w.org\/{rel}","templated":true}]}}