{"id":3382,"date":"2022-06-03T18:04:23","date_gmt":"2022-06-04T01:04:23","guid":{"rendered":"http:\/\/localhost:10004\/about-us\/newsroom\/media\/"},"modified":"2024-08-21T14:35:08","modified_gmt":"2024-08-21T21:35:08","slug":"media","status":"publish","type":"page","link":"https:\/\/adelantehealthcare.com\/es\/about-us\/newsroom\/media\/","title":{"rendered":"Consultas sobre medios y publicidad"},"content":{"rendered":"\n<h2 class=\"wp-block-heading\">Corramos la voz sobre el cuidado comunitario<\/h2>\n\n<p class=\"has-medium-font-size\">Adelante Healthcare da la bienvenida a todas las consultas de la comunidad, medios de comunicaci\u00f3n, socios y partes interesadas en nuestra misi\u00f3n. Como organizaci\u00f3n de salud basada en la comunidad que atiende a pacientes de todos los or\u00edgenes y \u00e1mbitos de la vida, es importante para nosotros que construyamos relaciones y alcancemos a las personas que necesitan acceso a una atenci\u00f3n integral, compasiva y de calidad.<\/p>\n\n<p>Para ayudarnos a responder lo m\u00e1s r\u00e1pido posible, dirija su consulta a la categor\u00eda apropiada a continuaci\u00f3n. Espere uno o dos d\u00edas h\u00e1biles para nuestra respuesta, y aseg\u00farese de que puede recibir correos electr\u00f3nicos de respuesta de adelantehealthcare.com agreg\u00e1ndonos a su libreta de direcciones.<\/p>\n\n<p>Si usted es un reportero dentro de la fecha l\u00edmite y necesita comunicarse con nuestro equipo de medios fuera del horario comercial regular, comun\u00edquese con <a href=\"mailto:media@adelantehealthcare.com\" target=\"_blank\" rel=\"noreferrer noopener\">media@adelantehealthcare.com<\/a>.<\/p>\n\n<hr class=\"wp-block-separator\"\/>\n\n<h3 class=\"wp-block-heading\">Consultas publicitarias<\/h3>\n\n<p>Si desea que consideremos anunciarse en su publicaci\u00f3n o patrocinar su programa, dirija todas las consultas a <a href=\"mailto:media@adelantehealthcare.com\" target=\"_blank\" rel=\"noreferrer noopener\">media@adelantehealthcare.com<\/a>.<\/p>\n\n<hr class=\"wp-block-separator\"\/>\n\n<h3 class=\"wp-block-heading\">Solicitudes de medios y noticias<\/h3>\n\n<p>Si usted es miembro de los medios de comunicaci\u00f3n y desea hablar con alguien en Adelante Healthcare sobre una noticia, o si necesita m\u00e1s informaci\u00f3n sobre nuestra organizaci\u00f3n, dirija sus consultas a <a href=\"mailto:media@adelantehealthcare.com\" target=\"_blank\" rel=\"noreferrer noopener\">media@adelantehealthcare.com<\/a>.<\/p>\n\n<hr class=\"wp-block-separator\"\/>\n\n<h3 class=\"wp-block-heading\">Consultas en el blog<\/h3>\n\n<p>Si tiene alguna pregunta o comentario sobre el blog de Adelante Healthcare, cont\u00e1ctenos en <a href=\"mailto:media@adelantehealthcare.com\" target=\"_blank\" rel=\"noreferrer noopener\">media@adelantehealthcare.com<\/a>.<\/p>\n\n<hr class=\"wp-block-separator\"\/>\n\n<h3 class=\"wp-block-heading\">Consultas generales<\/h3>\n\n<p>Si tiene preguntas generales, comentarios o comentarios sobre Adelante Healthcare, <a href=\"https:\/\/adelantehealthcare.com\/contact-us\/\">cont\u00e1ctenos<\/a> directamente.<\/p>\n","protected":false},"excerpt":{"rendered":"<p>Corramos la voz sobre el cuidado comunitario Adelante Healthcare da la bienvenida a todas las consultas de la comunidad, medios de comunicaci\u00f3n, socios y partes interesadas en nuestra misi\u00f3n. Como organizaci\u00f3n de salud basada en la comunidad que atiende a pacientes de todos los or\u00edgenes y \u00e1mbitos de la vida, es importante para nosotros que [&hellip;]<\/p>\n","protected":false},"author":1,"featured_media":0,"parent":3338,"menu_order":0,"comment_status":"closed","ping_status":"closed","template":"","meta":{"_acf_changed":false,"_monsterinsights_skip_tracking":false,"_monsterinsights_sitenote_active":false,"_monsterinsights_sitenote_note":"","_monsterinsights_sitenote_category":0,"footnotes":""},"class_list":["post-3382","page","type-page","status-publish","hentry"],"acf":[],"yoast_head":"<!-- This site is optimized with the Yoast SEO plugin v27.3 - https:\/\/yoast.com\/product\/yoast-seo-wordpress\/ -->\n<title>Consultas sobre medios y publicidad | Adelante Healthcare<\/title>\n<meta name=\"robots\" content=\"index, follow, max-snippet:-1, max-image-preview:large, max-video-preview:-1\" \/>\n<link rel=\"canonical\" href=\"https:\/\/adelantehealthcare.com\/es\/about-us\/newsroom\/media\/\" \/>\n<meta property=\"og:locale\" content=\"es_ES\" \/>\n<meta property=\"og:type\" content=\"article\" \/>\n<meta property=\"og:title\" content=\"Consultas sobre medios y publicidad | Adelante Healthcare\" \/>\n<meta property=\"og:description\" content=\"Corramos la voz sobre el cuidado comunitario Adelante Healthcare da la bienvenida a todas las consultas de la comunidad, medios de comunicaci\u00f3n, socios y partes interesadas en nuestra misi\u00f3n. Como organizaci\u00f3n de salud basada en la comunidad que atiende a pacientes de todos los or\u00edgenes y \u00e1mbitos de la vida, es importante para nosotros que [&hellip;]\" \/>\n<meta property=\"og:url\" content=\"https:\/\/adelantehealthcare.com\/es\/about-us\/newsroom\/media\/\" \/>\n<meta property=\"og:site_name\" content=\"Adelante Healthcare\" \/>\n<meta property=\"article:modified_time\" content=\"2024-08-21T21:35:08+00:00\" \/>\n<meta property=\"og:image\" content=\"https:\/\/adelantehealthcare.com\/wp-content\/uploads\/2024\/02\/adelante-healthcare.jpg\" \/>\n\t<meta property=\"og:image:width\" content=\"500\" \/>\n\t<meta property=\"og:image:height\" content=\"500\" \/>\n\t<meta property=\"og:image:type\" content=\"image\/jpeg\" \/>\n<meta name=\"twitter:card\" content=\"summary_large_image\" \/>\n<!-- \/ Yoast SEO plugin. -->","yoast_head_json":{"title":"Consultas sobre medios y publicidad | Adelante Healthcare","robots":{"index":"index","follow":"follow","max-snippet":"max-snippet:-1","max-image-preview":"max-image-preview:large","max-video-preview":"max-video-preview:-1"},"canonical":"https:\/\/adelantehealthcare.com\/es\/about-us\/newsroom\/media\/","og_locale":"es_ES","og_type":"article","og_title":"Consultas sobre medios y publicidad | Adelante Healthcare","og_description":"Corramos la voz sobre el cuidado comunitario Adelante Healthcare da la bienvenida a todas las consultas de la comunidad, medios de comunicaci\u00f3n, socios y partes interesadas en nuestra misi\u00f3n. Como organizaci\u00f3n de salud basada en la comunidad que atiende a pacientes de todos los or\u00edgenes y \u00e1mbitos de la vida, es importante para nosotros que [&hellip;]","og_url":"https:\/\/adelantehealthcare.com\/es\/about-us\/newsroom\/media\/","og_site_name":"Adelante Healthcare","article_modified_time":"2024-08-21T21:35:08+00:00","og_image":[{"width":500,"height":500,"url":"https:\/\/adelantehealthcare.com\/wp-content\/uploads\/2024\/02\/adelante-healthcare.jpg","type":"image\/jpeg"}],"twitter_card":"summary_large_image","schema":{"@context":"https:\/\/schema.org","@graph":[{"@type":"WebPage","@id":"https:\/\/adelantehealthcare.com\/es\/about-us\/newsroom\/media\/","url":"https:\/\/adelantehealthcare.com\/es\/about-us\/newsroom\/media\/","name":"Consultas sobre medios y publicidad | Adelante Healthcare","isPartOf":{"@id":"https:\/\/adelantehealthcare.com\/es\/#website"},"datePublished":"2022-06-04T01:04:23+00:00","dateModified":"2024-08-21T21:35:08+00:00","breadcrumb":{"@id":"https:\/\/adelantehealthcare.com\/es\/about-us\/newsroom\/media\/#breadcrumb"},"inLanguage":"es","potentialAction":[{"@type":"ReadAction","target":["https:\/\/adelantehealthcare.com\/es\/about-us\/newsroom\/media\/"]}]},{"@type":"BreadcrumbList","@id":"https:\/\/adelantehealthcare.com\/es\/about-us\/newsroom\/media\/#breadcrumb","itemListElement":[{"@type":"ListItem","position":1,"name":"Home","item":"https:\/\/adelantehealthcare.com\/es\/"},{"@type":"ListItem","position":2,"name":"Sobre nosotros","item":"https:\/\/adelantehealthcare.com\/es\/about-us\/"},{"@type":"ListItem","position":3,"name":"Noticiero","item":"https:\/\/adelantehealthcare.com\/es\/about-us\/newsroom\/"},{"@type":"ListItem","position":4,"name":"Consultas sobre medios y publicidad"}]},{"@type":"WebSite","@id":"https:\/\/adelantehealthcare.com\/es\/#website","url":"https:\/\/adelantehealthcare.com\/es\/","name":"Adelante Healthcare","description":"Compassionate care, for your whole family","publisher":{"@id":"https:\/\/adelantehealthcare.com\/es\/#organization"},"alternateName":"Adelante Healthcare","potentialAction":[{"@type":"SearchAction","target":{"@type":"EntryPoint","urlTemplate":"https:\/\/adelantehealthcare.com\/es\/?s={search_term_string}"},"query-input":{"@type":"PropertyValueSpecification","valueRequired":true,"valueName":"search_term_string"}}],"inLanguage":"es"},{"@type":"Organization","@id":"https:\/\/adelantehealthcare.com\/es\/#organization","name":"Adelante Healthcare","url":"https:\/\/adelantehealthcare.com\/es\/","logo":{"@type":"ImageObject","inLanguage":"es","@id":"https:\/\/adelantehealthcare.com\/es\/#\/schema\/logo\/image\/","url":"https:\/\/adelantehealthcare.com\/wp-content\/uploads\/2024\/02\/adelante-healthcare.jpg","contentUrl":"https:\/\/adelantehealthcare.com\/wp-content\/uploads\/2024\/02\/adelante-healthcare.jpg","width":500,"height":500,"caption":"Adelante Healthcare"},"image":{"@id":"https:\/\/adelantehealthcare.com\/es\/#\/schema\/logo\/image\/"}}]}},"_links":{"self":[{"href":"https:\/\/adelantehealthcare.com\/es\/wp-json\/wp\/v2\/pages\/3382","targetHints":{"allow":["GET"]}}],"collection":[{"href":"https:\/\/adelantehealthcare.com\/es\/wp-json\/wp\/v2\/pages"}],"about":[{"href":"https:\/\/adelantehealthcare.com\/es\/wp-json\/wp\/v2\/types\/page"}],"author":[{"embeddable":true,"href":"https:\/\/adelantehealthcare.com\/es\/wp-json\/wp\/v2\/users\/1"}],"replies":[{"embeddable":true,"href":"https:\/\/adelantehealthcare.com\/es\/wp-json\/wp\/v2\/comments?post=3382"}],"version-history":[{"count":0,"href":"https:\/\/adelantehealthcare.com\/es\/wp-json\/wp\/v2\/pages\/3382\/revisions"}],"up":[{"embeddable":true,"href":"https:\/\/adelantehealthcare.com\/es\/wp-json\/wp\/v2\/pages\/3338"}],"wp:attachment":[{"href":"https:\/\/adelantehealthcare.com\/es\/wp-json\/wp\/v2\/media?parent=3382"}],"curies":[{"name":"wp","href":"https:\/\/api.w.org\/{rel}","templated":true}]}}