{"id":3378,"date":"2022-05-11T19:27:23","date_gmt":"2022-05-12T02:27:23","guid":{"rendered":"http:\/\/localhost:10004\/careers\/provider-opportunities\/"},"modified":"2024-08-21T14:34:17","modified_gmt":"2024-08-21T21:34:17","slug":"provider-opportunities","status":"publish","type":"page","link":"https:\/\/adelantehealthcare.com\/es\/careers\/provider-opportunities\/","title":{"rendered":"Oportunidades para proveedores"},"content":{"rendered":"\n<h2 class=\"wp-block-heading\">Practica tu pasi\u00f3n<\/h2>\n\n<p class=\"has-medium-font-size\">Adelante Healthcare es una organizaci\u00f3n de salud comunitaria de confianza arraigada en la medicina centrada en la familia y que atiende a pacientes de todos los or\u00edgenes y \u00e1mbitos de la vida. Con nueve ubicaciones en Arizona, nuestros servicios cubren a toda la persona, ofreciendo amplias oportunidades para proveedores en una variedad de pr\u00e1cticas. Apoyamos y confiamos en nuestros proveedores para que sean expertos en promoci\u00f3n del bienestar, prevenci\u00f3n, tratamiento de enfermedades agudas y problemas de salud cr\u00f3nicos. Cualquiera que sea su \u00e1rea de especialidad o inter\u00e9s, se le anima a perseguirla con pasi\u00f3n y excelencia en Adelante Healthcare.<\/p>\n\n<hr class=\"wp-block-separator has-alpha-channel-opacity\"\/>\n\n<h3 class=\"wp-block-heading\">Nuestras oportunidades de pr\u00e1ctica de atenci\u00f3n primaria:<\/h3>\n\n<ul class=\"wp-block-list\"><li>Pediatr\u00eda<\/li><li>Medicina Interna<\/li><li>Medicina Familiar<\/li><li>Obstetricia y Ginecolog\u00eda<\/li><li>Salud conductual<\/li><li>Dental<\/li><\/ul>\n","protected":false},"excerpt":{"rendered":"<p>Practica tu pasi\u00f3n Adelante Healthcare es una organizaci\u00f3n de salud comunitaria de confianza arraigada en la medicina centrada en la familia y que atiende a pacientes de todos los or\u00edgenes y \u00e1mbitos de la vida. Con nueve ubicaciones en Arizona, nuestros servicios cubren a toda la persona, ofreciendo amplias oportunidades para proveedores en una variedad [&hellip;]<\/p>\n","protected":false},"author":1,"featured_media":2631,"parent":3325,"menu_order":0,"comment_status":"closed","ping_status":"closed","template":"","meta":{"_acf_changed":false,"_monsterinsights_skip_tracking":false,"_monsterinsights_sitenote_active":false,"_monsterinsights_sitenote_note":"","_monsterinsights_sitenote_category":0,"footnotes":""},"class_list":["post-3378","page","type-page","status-publish","has-post-thumbnail","hentry"],"acf":[],"yoast_head":"<!-- This site is optimized with the Yoast SEO plugin v27.3 - https:\/\/yoast.com\/product\/yoast-seo-wordpress\/ -->\n<title>Oportunidades para proveedores | Adelante Healthcare<\/title>\n<meta name=\"robots\" content=\"index, follow, max-snippet:-1, max-image-preview:large, max-video-preview:-1\" \/>\n<link rel=\"canonical\" href=\"https:\/\/adelantehealthcare.com\/es\/careers\/provider-opportunities\/\" \/>\n<meta property=\"og:locale\" content=\"es_ES\" \/>\n<meta property=\"og:type\" content=\"article\" \/>\n<meta property=\"og:title\" content=\"Oportunidades para proveedores | Adelante Healthcare\" \/>\n<meta property=\"og:description\" content=\"Practica tu pasi\u00f3n Adelante Healthcare es una organizaci\u00f3n de salud comunitaria de confianza arraigada en la medicina centrada en la familia y que atiende a pacientes de todos los or\u00edgenes y \u00e1mbitos de la vida. Con nueve ubicaciones en Arizona, nuestros servicios cubren a toda la persona, ofreciendo amplias oportunidades para proveedores en una variedad [&hellip;]\" \/>\n<meta property=\"og:url\" content=\"https:\/\/adelantehealthcare.com\/es\/careers\/provider-opportunities\/\" \/>\n<meta property=\"og:site_name\" content=\"Adelante Healthcare\" \/>\n<meta property=\"article:modified_time\" content=\"2024-08-21T21:34:17+00:00\" \/>\n<meta property=\"og:image\" content=\"https:\/\/adelantehealthcare.com\/wp-content\/uploads\/2022\/05\/0J5A2005-Adjust.jpg\" \/>\n\t<meta property=\"og:image:width\" content=\"1920\" \/>\n\t<meta property=\"og:image:height\" content=\"1080\" \/>\n\t<meta property=\"og:image:type\" content=\"image\/jpeg\" \/>\n<meta name=\"twitter:card\" content=\"summary_large_image\" \/>\n<!-- \/ Yoast SEO plugin. -->","yoast_head_json":{"title":"Oportunidades para proveedores | Adelante Healthcare","robots":{"index":"index","follow":"follow","max-snippet":"max-snippet:-1","max-image-preview":"max-image-preview:large","max-video-preview":"max-video-preview:-1"},"canonical":"https:\/\/adelantehealthcare.com\/es\/careers\/provider-opportunities\/","og_locale":"es_ES","og_type":"article","og_title":"Oportunidades para proveedores | Adelante Healthcare","og_description":"Practica tu pasi\u00f3n Adelante Healthcare es una organizaci\u00f3n de salud comunitaria de confianza arraigada en la medicina centrada en la familia y que atiende a pacientes de todos los or\u00edgenes y \u00e1mbitos de la vida. Con nueve ubicaciones en Arizona, nuestros servicios cubren a toda la persona, ofreciendo amplias oportunidades para proveedores en una variedad [&hellip;]","og_url":"https:\/\/adelantehealthcare.com\/es\/careers\/provider-opportunities\/","og_site_name":"Adelante Healthcare","article_modified_time":"2024-08-21T21:34:17+00:00","og_image":[{"width":1920,"height":1080,"url":"https:\/\/adelantehealthcare.com\/wp-content\/uploads\/2022\/05\/0J5A2005-Adjust.jpg","type":"image\/jpeg"}],"twitter_card":"summary_large_image","schema":{"@context":"https:\/\/schema.org","@graph":[{"@type":"WebPage","@id":"https:\/\/adelantehealthcare.com\/es\/careers\/provider-opportunities\/","url":"https:\/\/adelantehealthcare.com\/es\/careers\/provider-opportunities\/","name":"Oportunidades para proveedores | Adelante Healthcare","isPartOf":{"@id":"https:\/\/adelantehealthcare.com\/es\/#website"},"primaryImageOfPage":{"@id":"https:\/\/adelantehealthcare.com\/es\/careers\/provider-opportunities\/#primaryimage"},"image":{"@id":"https:\/\/adelantehealthcare.com\/es\/careers\/provider-opportunities\/#primaryimage"},"thumbnailUrl":"https:\/\/adelantehealthcare.com\/wp-content\/uploads\/2022\/05\/0J5A2005-Adjust.jpg","datePublished":"2022-05-12T02:27:23+00:00","dateModified":"2024-08-21T21:34:17+00:00","breadcrumb":{"@id":"https:\/\/adelantehealthcare.com\/es\/careers\/provider-opportunities\/#breadcrumb"},"inLanguage":"es","potentialAction":[{"@type":"ReadAction","target":["https:\/\/adelantehealthcare.com\/es\/careers\/provider-opportunities\/"]}]},{"@type":"ImageObject","inLanguage":"es","@id":"https:\/\/adelantehealthcare.com\/es\/careers\/provider-opportunities\/#primaryimage","url":"https:\/\/adelantehealthcare.com\/wp-content\/uploads\/2022\/05\/0J5A2005-Adjust.jpg","contentUrl":"https:\/\/adelantehealthcare.com\/wp-content\/uploads\/2022\/05\/0J5A2005-Adjust.jpg","width":1920,"height":1080},{"@type":"BreadcrumbList","@id":"https:\/\/adelantehealthcare.com\/es\/careers\/provider-opportunities\/#breadcrumb","itemListElement":[{"@type":"ListItem","position":1,"name":"Home","item":"https:\/\/adelantehealthcare.com\/es\/"},{"@type":"ListItem","position":2,"name":"Carreras","item":"https:\/\/adelantehealthcare.com\/es\/careers\/"},{"@type":"ListItem","position":3,"name":"Oportunidades para proveedores"}]},{"@type":"WebSite","@id":"https:\/\/adelantehealthcare.com\/es\/#website","url":"https:\/\/adelantehealthcare.com\/es\/","name":"Adelante Healthcare","description":"Compassionate care, for your whole family","publisher":{"@id":"https:\/\/adelantehealthcare.com\/es\/#organization"},"alternateName":"Adelante Healthcare","potentialAction":[{"@type":"SearchAction","target":{"@type":"EntryPoint","urlTemplate":"https:\/\/adelantehealthcare.com\/es\/?s={search_term_string}"},"query-input":{"@type":"PropertyValueSpecification","valueRequired":true,"valueName":"search_term_string"}}],"inLanguage":"es"},{"@type":"Organization","@id":"https:\/\/adelantehealthcare.com\/es\/#organization","name":"Adelante Healthcare","url":"https:\/\/adelantehealthcare.com\/es\/","logo":{"@type":"ImageObject","inLanguage":"es","@id":"https:\/\/adelantehealthcare.com\/es\/#\/schema\/logo\/image\/","url":"https:\/\/adelantehealthcare.com\/wp-content\/uploads\/2024\/02\/adelante-healthcare.jpg","contentUrl":"https:\/\/adelantehealthcare.com\/wp-content\/uploads\/2024\/02\/adelante-healthcare.jpg","width":500,"height":500,"caption":"Adelante Healthcare"},"image":{"@id":"https:\/\/adelantehealthcare.com\/es\/#\/schema\/logo\/image\/"}}]}},"_links":{"self":[{"href":"https:\/\/adelantehealthcare.com\/es\/wp-json\/wp\/v2\/pages\/3378","targetHints":{"allow":["GET"]}}],"collection":[{"href":"https:\/\/adelantehealthcare.com\/es\/wp-json\/wp\/v2\/pages"}],"about":[{"href":"https:\/\/adelantehealthcare.com\/es\/wp-json\/wp\/v2\/types\/page"}],"author":[{"embeddable":true,"href":"https:\/\/adelantehealthcare.com\/es\/wp-json\/wp\/v2\/users\/1"}],"replies":[{"embeddable":true,"href":"https:\/\/adelantehealthcare.com\/es\/wp-json\/wp\/v2\/comments?post=3378"}],"version-history":[{"count":0,"href":"https:\/\/adelantehealthcare.com\/es\/wp-json\/wp\/v2\/pages\/3378\/revisions"}],"up":[{"embeddable":true,"href":"https:\/\/adelantehealthcare.com\/es\/wp-json\/wp\/v2\/pages\/3325"}],"wp:featuredmedia":[{"embeddable":true,"href":"https:\/\/adelantehealthcare.com\/es\/wp-json\/wp\/v2\/media\/2631"}],"wp:attachment":[{"href":"https:\/\/adelantehealthcare.com\/es\/wp-json\/wp\/v2\/media?parent=3378"}],"curies":[{"name":"wp","href":"https:\/\/api.w.org\/{rel}","templated":true}]}}