{"id":3376,"date":"2022-05-11T19:26:53","date_gmt":"2022-05-12T02:26:53","guid":{"rendered":"http:\/\/localhost:10004\/careers\/employee-benefits\/"},"modified":"2024-08-21T14:34:17","modified_gmt":"2024-08-21T21:34:17","slug":"employee-benefits","status":"publish","type":"page","link":"https:\/\/adelantehealthcare.com\/es\/careers\/employee-benefits\/","title":{"rendered":"Beneficios para empleados"},"content":{"rendered":"\n<h2 class=\"wp-block-heading\">Creemos en ser bien tratados<\/h2>\n\n<p class=\"has-medium-font-size\">En Adelante Healthcare, somos m\u00e1s que un lugar de trabajo. Somos una familia diversa que se preocupa por los miembros de nuestro equipo, su experiencia y su crecimiento profesional. Creemos que todos deber\u00edan tener acceso a una atenci\u00f3n m\u00e9dica de vanguardia, incluidos nuestros empleados y sus familias. Es por eso que ofrecemos los mismos servicios de alta calidad que reciben nuestros pacientes como piedra angular de nuestro paquete integral de beneficios. Adem\u00e1s de las s\u00f3lidas opciones de salud y bienestar, nuestros empleados disfrutan de oportunidades de desarrollo, seguros y planes de jubilaci\u00f3n, y generoso tiempo libre pagado para promover un equilibrio saludable entre la vida laboral y personal.<\/p>\n\n<hr class=\"wp-block-separator has-alpha-channel-opacity\"\/>\n\n<h3 class=\"wp-block-heading\">Beneficios para puestos de tiempo completo:<\/h3>\n\n<ul class=\"wp-block-list\"><li>\u00a1M\u00e9dico, dental y de la vista disponible D\u00cdA UNO!<\/li><li>3 semanas de tiempo libre pagado anualmente<\/li><li>10 vacaciones pagadas anualmente<\/li><li>Plan de ahorro para la cuenta de jubilaci\u00f3n 403b<\/li><li>Reembolso de matr\u00edcula para programas elegibles<\/li><li>Discapacidad a corto y largo plazo pagada por el empleador<\/li><li>Y <a href=\"https:\/\/adelantehealthcare.com\/wp-content\/uploads\/2022\/06\/2017-Benefit-Highlights_Provider-1.pdf\" target=\"_blank\" rel=\"noreferrer noopener\">M\u00c1S<\/a><\/li><\/ul>\n\n<hr class=\"wp-block-separator has-alpha-channel-opacity\"\/>\n\n<h3 class=\"wp-block-heading\">\u00a1Somos una organizaci\u00f3n galardonada!<\/h3>\n\n<p>Adelante Healthcare ha obtenido el Sello de Oro de Aprobaci\u00f3n de The Joint Commission para la acreditaci\u00f3n y contin\u00faa siendo reconocida por nuestra dedicaci\u00f3n al cumplimiento continuo de los est\u00e1ndares de vanguardia de The Joint Commission.<\/p>\n\n<hr class=\"wp-block-separator has-alpha-channel-opacity\"\/>\n\n<h3 class=\"wp-block-heading\">Adelante Healthcare es un empleador que ofrece igualdad de oportunidades<\/h3>\n\n<p>No tomamos decisiones de empleo basadas en el color, la raza, la religi\u00f3n, el origen nacional, el sexo, la identidad de g\u00e9nero, la edad, la discapacidad, el estado parental, el estado civil, la afiliaci\u00f3n pol\u00edtica, el servicio militar o la orientaci\u00f3n sexual.<\/p>\n\n<hr class=\"wp-block-separator has-alpha-channel-opacity\"\/>\n\n<h3 class=\"wp-block-heading\">Requisitos de detecci\u00f3n<\/h3>\n\n<p>Las ofertas de empleo dependen de la finalizaci\u00f3n exitosa de una evaluaci\u00f3n posterior al empleo que incluya una prueba de detecci\u00f3n de drogas en orina, una revisi\u00f3n de inmunizaci\u00f3n y una prueba cut\u00e1nea de tuberculina (TB), si corresponde.<\/p>\n","protected":false},"excerpt":{"rendered":"<p>Creemos en ser bien tratados En Adelante Healthcare, somos m\u00e1s que un lugar de trabajo. Somos una familia diversa que se preocupa por los miembros de nuestro equipo, su experiencia y su crecimiento profesional. Creemos que todos deber\u00edan tener acceso a una atenci\u00f3n m\u00e9dica de vanguardia, incluidos nuestros empleados y sus familias. Es por eso [&hellip;]<\/p>\n","protected":false},"author":1,"featured_media":2630,"parent":3325,"menu_order":0,"comment_status":"closed","ping_status":"closed","template":"","meta":{"_acf_changed":false,"_yoast_wpseo_title":"","_yoast_wpseo_metadesc":"","_monsterinsights_skip_tracking":false,"_monsterinsights_sitenote_active":false,"_monsterinsights_sitenote_note":"","_monsterinsights_sitenote_category":0,"_metasync_otto_title":"","_metasync_otto_description":"","_metasync_otto_keywords":"","_metasync_otto_og_title":"","_metasync_otto_og_description":"","_metasync_otto_twitter_title":"","_metasync_otto_twitter_description":"","rank_math_title":"","rank_math_description":"","_aioseo_title":"","_aioseo_description":"","_metasync_seo_title":"","_metasync_seo_desc":"","_metasync_breadcrumb_title":"","_metasync_primary_category":0,"_metasync_primary_product_cat":0,"_metasync_otto_disabled":"","_metasync_hreflang":"","footnotes":""},"class_list":["post-3376","page","type-page","status-publish","has-post-thumbnail","hentry"],"acf":[],"yoast_head":"<!-- This site is optimized with the Yoast SEO plugin v27.4 - https:\/\/yoast.com\/product\/yoast-seo-wordpress\/ -->\n<title>Beneficios para empleados | Adelante Healthcare<\/title>\n<meta name=\"robots\" content=\"index, follow, max-snippet:-1, max-image-preview:large, max-video-preview:-1\" \/>\n<link rel=\"canonical\" href=\"https:\/\/adelantehealthcare.com\/es\/careers\/employee-benefits\/\" \/>\n<meta property=\"og:locale\" content=\"es_ES\" \/>\n<meta property=\"og:type\" content=\"article\" \/>\n<meta property=\"og:title\" content=\"Beneficios para empleados | Adelante Healthcare\" \/>\n<meta property=\"og:description\" content=\"Creemos en ser bien tratados En Adelante Healthcare, somos m\u00e1s que un lugar de trabajo. Somos una familia diversa que se preocupa por los miembros de nuestro equipo, su experiencia y su crecimiento profesional. Creemos que todos deber\u00edan tener acceso a una atenci\u00f3n m\u00e9dica de vanguardia, incluidos nuestros empleados y sus familias. Es por eso [&hellip;]\" \/>\n<meta property=\"og:url\" content=\"https:\/\/adelantehealthcare.com\/es\/careers\/employee-benefits\/\" \/>\n<meta property=\"og:site_name\" content=\"Adelante Healthcare\" \/>\n<meta property=\"og:image\" content=\"https:\/\/adelantehealthcare.com\/wp-content\/uploads\/2022\/05\/0J5A0580-Adjust.jpg\" \/>\n\t<meta property=\"og:image:width\" content=\"1920\" \/>\n\t<meta property=\"og:image:height\" content=\"1080\" \/>\n\t<meta property=\"og:image:type\" content=\"image\/jpeg\" \/>\n<meta name=\"twitter:card\" content=\"summary_large_image\" \/>\n<!-- \/ Yoast SEO plugin. -->","yoast_head_json":{"title":"Beneficios para empleados | Adelante Healthcare","robots":{"index":"index","follow":"follow","max-snippet":"max-snippet:-1","max-image-preview":"max-image-preview:large","max-video-preview":"max-video-preview:-1"},"canonical":"https:\/\/adelantehealthcare.com\/es\/careers\/employee-benefits\/","og_locale":"es_ES","og_type":"article","og_title":"Beneficios para empleados | Adelante Healthcare","og_description":"Creemos en ser bien tratados En Adelante Healthcare, somos m\u00e1s que un lugar de trabajo. Somos una familia diversa que se preocupa por los miembros de nuestro equipo, su experiencia y su crecimiento profesional. Creemos que todos deber\u00edan tener acceso a una atenci\u00f3n m\u00e9dica de vanguardia, incluidos nuestros empleados y sus familias. Es por eso [&hellip;]","og_url":"https:\/\/adelantehealthcare.com\/es\/careers\/employee-benefits\/","og_site_name":"Adelante Healthcare","og_image":[{"width":1920,"height":1080,"url":"https:\/\/adelantehealthcare.com\/wp-content\/uploads\/2022\/05\/0J5A0580-Adjust.jpg","type":"image\/jpeg"}],"twitter_card":"summary_large_image","schema":{"@context":"https:\/\/schema.org","@graph":[{"@type":"WebPage","@id":"https:\/\/adelantehealthcare.com\/es\/careers\/employee-benefits\/","url":"https:\/\/adelantehealthcare.com\/es\/careers\/employee-benefits\/","name":"Beneficios para empleados | Adelante Healthcare","isPartOf":{"@id":"https:\/\/adelantehealthcare.com\/es\/#website"},"primaryImageOfPage":{"@id":"https:\/\/adelantehealthcare.com\/es\/careers\/employee-benefits\/#primaryimage"},"image":{"@id":"https:\/\/adelantehealthcare.com\/es\/careers\/employee-benefits\/#primaryimage"},"thumbnailUrl":"https:\/\/adelantehealthcare.com\/wp-content\/uploads\/2022\/05\/0J5A0580-Adjust.jpg","datePublished":"2022-05-12T02:26:53+00:00","dateModified":"2024-08-21T21:34:17+00:00","breadcrumb":{"@id":"https:\/\/adelantehealthcare.com\/es\/careers\/employee-benefits\/#breadcrumb"},"inLanguage":"es","potentialAction":[{"@type":"ReadAction","target":["https:\/\/adelantehealthcare.com\/es\/careers\/employee-benefits\/"]}]},{"@type":"ImageObject","inLanguage":"es","@id":"https:\/\/adelantehealthcare.com\/es\/careers\/employee-benefits\/#primaryimage","url":"https:\/\/adelantehealthcare.com\/wp-content\/uploads\/2022\/05\/0J5A0580-Adjust.jpg","contentUrl":"https:\/\/adelantehealthcare.com\/wp-content\/uploads\/2022\/05\/0J5A0580-Adjust.jpg","width":1920,"height":1080,"caption":"Female Adelante Healthcare Employing Reviewing Clipboard"},{"@type":"BreadcrumbList","@id":"https:\/\/adelantehealthcare.com\/es\/careers\/employee-benefits\/#breadcrumb","itemListElement":[{"@type":"ListItem","position":1,"name":"Home","item":"https:\/\/adelantehealthcare.com\/es\/"},{"@type":"ListItem","position":2,"name":"Carreras","item":"https:\/\/adelantehealthcare.com\/es\/careers\/"},{"@type":"ListItem","position":3,"name":"Beneficios para empleados"}]},{"@type":"WebSite","@id":"https:\/\/adelantehealthcare.com\/es\/#website","url":"https:\/\/adelantehealthcare.com\/es\/","name":"Adelante Healthcare","description":"Compassionate care, for your whole family","publisher":{"@id":"https:\/\/adelantehealthcare.com\/es\/#organization"},"alternateName":"Adelante Healthcare","potentialAction":[{"@type":"SearchAction","target":{"@type":"EntryPoint","urlTemplate":"https:\/\/adelantehealthcare.com\/es\/?s={search_term_string}"},"query-input":{"@type":"PropertyValueSpecification","valueRequired":true,"valueName":"search_term_string"}}],"inLanguage":"es"},{"@type":"Organization","@id":"https:\/\/adelantehealthcare.com\/es\/#organization","name":"Adelante Healthcare","url":"https:\/\/adelantehealthcare.com\/es\/","logo":{"@type":"ImageObject","inLanguage":"es","@id":"https:\/\/adelantehealthcare.com\/es\/#\/schema\/logo\/image\/","url":"https:\/\/adelantehealthcare.com\/wp-content\/uploads\/2024\/02\/adelante-healthcare.jpg","contentUrl":"https:\/\/adelantehealthcare.com\/wp-content\/uploads\/2024\/02\/adelante-healthcare.jpg","width":500,"height":500,"caption":"Adelante Healthcare"},"image":{"@id":"https:\/\/adelantehealthcare.com\/es\/#\/schema\/logo\/image\/"}}]}},"_links":{"self":[{"href":"https:\/\/adelantehealthcare.com\/es\/wp-json\/wp\/v2\/pages\/3376","targetHints":{"allow":["GET"]}}],"collection":[{"href":"https:\/\/adelantehealthcare.com\/es\/wp-json\/wp\/v2\/pages"}],"about":[{"href":"https:\/\/adelantehealthcare.com\/es\/wp-json\/wp\/v2\/types\/page"}],"author":[{"embeddable":true,"href":"https:\/\/adelantehealthcare.com\/es\/wp-json\/wp\/v2\/users\/1"}],"replies":[{"embeddable":true,"href":"https:\/\/adelantehealthcare.com\/es\/wp-json\/wp\/v2\/comments?post=3376"}],"version-history":[{"count":0,"href":"https:\/\/adelantehealthcare.com\/es\/wp-json\/wp\/v2\/pages\/3376\/revisions"}],"up":[{"embeddable":true,"href":"https:\/\/adelantehealthcare.com\/es\/wp-json\/wp\/v2\/pages\/3325"}],"wp:featuredmedia":[{"embeddable":true,"href":"https:\/\/adelantehealthcare.com\/es\/wp-json\/wp\/v2\/media\/2630"}],"wp:attachment":[{"href":"https:\/\/adelantehealthcare.com\/es\/wp-json\/wp\/v2\/media?parent=3376"}],"curies":[{"name":"wp","href":"https:\/\/api.w.org\/{rel}","templated":true}]}}