{"id":3374,"date":"2022-05-10T14:27:00","date_gmt":"2022-05-10T21:27:00","guid":{"rendered":"http:\/\/localhost:10004\/hipaa-notice-of-privacy-practices\/"},"modified":"2024-08-21T14:34:01","modified_gmt":"2024-08-21T21:34:01","slug":"hipaa-notice-of-privacy-practices","status":"publish","type":"page","link":"https:\/\/adelantehealthcare.com\/es\/hipaa-notice-of-privacy-practices\/","title":{"rendered":"Aviso de pr\u00e1cticas de privacidad de HIPAA"},"content":{"rendered":"\n<h2 class=\"wp-block-heading\">Su informaci\u00f3n de salud es privada<\/h2>\n\n<p class=\"has-medium-font-size\">Adelante Healthcare (&#8220;AHC&#8221;) se compromete a proteger la confidencialidad de la informaci\u00f3n sobre usted, y est\u00e1 obligado por ley a hacerlo. Este aviso describe c\u00f3mo podemos usar la informaci\u00f3n sobre usted dentro de Adelante Healthcare y c\u00f3mo podemos divulgarla a otras personas fuera de AHC. Le notificaremos si hay una violaci\u00f3n de su informaci\u00f3n m\u00e9dica protegida no segura. Este aviso tambi\u00e9n describe los derechos que tiene con respecto a su propia informaci\u00f3n de salud.<\/p>\n\n<p><em>Fecha de entrada en vigor el 23 de septiembre de 2013.<\/em><\/p>\n\n<hr class=\"wp-block-separator has-alpha-channel-opacity\"\/>\n\n<p class=\"has-medium-font-size\"><strong>C\u00f3mo usamos y divulgamos informaci\u00f3n sobre usted<\/strong><\/p>\n\n<p><strong>Tratamiento: <\/strong> AHC puede usar informaci\u00f3n sobre usted para proporcionarle servicios y suministros. Tambi\u00e9n podemos divulgar informaci\u00f3n sobre usted a otras personas que necesitan la informaci\u00f3n para tratarlo, como m\u00e9dicos, asistentes m\u00e9dicos, enfermeras, estudiantes, t\u00e9cnicos, terapeutas, dentistas, proveedores de servicios de emergencia y transporte m\u00e9dico, proveedores de equipos m\u00e9dicos y otras personas involucradas en su atenci\u00f3n. Por ejemplo, permitiremos que su m\u00e9dico tenga acceso a su registro de salud para ayudarlo en su tratamiento y para la atenci\u00f3n de seguimiento. Podemos hacer que su informaci\u00f3n de salud est\u00e9 disponible electr\u00f3nicamente a trav\u00e9s de un intercambio electr\u00f3nico de informaci\u00f3n de salud (&#8220;HIE&#8221;) a otros proveedores de atenci\u00f3n m\u00e9dica y planes de salud que soliciten su informaci\u00f3n para fines de tratamiento y pago.<\/p>\n\n<p>Tambi\u00e9n podemos usar y divulgar informaci\u00f3n sobre usted para comunicarnos con usted para recordarle una pr\u00f3xima cita, para informarle sobre posibles opciones o alternativas de tratamiento, o para informarle sobre servicios relacionados con la salud disponibles para usted.<\/p>\n\n<p><strong>Miembros de la familia y otras personas involucradas en su cuidado: <\/strong> AHC puede divulgar informaci\u00f3n sobre usted a un familiar o amigo que est\u00e9 involucrado en su cuidado. Si no desea que el Centro divulgue informaci\u00f3n sobre usted a familiares u otras personas, debe notificar al personal de registro \/ recepci\u00f3n en el Centro. En caso de un desastre, podemos divulgar informaci\u00f3n sobre usted para ayudar a localizar a un familiar o amigo en un desastre.<\/p>\n\n<p><strong>Pago: <\/strong> AHC puede usar y divulgar informaci\u00f3n sobre usted para recibir pagos por los servicios y suministros que le brindamos. Por ejemplo, su plan de salud o compa\u00f1\u00eda de seguros de salud puede solicitar ver partes de su registro de salud antes de que nos paguen por su tratamiento.<\/p>\n\n<p><strong>Operaciones de atenci\u00f3n m\u00e9dica: <\/strong> AHC puede usar y divulgar informaci\u00f3n sobre usted si es necesario para mejorar la calidad de la atenci\u00f3n que brindamos a los pacientes o para operaciones de atenci\u00f3n m\u00e9dica. Podemos utilizar su informaci\u00f3n para llevar a cabo actividades de mejora de la calidad, para obtener servicios de auditor\u00eda, contabilidad o legales, o para llevar a cabo la gesti\u00f3n y planificaci\u00f3n empresarial. Por ejemplo, podemos usar informaci\u00f3n de salud para revisar nuestro tratamiento y servicios y para evaluar el desempe\u00f1o de nuestro personal en el cuidado de usted.<\/p>\n\n<p><strong>Marketing y<\/strong> <strong>recaudaci\u00f3n de fondos:<\/strong> Adelante puede ponerse en contacto conmigo a trav\u00e9s del tel\u00e9fono, correo electr\u00f3nico y texto sobre servicios especiales, eventos, recaudaci\u00f3n de fondos o nueva informaci\u00f3n o servicios de salud. La frecuencia de los mensajes de texto variar\u00e1, pero no superar\u00e1 los 3 mensajes al mes. Si desea excluirse de estas comunicaciones, se le ofrecer\u00e1 la opci\u00f3n de no recibirlas. Puede darse de baja del programa en cualquier momento. Si desea darse de baja de estas comunicaciones y dejar de recibir mensajes de m\u00f3vil o correos electr\u00f3nicos nuestros, o si ya no est\u00e1 de acuerdo con estas Condiciones de mensajer\u00eda m\u00f3vil, responda <strong>STOP<\/strong> y\/o <strong>DARSE DE BAJA <\/strong>a cualquier mensaje nuestro. Tambi\u00e9n puede hacerlo notific\u00e1ndolo por correo al Responsable de Protecci\u00f3n de Datos, 3033 N. Central Ave, Ste. 145, Phoenix, AZ 85012 o por correo electr\u00f3nico a privacyofficer@adelantehealthcare.com. Su informaci\u00f3n sanitaria no se comparte con fines de marketing o recaudaci\u00f3n de fondos.<\/p>\n\n<p><strong>Investigaci\u00f3n: <\/strong> AHC puede usar o divulgar informaci\u00f3n sobre usted para proyectos de investigaci\u00f3n, como estudiar la efectividad de un tratamiento que recibi\u00f3. Estos proyectos de investigaci\u00f3n deben pasar por un proceso especial que protege la confidencialidad de su informaci\u00f3n.<\/p>\n\n<p><strong>Requerido por la ley: <\/strong> Las leyes federales, estatales o locales no requieren el consentimiento del paciente para divulgar informaci\u00f3n que debe informarse. Por ejemplo, estamos obligados a denunciar el abuso y la negligencia infantil, las heridas de bala, etc. La pol\u00edtica p\u00fablica ha determinado que este tipo de necesidades superan el derecho del paciente a la privacidad. AHC tambi\u00e9n est\u00e1 obligado a dar informaci\u00f3n al programa estatal de compensaci\u00f3n para trabajadores por lesiones relacionadas con el trabajo.<\/p>\n\n<p><strong>Salud p\u00fablica:<\/strong> AHC puede reportar cierta informaci\u00f3n de salud para fines de salud p\u00fablica. Por ejemplo, estamos obligados por ley a reportar nacimientos, muertes y enfermedades transmisibles al estado. Tambi\u00e9n es posible que tengamos que informar los problemas del paciente con medicamentos o productos m\u00e9dicos al fabricante y a la FDA.<\/p>\n\n<p><strong>Seguridad p\u00fablica:<\/strong> AHC puede divulgar informaci\u00f3n de salud con fines de seguridad p\u00fablica en circunstancias limitadas. Podemos divulgar informaci\u00f3n m\u00e9dica a los funcionarios encargados de hacer cumplir la ley o al tribunal en respuesta a una orden de registro u otra orden judicial. Tambi\u00e9n podemos divulgar informaci\u00f3n de salud para ayudar a los funcionarios encargados de hacer cumplir la ley a identificar o localizar a una persona, para procesar un delito de violencia, para informar muertes que puedan haber resultado de una conducta criminal en el Centro. Tambi\u00e9n podemos divulgar informaci\u00f3n sobre usted a funcionarios encargados de hacer cumplir la ley y otros para prevenir una amenaza grave para la salud o la seguridad.<\/p>\n\n<p><strong>Actividades de supervisi\u00f3n de la salud: <\/strong> AHC puede divulgar informaci\u00f3n m\u00e9dica a un gobierno o agencia de supervisi\u00f3n que supervise los centros de AHC o su personal, como el departamento de servicios de salud del estado u otras agencias federales que supervisan Medicare, o agencias de licencias que gobiernan a los m\u00e9dicos y otros profesionales de la salud.<\/p>\n","protected":false},"excerpt":{"rendered":"<p>Su informaci\u00f3n de salud es privada Adelante Healthcare (&#8220;AHC&#8221;) se compromete a proteger la confidencialidad de la informaci\u00f3n sobre usted, y est\u00e1 obligado por ley a hacerlo. Este aviso describe c\u00f3mo podemos usar la informaci\u00f3n sobre usted dentro de Adelante Healthcare y c\u00f3mo podemos divulgarla a otras personas fuera de AHC. Le notificaremos si hay [&hellip;]<\/p>\n","protected":false},"author":1,"featured_media":0,"parent":0,"menu_order":0,"comment_status":"closed","ping_status":"closed","template":"","meta":{"_acf_changed":false,"_yoast_wpseo_title":"","_yoast_wpseo_metadesc":"","_monsterinsights_skip_tracking":false,"_monsterinsights_sitenote_active":false,"_monsterinsights_sitenote_note":"","_monsterinsights_sitenote_category":0,"_metasync_otto_title":"","_metasync_otto_description":"","_metasync_otto_keywords":"","_metasync_otto_og_title":"","_metasync_otto_og_description":"","_metasync_otto_twitter_title":"","_metasync_otto_twitter_description":"","rank_math_title":"","rank_math_description":"","_aioseo_title":"","_aioseo_description":"","_metasync_seo_title":"","_metasync_seo_desc":"","_metasync_primary_product_cat":0,"_metasync_otto_disabled":"","_metasync_breadcrumb_title":"","_metasync_primary_category":0,"footnotes":""},"class_list":["post-3374","page","type-page","status-publish","hentry"],"acf":[],"yoast_head":"<!-- This site is optimized with the Yoast SEO plugin v27.4 - https:\/\/yoast.com\/product\/yoast-seo-wordpress\/ -->\n<title>Aviso de pr\u00e1cticas de privacidad de HIPAA | Adelante Healthcare<\/title>\n<meta name=\"robots\" content=\"index, follow, max-snippet:-1, max-image-preview:large, max-video-preview:-1\" \/>\n<link rel=\"canonical\" href=\"https:\/\/adelantehealthcare.com\/es\/hipaa-notice-of-privacy-practices\/\" \/>\n<meta property=\"og:locale\" content=\"es_ES\" \/>\n<meta property=\"og:type\" content=\"article\" \/>\n<meta property=\"og:title\" content=\"Aviso de pr\u00e1cticas de privacidad de HIPAA | Adelante Healthcare\" \/>\n<meta property=\"og:description\" content=\"Su informaci\u00f3n de salud es privada Adelante Healthcare (&#8220;AHC&#8221;) se compromete a proteger la confidencialidad de la informaci\u00f3n sobre usted, y est\u00e1 obligado por ley a hacerlo. Este aviso describe c\u00f3mo podemos usar la informaci\u00f3n sobre usted dentro de Adelante Healthcare y c\u00f3mo podemos divulgarla a otras personas fuera de AHC. Le notificaremos si hay [&hellip;]\" \/>\n<meta property=\"og:url\" content=\"https:\/\/adelantehealthcare.com\/es\/hipaa-notice-of-privacy-practices\/\" \/>\n<meta property=\"og:site_name\" content=\"Adelante Healthcare\" \/>\n<meta property=\"article:modified_time\" content=\"2024-08-21T21:34:01+00:00\" \/>\n<meta property=\"og:image\" content=\"https:\/\/adelantehealthcare.com\/wp-content\/uploads\/2024\/02\/adelante-healthcare.jpg\" \/>\n\t<meta property=\"og:image:width\" content=\"500\" \/>\n\t<meta property=\"og:image:height\" content=\"500\" \/>\n\t<meta property=\"og:image:type\" content=\"image\/jpeg\" \/>\n<meta name=\"twitter:card\" content=\"summary_large_image\" \/>\n<!-- \/ Yoast SEO plugin. -->","yoast_head_json":{"title":"Aviso de pr\u00e1cticas de privacidad de HIPAA | Adelante Healthcare","robots":{"index":"index","follow":"follow","max-snippet":"max-snippet:-1","max-image-preview":"max-image-preview:large","max-video-preview":"max-video-preview:-1"},"canonical":"https:\/\/adelantehealthcare.com\/es\/hipaa-notice-of-privacy-practices\/","og_locale":"es_ES","og_type":"article","og_title":"Aviso de pr\u00e1cticas de privacidad de HIPAA | Adelante Healthcare","og_description":"Su informaci\u00f3n de salud es privada Adelante Healthcare (&#8220;AHC&#8221;) se compromete a proteger la confidencialidad de la informaci\u00f3n sobre usted, y est\u00e1 obligado por ley a hacerlo. Este aviso describe c\u00f3mo podemos usar la informaci\u00f3n sobre usted dentro de Adelante Healthcare y c\u00f3mo podemos divulgarla a otras personas fuera de AHC. Le notificaremos si hay [&hellip;]","og_url":"https:\/\/adelantehealthcare.com\/es\/hipaa-notice-of-privacy-practices\/","og_site_name":"Adelante Healthcare","article_modified_time":"2024-08-21T21:34:01+00:00","og_image":[{"width":500,"height":500,"url":"https:\/\/adelantehealthcare.com\/wp-content\/uploads\/2024\/02\/adelante-healthcare.jpg","type":"image\/jpeg"}],"twitter_card":"summary_large_image","schema":{"@context":"https:\/\/schema.org","@graph":[{"@type":"WebPage","@id":"https:\/\/adelantehealthcare.com\/es\/hipaa-notice-of-privacy-practices\/","url":"https:\/\/adelantehealthcare.com\/es\/hipaa-notice-of-privacy-practices\/","name":"Aviso de pr\u00e1cticas de privacidad de HIPAA | Adelante Healthcare","isPartOf":{"@id":"https:\/\/adelantehealthcare.com\/es\/#website"},"datePublished":"2022-05-10T21:27:00+00:00","dateModified":"2024-08-21T21:34:01+00:00","breadcrumb":{"@id":"https:\/\/adelantehealthcare.com\/es\/hipaa-notice-of-privacy-practices\/#breadcrumb"},"inLanguage":"es","potentialAction":[{"@type":"ReadAction","target":["https:\/\/adelantehealthcare.com\/es\/hipaa-notice-of-privacy-practices\/"]}]},{"@type":"BreadcrumbList","@id":"https:\/\/adelantehealthcare.com\/es\/hipaa-notice-of-privacy-practices\/#breadcrumb","itemListElement":[{"@type":"ListItem","position":1,"name":"Home","item":"https:\/\/adelantehealthcare.com\/es\/"},{"@type":"ListItem","position":2,"name":"Aviso de pr\u00e1cticas de privacidad de HIPAA"}]},{"@type":"WebSite","@id":"https:\/\/adelantehealthcare.com\/es\/#website","url":"https:\/\/adelantehealthcare.com\/es\/","name":"Adelante Healthcare","description":"Compassionate care, for your whole family","publisher":{"@id":"https:\/\/adelantehealthcare.com\/es\/#organization"},"alternateName":"Adelante Healthcare","potentialAction":[{"@type":"SearchAction","target":{"@type":"EntryPoint","urlTemplate":"https:\/\/adelantehealthcare.com\/es\/?s={search_term_string}"},"query-input":{"@type":"PropertyValueSpecification","valueRequired":true,"valueName":"search_term_string"}}],"inLanguage":"es"},{"@type":"Organization","@id":"https:\/\/adelantehealthcare.com\/es\/#organization","name":"Adelante Healthcare","url":"https:\/\/adelantehealthcare.com\/es\/","logo":{"@type":"ImageObject","inLanguage":"es","@id":"https:\/\/adelantehealthcare.com\/es\/#\/schema\/logo\/image\/","url":"https:\/\/adelantehealthcare.com\/wp-content\/uploads\/2024\/02\/adelante-healthcare.jpg","contentUrl":"https:\/\/adelantehealthcare.com\/wp-content\/uploads\/2024\/02\/adelante-healthcare.jpg","width":500,"height":500,"caption":"Adelante Healthcare"},"image":{"@id":"https:\/\/adelantehealthcare.com\/es\/#\/schema\/logo\/image\/"}}]}},"_links":{"self":[{"href":"https:\/\/adelantehealthcare.com\/es\/wp-json\/wp\/v2\/pages\/3374","targetHints":{"allow":["GET"]}}],"collection":[{"href":"https:\/\/adelantehealthcare.com\/es\/wp-json\/wp\/v2\/pages"}],"about":[{"href":"https:\/\/adelantehealthcare.com\/es\/wp-json\/wp\/v2\/types\/page"}],"author":[{"embeddable":true,"href":"https:\/\/adelantehealthcare.com\/es\/wp-json\/wp\/v2\/users\/1"}],"replies":[{"embeddable":true,"href":"https:\/\/adelantehealthcare.com\/es\/wp-json\/wp\/v2\/comments?post=3374"}],"version-history":[{"count":0,"href":"https:\/\/adelantehealthcare.com\/es\/wp-json\/wp\/v2\/pages\/3374\/revisions"}],"wp:attachment":[{"href":"https:\/\/adelantehealthcare.com\/es\/wp-json\/wp\/v2\/media?parent=3374"}],"curies":[{"name":"wp","href":"https:\/\/api.w.org\/{rel}","templated":true}]}}