{"id":3368,"date":"2022-05-10T14:26:09","date_gmt":"2022-05-10T21:26:09","guid":{"rendered":"http:\/\/localhost:10004\/community\/community-programs\/"},"modified":"2024-08-21T14:34:02","modified_gmt":"2024-08-21T21:34:02","slug":"community-programs","status":"publish","type":"page","link":"https:\/\/adelantehealthcare.com\/es\/community\/community-programs\/","title":{"rendered":"Programas Comunitarios"},"content":{"rendered":"\n<h2 class=\"wp-block-heading\">Hacer que su atenci\u00f3n m\u00e9dica sea econ\u00f3mico y accesible<\/h2>\n\n<p class=\"has-medium-font-size\">En Adelante Healthcare, creemos que todos tienen derecho a recibir atenci\u00f3n m\u00e9dica de calidad a un precio econ\u00f3mico. Si no tiene seguro o tiene un seguro insuficiente, puede calificar para programas y servicios con tarifas reducidas basadas en sus ingresos y el tama\u00f1o de su familia. Adem\u00e1s, hay una serie de opciones de asistencia financiera disponibles para aquellos que tienen una necesidad.<\/p>\n\n<hr class=\"wp-block-separator has-alpha-channel-opacity\"\/>\n\n<h3 class=\"wp-block-heading\">Descuentos en una escala m\u00f3vil <\/h3>\n\n<p>El programa de descuento de tarifa m\u00f3vil de Adelante permite a los pacientes pagar diferentes tarifas por los servicios dependiendo de sus ingresos y el tama\u00f1o de su hogar. Los servicios incluyen visitas al m\u00e9dico y laboratorios; servicios de salud de la mujer, atenci\u00f3n prenatal y de maternidad y planificaci\u00f3n de la familia; y servicios dentales. La lista m\u00f3vil de tarifas se basa en las pautas del Nivel Federal de Pobreza y se actualiza anualmente para garantizar que se aplique un cargo no discriminatorio, uniforme y razonable de manera consistente y uniforme.<\/p>\n\n<p>Para obtener m\u00e1s informaci\u00f3n y averiguar si califica para este u otros programas de asistencia financiera, comun\u00edquese con nuestro Centro de Apoyo al Paciente al <a href=\"tel:4809642273\">480-964-2273<\/a> para programar una cita con uno de nuestros especialistas en elegibilidad.<\/p>\n\n<hr class=\"wp-block-separator has-alpha-channel-opacity\"\/>\n\n<h3 class=\"wp-block-heading\">AHCCCS (Medicaid)<\/h3>\n\n<p>El Sistema de Contenci\u00f3n de Costos de Atenci\u00f3n M\u00e9dica de Arizona (AHCCCS) es la agencia de Medicaid de Arizona que ofrece programas de atenci\u00f3n m\u00e9dica a los residentes del estado que cumplen con ciertos requisitos de ingresos y otros. Cualquier persona en su familia que cumpla con estos requisitos puede solicitar asistencia de AHCCCS. Nuestros especialistas pueden brindarle m\u00e1s informaci\u00f3n sobre el programa y ayudarlo a solicitar o renovar su cobertura. Para programar una cita en una de nuestras ubicaciones de Arizona Central, comun\u00edquese con nuestro Centro de Apoyo al Paciente al <a href=\"tel:4809642273\">480-964-2273<\/a>. <\/p>\n\n<div class=\"wp-block-buttons is-layout-flex wp-block-buttons-is-layout-flex\">\n<div class=\"wp-block-button is-style-outline is-style-outline--1\"><a class=\"wp-block-button__link wp-element-button\" href=\"https:\/\/www.azahcccs.gov\/Members\/GetCovered\/\" target=\"_blank\" rel=\"noreferrer noopener\">M\u00e1s informaci\u00f3n sobre AHCCCS<\/a><\/div>\n<\/div>\n\n<hr class=\"wp-block-separator has-alpha-channel-opacity\"\/>\n\n<h3 class=\"wp-block-heading\">Programa de Asistencia Nutricional Suplementaria (SNAP)<\/h3>\n\n<p>Lo que sol\u00eda llamarse el Programa de Cupones para Alimentos ahora es SNAP, el programa de asistencia nutricional de Arizona. SNAP proporciona a los hogares elegibles beneficios mensuales que pueden usar para comprar alimentos nutritivos. Nuestros especialistas pueden ayudarlo con el proceso de solicitud de SNAP. Para programar una cita, comun\u00edquese con nuestro Centro de Apoyo al Paciente al <a href=\"tel:4809642273\"><\/a><a href=\"tel:4809642273\">480-964-2273<\/a>. <\/p>\n\n<div class=\"wp-block-buttons is-layout-flex wp-block-buttons-is-layout-flex\">\n<div class=\"wp-block-button is-style-outline is-style-outline--2\"><a class=\"wp-block-button__link wp-element-button\"><strong>M\u00e1s informaci\u00f3n sobre SNAP<\/strong><\/a><\/div>\n<\/div>\n\n<hr class=\"wp-block-separator has-alpha-channel-opacity\"\/>\n\n<h3 class=\"wp-block-heading\">Asistencia en efectivo (TANF)<\/h3>\n\n<p>La Asistencia Temporal para Familias Necesitadas (TANF) es ofrecida por el Departamento de Seguridad Econ\u00f3mica de Arizona para ayudar a las familias a satisfacer sus necesidades b\u00e1sicas de bienestar y seguridad, en su camino hacia la autosuficiencia. Este programa de asistencia en efectivo proporciona beneficios temporales en efectivo y servicios de apoyo a los ni\u00f1os m\u00e1s necesitados de Arizona y sus familias. Nuestros especialistas pueden ayudarlo con el proceso de solicitud de TANF. Para programar una cita, comun\u00edquese con nuestro Centro de Apoyo al Paciente al <a href=\"tel:4809642273\"><\/a><a href=\"tel:4809642273\">480-964-2273<\/a>. <\/p>\n\n<div class=\"wp-block-buttons is-layout-flex wp-block-buttons-is-layout-flex\">\n<div class=\"wp-block-button is-style-outline is-style-outline--3\"><a class=\"wp-block-button__link wp-element-button\" href=\"https:\/\/des.az.gov\/services\/child-and-family\/cash-assistance\" target=\"_blank\" rel=\"noreferrer noopener\">M\u00e1s informaci\u00f3n sobre TANF<\/a><\/div>\n<\/div>\n\n<hr class=\"wp-block-separator has-alpha-channel-opacity\"\/>\n\n<h3 class=\"wp-block-heading\">Mercado de Seguros M\u00e9dicos (ACA)<\/h3>\n\n<p>El Mercado de Seguros M\u00e9dicos, tambi\u00e9n conocido como El Mercado, se cre\u00f3 bajo la Ley del Cuidado de Salud a Bajo Precio como un recurso integral en l\u00ednea que facilita la b\u00fasqueda de cobertura de atenci\u00f3n m\u00e9dica econ\u00f3mico. En Arizona, puede acceder a The Marketplace en HealthCare.gov, para aprovechar este recurso:<\/p>\n\n<ul class=\"wp-block-list\">\n<li>Compre, compare e inscr\u00edbase en el plan que mejor se adapte a sus necesidades y presupuesto<\/li>\n\n\n\n<li>Vea si es elegible para cr\u00e9ditos fiscales federales y subsidios o descuentos que ayudar\u00e1n a cubrir los costos del seguro<\/li>\n\n\n\n<li>Verifique la elegibilidad para programas de salud p\u00fablica como AHCCCS<\/li>\n<\/ul>\n\n<p>Incluso si no ha podido pagar un seguro de salud antes, puede calificar para recibir ayuda financiera para pagar un seguro de salud privado, o puede ser elegible para el programa ampliado AHCCCS. If you would like help applying on The Marketplace for AHCCCS or private health insurance, call our Patient Support Center today at <a href=\"tel:4809642273\">480-964-2273<\/a> to set up an appointment.<\/p>\n\n<div class=\"wp-block-buttons is-layout-flex wp-block-buttons-is-layout-flex\">\n<div class=\"wp-block-button is-style-outline is-style-outline--4\"><a class=\"wp-block-button__link wp-element-button\" href=\"https:\/\/www.healthcare.gov\/\" target=\"_blank\" rel=\"noreferrer noopener\">M\u00e1s informaci\u00f3n sobre The Marketplace<\/a><\/div>\n<\/div>\n","protected":false},"excerpt":{"rendered":"<p>Hacer que su atenci\u00f3n m\u00e9dica sea econ\u00f3mico y accesible En Adelante Healthcare, creemos que todos tienen derecho a recibir atenci\u00f3n m\u00e9dica de calidad a un precio econ\u00f3mico. Si no tiene seguro o tiene un seguro insuficiente, puede calificar para programas y servicios con tarifas reducidas basadas en sus ingresos y el tama\u00f1o de su familia. [&hellip;]<\/p>\n","protected":false},"author":1,"featured_media":2628,"parent":3820,"menu_order":0,"comment_status":"closed","ping_status":"closed","template":"","meta":{"_acf_changed":false,"_yoast_wpseo_title":"","_yoast_wpseo_metadesc":"","_monsterinsights_skip_tracking":false,"_monsterinsights_sitenote_active":false,"_monsterinsights_sitenote_note":"","_monsterinsights_sitenote_category":0,"_metasync_otto_title":"","_metasync_otto_description":"","_metasync_otto_keywords":"","_metasync_otto_og_title":"","_metasync_otto_og_description":"","_metasync_otto_twitter_title":"","_metasync_otto_twitter_description":"","rank_math_title":"","rank_math_description":"","_aioseo_title":"","_aioseo_description":"","_metasync_seo_title":"","_metasync_seo_desc":"","_metasync_primary_product_cat":0,"_metasync_otto_disabled":"","_metasync_breadcrumb_title":"","_metasync_primary_category":0,"footnotes":""},"class_list":["post-3368","page","type-page","status-publish","has-post-thumbnail","hentry"],"acf":[],"yoast_head":"<!-- This site is optimized with the Yoast SEO plugin v27.4 - https:\/\/yoast.com\/product\/yoast-seo-wordpress\/ -->\n<title>Programas Comunitarios | Adelante Healthcare<\/title>\n<meta name=\"robots\" content=\"index, follow, max-snippet:-1, max-image-preview:large, max-video-preview:-1\" \/>\n<link rel=\"canonical\" href=\"https:\/\/adelantehealthcare.com\/es\/community\/community-programs\/\" \/>\n<meta property=\"og:locale\" content=\"es_ES\" \/>\n<meta property=\"og:type\" content=\"article\" \/>\n<meta property=\"og:title\" content=\"Programas Comunitarios | Adelante Healthcare\" \/>\n<meta property=\"og:description\" content=\"Hacer que su atenci\u00f3n m\u00e9dica sea econ\u00f3mico y accesible En Adelante Healthcare, creemos que todos tienen derecho a recibir atenci\u00f3n m\u00e9dica de calidad a un precio econ\u00f3mico. Si no tiene seguro o tiene un seguro insuficiente, puede calificar para programas y servicios con tarifas reducidas basadas en sus ingresos y el tama\u00f1o de su familia. [&hellip;]\" \/>\n<meta property=\"og:url\" content=\"https:\/\/adelantehealthcare.com\/es\/community\/community-programs\/\" \/>\n<meta property=\"og:site_name\" content=\"Adelante Healthcare\" \/>\n<meta property=\"article:modified_time\" content=\"2024-08-21T21:34:02+00:00\" \/>\n<meta property=\"og:image\" content=\"https:\/\/adelantehealthcare.com\/wp-content\/uploads\/2022\/05\/0J5A5485-Adjust.jpg\" \/>\n\t<meta property=\"og:image:width\" content=\"1920\" \/>\n\t<meta property=\"og:image:height\" content=\"1080\" \/>\n\t<meta property=\"og:image:type\" content=\"image\/jpeg\" \/>\n<meta name=\"twitter:card\" content=\"summary_large_image\" \/>\n<!-- \/ Yoast SEO plugin. -->","yoast_head_json":{"title":"Programas Comunitarios | Adelante Healthcare","robots":{"index":"index","follow":"follow","max-snippet":"max-snippet:-1","max-image-preview":"max-image-preview:large","max-video-preview":"max-video-preview:-1"},"canonical":"https:\/\/adelantehealthcare.com\/es\/community\/community-programs\/","og_locale":"es_ES","og_type":"article","og_title":"Programas Comunitarios | Adelante Healthcare","og_description":"Hacer que su atenci\u00f3n m\u00e9dica sea econ\u00f3mico y accesible En Adelante Healthcare, creemos que todos tienen derecho a recibir atenci\u00f3n m\u00e9dica de calidad a un precio econ\u00f3mico. Si no tiene seguro o tiene un seguro insuficiente, puede calificar para programas y servicios con tarifas reducidas basadas en sus ingresos y el tama\u00f1o de su familia. [&hellip;]","og_url":"https:\/\/adelantehealthcare.com\/es\/community\/community-programs\/","og_site_name":"Adelante Healthcare","article_modified_time":"2024-08-21T21:34:02+00:00","og_image":[{"width":1920,"height":1080,"url":"https:\/\/adelantehealthcare.com\/wp-content\/uploads\/2022\/05\/0J5A5485-Adjust.jpg","type":"image\/jpeg"}],"twitter_card":"summary_large_image","schema":{"@context":"https:\/\/schema.org","@graph":[{"@type":"WebPage","@id":"https:\/\/adelantehealthcare.com\/es\/community\/community-programs\/","url":"https:\/\/adelantehealthcare.com\/es\/community\/community-programs\/","name":"Programas Comunitarios | Adelante Healthcare","isPartOf":{"@id":"https:\/\/adelantehealthcare.com\/es\/#website"},"primaryImageOfPage":{"@id":"https:\/\/adelantehealthcare.com\/es\/community\/community-programs\/#primaryimage"},"image":{"@id":"https:\/\/adelantehealthcare.com\/es\/community\/community-programs\/#primaryimage"},"thumbnailUrl":"https:\/\/adelantehealthcare.com\/wp-content\/uploads\/2022\/05\/0J5A5485-Adjust.jpg","datePublished":"2022-05-10T21:26:09+00:00","dateModified":"2024-08-21T21:34:02+00:00","breadcrumb":{"@id":"https:\/\/adelantehealthcare.com\/es\/community\/community-programs\/#breadcrumb"},"inLanguage":"es","potentialAction":[{"@type":"ReadAction","target":["https:\/\/adelantehealthcare.com\/es\/community\/community-programs\/"]}]},{"@type":"ImageObject","inLanguage":"es","@id":"https:\/\/adelantehealthcare.com\/es\/community\/community-programs\/#primaryimage","url":"https:\/\/adelantehealthcare.com\/wp-content\/uploads\/2022\/05\/0J5A5485-Adjust.jpg","contentUrl":"https:\/\/adelantehealthcare.com\/wp-content\/uploads\/2022\/05\/0J5A5485-Adjust.jpg","width":1920,"height":1080,"caption":"Adelante Healthcare Community Programs"},{"@type":"BreadcrumbList","@id":"https:\/\/adelantehealthcare.com\/es\/community\/community-programs\/#breadcrumb","itemListElement":[{"@type":"ListItem","position":1,"name":"Home","item":"https:\/\/adelantehealthcare.com\/es\/"},{"@type":"ListItem","position":2,"name":"Comunidad","item":"https:\/\/adelantehealthcare.com\/es\/community\/"},{"@type":"ListItem","position":3,"name":"Programas Comunitarios"}]},{"@type":"WebSite","@id":"https:\/\/adelantehealthcare.com\/es\/#website","url":"https:\/\/adelantehealthcare.com\/es\/","name":"Adelante Healthcare","description":"Compassionate care, for your whole family","publisher":{"@id":"https:\/\/adelantehealthcare.com\/es\/#organization"},"alternateName":"Adelante Healthcare","potentialAction":[{"@type":"SearchAction","target":{"@type":"EntryPoint","urlTemplate":"https:\/\/adelantehealthcare.com\/es\/?s={search_term_string}"},"query-input":{"@type":"PropertyValueSpecification","valueRequired":true,"valueName":"search_term_string"}}],"inLanguage":"es"},{"@type":"Organization","@id":"https:\/\/adelantehealthcare.com\/es\/#organization","name":"Adelante Healthcare","url":"https:\/\/adelantehealthcare.com\/es\/","logo":{"@type":"ImageObject","inLanguage":"es","@id":"https:\/\/adelantehealthcare.com\/es\/#\/schema\/logo\/image\/","url":"https:\/\/adelantehealthcare.com\/wp-content\/uploads\/2024\/02\/adelante-healthcare.jpg","contentUrl":"https:\/\/adelantehealthcare.com\/wp-content\/uploads\/2024\/02\/adelante-healthcare.jpg","width":500,"height":500,"caption":"Adelante Healthcare"},"image":{"@id":"https:\/\/adelantehealthcare.com\/es\/#\/schema\/logo\/image\/"}}]}},"_links":{"self":[{"href":"https:\/\/adelantehealthcare.com\/es\/wp-json\/wp\/v2\/pages\/3368","targetHints":{"allow":["GET"]}}],"collection":[{"href":"https:\/\/adelantehealthcare.com\/es\/wp-json\/wp\/v2\/pages"}],"about":[{"href":"https:\/\/adelantehealthcare.com\/es\/wp-json\/wp\/v2\/types\/page"}],"author":[{"embeddable":true,"href":"https:\/\/adelantehealthcare.com\/es\/wp-json\/wp\/v2\/users\/1"}],"replies":[{"embeddable":true,"href":"https:\/\/adelantehealthcare.com\/es\/wp-json\/wp\/v2\/comments?post=3368"}],"version-history":[{"count":0,"href":"https:\/\/adelantehealthcare.com\/es\/wp-json\/wp\/v2\/pages\/3368\/revisions"}],"up":[{"embeddable":true,"href":"https:\/\/adelantehealthcare.com\/es\/wp-json\/wp\/v2\/pages\/3820"}],"wp:featuredmedia":[{"embeddable":true,"href":"https:\/\/adelantehealthcare.com\/es\/wp-json\/wp\/v2\/media\/2628"}],"wp:attachment":[{"href":"https:\/\/adelantehealthcare.com\/es\/wp-json\/wp\/v2\/media?parent=3368"}],"curies":[{"name":"wp","href":"https:\/\/api.w.org\/{rel}","templated":true}]}}