{"id":3366,"date":"2022-05-10T14:25:53","date_gmt":"2022-05-10T21:25:53","guid":{"rendered":"http:\/\/localhost:10004\/community\/caremobile\/"},"modified":"2025-07-21T17:31:34","modified_gmt":"2025-07-22T00:31:34","slug":"caremobile","status":"publish","type":"page","link":"https:\/\/adelantehealthcare.com\/es\/community\/caremobile\/","title":{"rendered":"CareMobile"},"content":{"rendered":"\n<h2 class=\"wp-block-heading\">CareMobile proporciona servicios m\u00f3viles de atenci\u00f3n m\u00e9dica<\/h2>\n\n<p class=\"has-medium-font-size\">CareMobile de Adelante Healthcare es un veh\u00edculo moderno y totalmente equipado atendido por profesionales m\u00e9dicos que pueden brindar atenci\u00f3n a las personas de nuestra comunidad, reuni\u00e9ndose con ellas donde viven, trabajan y se re\u00fanen. <\/p>\n\n<p>Con nuestro alcance m\u00f3vil, las personas que tienen acceso limitado a servicios m\u00e9dicos b\u00e1sicos ahora pueden buscar atenci\u00f3n en su \u00e1rea. Tambi\u00e9n servimos a trabajadores agr\u00edcolas migrantes y nos asociamos con otras organizaciones para atender a cualquier persona que necesite atenci\u00f3n primaria aguda.<\/p>\n\n<p>Tambi\u00e9n brindamos atenci\u00f3n para episodios breves pero graves o cr\u00edticos de enfermedades o afecciones, para ayudar a iniciar a los pacientes en su camino hacia un mejor bienestar. <\/p>\n\n<hr class=\"wp-block-separator has-alpha-channel-opacity\"\/>\n\n<figure class=\"wp-block-video\"><video height=\"1080\" style=\"aspect-ratio: 1920 \/ 1080;\" width=\"1920\" autoplay=\"\" controls=\"\" src=\"https:\/\/adelantehealthcare.com\/wp-content\/uploads\/2023\/02\/CareMobileWEB.mp4\"><\/video><\/figure>\n\n<h3 class=\"wp-block-heading\">Los servicios m\u00f3viles incluyen:<\/h3>\n\n<ul class=\"wp-block-list\">\n<li>Visitas por enfermedad<\/li>\n\n\n\n<li>Ex\u00e1menes f\u00edsicos deportivos<\/li>\n\n\n\n<li>Vacunas e inmunizaciones<\/li>\n\n\n\n<li>Ex\u00e1menes de salud<\/li>\n\n\n\n<li>Elegibilidad<\/li>\n\n\n\n<li>Education<\/li>\n<\/ul>\n\n<hr class=\"wp-block-separator has-alpha-channel-opacity\"\/>\n\n<h3 class=\"wp-block-heading\">Llegar a nuestra comunidad desde el principio<\/h3>\n\n<p>Las ra\u00edces de Adelante Healthcare se plantaron hace m\u00e1s de 40 a\u00f1os en respuesta a los trabajadores migrantes que necesitan atenci\u00f3n accesible y de calidad. Luego, la <em>Cl\u00ednica Adelante<\/em> visit\u00f3 granjas y proporcion\u00f3 un lugar seguro para la atenci\u00f3n compasiva para aquellos que de otro modo habr\u00edan vivido en las sombras sin atenci\u00f3n m\u00e9dica. <\/p>\n\n<p>Esa misi\u00f3n contin\u00faa creciendo a medida que extendemos esos servicios m\u00e1s all\u00e1 de las paredes de nuestros centros de salud a la comunidad. Al permitirnos conectarnos con las personas cuando y donde nos necesiten, CareMobile apoya nuestros esfuerzos diarios para ser campeones del acceso a una excelente atenci\u00f3n compasiva. <\/p>\n","protected":false},"excerpt":{"rendered":"<p>CareMobile proporciona servicios m\u00f3viles de atenci\u00f3n m\u00e9dica CareMobile de Adelante Healthcare es un veh\u00edculo moderno y totalmente equipado atendido por profesionales m\u00e9dicos que pueden brindar atenci\u00f3n a las personas de nuestra comunidad, reuni\u00e9ndose con ellas donde viven, trabajan y se re\u00fanen. Con nuestro alcance m\u00f3vil, las personas que tienen acceso limitado a servicios m\u00e9dicos b\u00e1sicos [&hellip;]<\/p>\n","protected":false},"author":1,"featured_media":2627,"parent":3820,"menu_order":0,"comment_status":"closed","ping_status":"closed","template":"","meta":{"_acf_changed":false,"_yoast_wpseo_title":"CareMobile de Adelante Healthcare","_yoast_wpseo_metadesc":"CareMobile de Adelante Healthcare es un veh\u00edculo moderno y totalmente equipado atendido por profesionales m\u00e9dicos que pueden brindar atenci\u00f3n a las personas de nuestra comunidad, reuni\u00e9ndose con ellas donde viven, trabajan y se re\u00fanen.","_monsterinsights_skip_tracking":false,"_monsterinsights_sitenote_active":false,"_monsterinsights_sitenote_note":"","_monsterinsights_sitenote_category":0,"_metasync_otto_title":"","_metasync_otto_description":"","_metasync_otto_keywords":"","_metasync_otto_og_title":"","_metasync_otto_og_description":"","_metasync_otto_twitter_title":"","_metasync_otto_twitter_description":"","rank_math_title":"","rank_math_description":"","_aioseo_title":"","_aioseo_description":"","_metasync_seo_title":"","_metasync_seo_desc":"","_metasync_primary_product_cat":0,"_metasync_otto_disabled":"","_metasync_breadcrumb_title":"","_metasync_primary_category":0,"footnotes":""},"class_list":["post-3366","page","type-page","status-publish","has-post-thumbnail","hentry"],"acf":[],"yoast_head":"<!-- This site is optimized with the Yoast SEO plugin v27.4 - https:\/\/yoast.com\/product\/yoast-seo-wordpress\/ -->\n<title>CareMobile de Adelante Healthcare<\/title>\n<meta name=\"description\" content=\"CareMobile de Adelante Healthcare es un veh\u00edculo moderno y totalmente equipado atendido por profesionales m\u00e9dicos que pueden brindar atenci\u00f3n a las personas de nuestra comunidad, reuni\u00e9ndose con ellas donde viven, trabajan y se re\u00fanen.\" \/>\n<meta name=\"robots\" content=\"index, follow, max-snippet:-1, max-image-preview:large, max-video-preview:-1\" \/>\n<link rel=\"canonical\" href=\"https:\/\/adelantehealthcare.com\/es\/community\/caremobile\/\" \/>\n<meta property=\"og:locale\" content=\"es_ES\" \/>\n<meta property=\"og:type\" content=\"article\" \/>\n<meta property=\"og:title\" content=\"CareMobile de Adelante Healthcare\" \/>\n<meta property=\"og:description\" content=\"CareMobile de Adelante Healthcare es un veh\u00edculo moderno y totalmente equipado atendido por profesionales m\u00e9dicos que pueden brindar atenci\u00f3n a las personas de nuestra comunidad, reuni\u00e9ndose con ellas donde viven, trabajan y se re\u00fanen.\" \/>\n<meta property=\"og:url\" content=\"https:\/\/adelantehealthcare.com\/es\/community\/caremobile\/\" \/>\n<meta property=\"og:site_name\" content=\"Adelante Healthcare\" \/>\n<meta property=\"article:modified_time\" content=\"2025-07-22T00:31:34+00:00\" \/>\n<meta property=\"og:image\" content=\"https:\/\/adelantehealthcare.com\/wp-content\/uploads\/2022\/05\/0J5A6527.jpg\" \/>\n\t<meta property=\"og:image:width\" content=\"1920\" \/>\n\t<meta property=\"og:image:height\" content=\"1080\" \/>\n\t<meta property=\"og:image:type\" content=\"image\/jpeg\" \/>\n<meta name=\"twitter:card\" content=\"summary_large_image\" \/>\n<!-- \/ Yoast SEO plugin. -->","yoast_head_json":{"title":"CareMobile de Adelante Healthcare","description":"CareMobile de Adelante Healthcare es un veh\u00edculo moderno y totalmente equipado atendido por profesionales m\u00e9dicos que pueden brindar atenci\u00f3n a las personas de nuestra comunidad, reuni\u00e9ndose con ellas donde viven, trabajan y se re\u00fanen.","robots":{"index":"index","follow":"follow","max-snippet":"max-snippet:-1","max-image-preview":"max-image-preview:large","max-video-preview":"max-video-preview:-1"},"canonical":"https:\/\/adelantehealthcare.com\/es\/community\/caremobile\/","og_locale":"es_ES","og_type":"article","og_title":"CareMobile de Adelante Healthcare","og_description":"CareMobile de Adelante Healthcare es un veh\u00edculo moderno y totalmente equipado atendido por profesionales m\u00e9dicos que pueden brindar atenci\u00f3n a las personas de nuestra comunidad, reuni\u00e9ndose con ellas donde viven, trabajan y se re\u00fanen.","og_url":"https:\/\/adelantehealthcare.com\/es\/community\/caremobile\/","og_site_name":"Adelante Healthcare","article_modified_time":"2025-07-22T00:31:34+00:00","og_image":[{"width":1920,"height":1080,"url":"https:\/\/adelantehealthcare.com\/wp-content\/uploads\/2022\/05\/0J5A6527.jpg","type":"image\/jpeg"}],"twitter_card":"summary_large_image","schema":{"@context":"https:\/\/schema.org","@graph":[{"@type":"WebPage","@id":"https:\/\/adelantehealthcare.com\/es\/community\/caremobile\/","url":"https:\/\/adelantehealthcare.com\/es\/community\/caremobile\/","name":"CareMobile de Adelante Healthcare","isPartOf":{"@id":"https:\/\/adelantehealthcare.com\/es\/#website"},"primaryImageOfPage":{"@id":"https:\/\/adelantehealthcare.com\/es\/community\/caremobile\/#primaryimage"},"image":{"@id":"https:\/\/adelantehealthcare.com\/es\/community\/caremobile\/#primaryimage"},"thumbnailUrl":"https:\/\/adelantehealthcare.com\/wp-content\/uploads\/2022\/05\/0J5A6527.jpg","datePublished":"2022-05-10T21:25:53+00:00","dateModified":"2025-07-22T00:31:34+00:00","description":"CareMobile de Adelante Healthcare es un veh\u00edculo moderno y totalmente equipado atendido por profesionales m\u00e9dicos que pueden brindar atenci\u00f3n a las personas de nuestra comunidad, reuni\u00e9ndose con ellas donde viven, trabajan y se re\u00fanen.","breadcrumb":{"@id":"https:\/\/adelantehealthcare.com\/es\/community\/caremobile\/#breadcrumb"},"inLanguage":"es","potentialAction":[{"@type":"ReadAction","target":["https:\/\/adelantehealthcare.com\/es\/community\/caremobile\/"]}]},{"@type":"ImageObject","inLanguage":"es","@id":"https:\/\/adelantehealthcare.com\/es\/community\/caremobile\/#primaryimage","url":"https:\/\/adelantehealthcare.com\/wp-content\/uploads\/2022\/05\/0J5A6527.jpg","contentUrl":"https:\/\/adelantehealthcare.com\/wp-content\/uploads\/2022\/05\/0J5A6527.jpg","width":1920,"height":1080},{"@type":"BreadcrumbList","@id":"https:\/\/adelantehealthcare.com\/es\/community\/caremobile\/#breadcrumb","itemListElement":[{"@type":"ListItem","position":1,"name":"Home","item":"https:\/\/adelantehealthcare.com\/es\/"},{"@type":"ListItem","position":2,"name":"Comunidad","item":"https:\/\/adelantehealthcare.com\/es\/community\/"},{"@type":"ListItem","position":3,"name":"CareMobile"}]},{"@type":"WebSite","@id":"https:\/\/adelantehealthcare.com\/es\/#website","url":"https:\/\/adelantehealthcare.com\/es\/","name":"Adelante Healthcare","description":"Compassionate care, for your whole family","publisher":{"@id":"https:\/\/adelantehealthcare.com\/es\/#organization"},"alternateName":"Adelante Healthcare","potentialAction":[{"@type":"SearchAction","target":{"@type":"EntryPoint","urlTemplate":"https:\/\/adelantehealthcare.com\/es\/?s={search_term_string}"},"query-input":{"@type":"PropertyValueSpecification","valueRequired":true,"valueName":"search_term_string"}}],"inLanguage":"es"},{"@type":"Organization","@id":"https:\/\/adelantehealthcare.com\/es\/#organization","name":"Adelante Healthcare","url":"https:\/\/adelantehealthcare.com\/es\/","logo":{"@type":"ImageObject","inLanguage":"es","@id":"https:\/\/adelantehealthcare.com\/es\/#\/schema\/logo\/image\/","url":"https:\/\/adelantehealthcare.com\/wp-content\/uploads\/2024\/02\/adelante-healthcare.jpg","contentUrl":"https:\/\/adelantehealthcare.com\/wp-content\/uploads\/2024\/02\/adelante-healthcare.jpg","width":500,"height":500,"caption":"Adelante Healthcare"},"image":{"@id":"https:\/\/adelantehealthcare.com\/es\/#\/schema\/logo\/image\/"}}]}},"_links":{"self":[{"href":"https:\/\/adelantehealthcare.com\/es\/wp-json\/wp\/v2\/pages\/3366","targetHints":{"allow":["GET"]}}],"collection":[{"href":"https:\/\/adelantehealthcare.com\/es\/wp-json\/wp\/v2\/pages"}],"about":[{"href":"https:\/\/adelantehealthcare.com\/es\/wp-json\/wp\/v2\/types\/page"}],"author":[{"embeddable":true,"href":"https:\/\/adelantehealthcare.com\/es\/wp-json\/wp\/v2\/users\/1"}],"replies":[{"embeddable":true,"href":"https:\/\/adelantehealthcare.com\/es\/wp-json\/wp\/v2\/comments?post=3366"}],"version-history":[{"count":0,"href":"https:\/\/adelantehealthcare.com\/es\/wp-json\/wp\/v2\/pages\/3366\/revisions"}],"up":[{"embeddable":true,"href":"https:\/\/adelantehealthcare.com\/es\/wp-json\/wp\/v2\/pages\/3820"}],"wp:featuredmedia":[{"embeddable":true,"href":"https:\/\/adelantehealthcare.com\/es\/wp-json\/wp\/v2\/media\/2627"}],"wp:attachment":[{"href":"https:\/\/adelantehealthcare.com\/es\/wp-json\/wp\/v2\/media?parent=3366"}],"curies":[{"name":"wp","href":"https:\/\/api.w.org\/{rel}","templated":true}]}}