{"id":3364,"date":"2022-05-10T14:25:39","date_gmt":"2022-05-10T21:25:39","guid":{"rendered":"http:\/\/localhost:10004\/community\/get-involved\/"},"modified":"2024-12-30T12:18:18","modified_gmt":"2024-12-30T19:18:18","slug":"get-involved","status":"publish","type":"page","link":"https:\/\/adelantehealthcare.com\/es\/community\/get-involved\/","title":{"rendered":"Participe"},"content":{"rendered":"\n<h3 class=\"wp-block-heading\">Dar es cuidar<\/h3>\n\n<p>Sus contribuciones nos ayudan a romper las barreras para una atenci\u00f3n m\u00e9dica excelente, compasiva y asequible para cualquier persona que la necesite. Si desea saber c\u00f3mo donar a Adelante Healthcare y los beneficios, visite nuestro sitio web de donaciones.<\/p>\n\n<div class=\"wp-block-buttons is-layout-flex wp-block-buttons-is-layout-flex\">\n<div class=\"wp-block-button is-style-outline is-style-outline--1\"><a class=\"wp-block-button__link wp-element-button\" href=\"https:\/\/givebutter.com\/adelante-healthcare-inc\" target=\"_blank\" rel=\"noreferrer noopener\">Donar hoy<\/a><\/div>\n<\/div>\n\n<hr class=\"wp-block-separator has-alpha-channel-opacity\"\/>\n\n<h3 class=\"wp-block-heading\">Ofrecer tu tiempo como voluntario<\/h3>\n\n<p style=\"font-size:18px\">Adelante Healthcare ofrece oportunidades de voluntariado en nuestros diversos centros de salud para personas con mentalidad comunitaria que deseen participar. Estas oportunidades pueden incluir asistencia para el registro de votantes, saludadores, lectura de libros a los ni\u00f1os, apoyo administrativo y m\u00e1s.<\/p>\n\n<p>Para conocer nuestras oportunidades actuales de voluntariado, <a href=\"mailto:cmarvin@adelantehealthcare.org\" target=\"_blank\" rel=\"noreferrer noopener\">cont\u00e1ctenos<\/a>.<\/p>\n","protected":false},"excerpt":{"rendered":"<p>Dar es cuidar Sus contribuciones nos ayudan a romper las barreras para una atenci\u00f3n m\u00e9dica excelente, compasiva y asequible para cualquier persona que la necesite. Si desea saber c\u00f3mo donar a Adelante Healthcare y los beneficios, visite nuestro sitio web de donaciones. Ofrecer tu tiempo como voluntario Adelante Healthcare ofrece oportunidades de voluntariado en nuestros [&hellip;]<\/p>\n","protected":false},"author":1,"featured_media":2626,"parent":3820,"menu_order":0,"comment_status":"closed","ping_status":"closed","template":"","meta":{"_acf_changed":false,"_yoast_wpseo_title":"","_yoast_wpseo_metadesc":"","_monsterinsights_skip_tracking":false,"_monsterinsights_sitenote_active":false,"_monsterinsights_sitenote_note":"","_monsterinsights_sitenote_category":0,"_metasync_otto_title":"","_metasync_otto_description":"","_metasync_otto_keywords":"","_metasync_otto_og_title":"","_metasync_otto_og_description":"","_metasync_otto_twitter_title":"","_metasync_otto_twitter_description":"","rank_math_title":"","rank_math_description":"","_aioseo_title":"","_aioseo_description":"","_metasync_seo_title":"","_metasync_seo_desc":"","_metasync_primary_product_cat":0,"_metasync_otto_disabled":"","_metasync_breadcrumb_title":"","_metasync_primary_category":0,"footnotes":""},"class_list":["post-3364","page","type-page","status-publish","has-post-thumbnail","hentry"],"acf":[],"yoast_head":"<!-- This site is optimized with the Yoast SEO plugin v27.4 - https:\/\/yoast.com\/product\/yoast-seo-wordpress\/ -->\n<title>Participe | Adelante Healthcare<\/title>\n<meta name=\"robots\" content=\"index, follow, max-snippet:-1, max-image-preview:large, max-video-preview:-1\" \/>\n<link rel=\"canonical\" href=\"https:\/\/adelantehealthcare.com\/es\/community\/get-involved\/\" \/>\n<meta property=\"og:locale\" content=\"es_ES\" \/>\n<meta property=\"og:type\" content=\"article\" \/>\n<meta property=\"og:title\" content=\"Participe | Adelante Healthcare\" \/>\n<meta property=\"og:description\" content=\"Dar es cuidar Sus contribuciones nos ayudan a romper las barreras para una atenci\u00f3n m\u00e9dica excelente, compasiva y asequible para cualquier persona que la necesite. Si desea saber c\u00f3mo donar a Adelante Healthcare y los beneficios, visite nuestro sitio web de donaciones. Ofrecer tu tiempo como voluntario Adelante Healthcare ofrece oportunidades de voluntariado en nuestros [&hellip;]\" \/>\n<meta property=\"og:url\" content=\"https:\/\/adelantehealthcare.com\/es\/community\/get-involved\/\" \/>\n<meta property=\"og:site_name\" content=\"Adelante Healthcare\" \/>\n<meta property=\"article:modified_time\" content=\"2024-12-30T19:18:18+00:00\" \/>\n<meta property=\"og:image\" content=\"https:\/\/adelantehealthcare.com\/wp-content\/uploads\/2022\/05\/0J5A9470-Adjust.jpg\" \/>\n\t<meta property=\"og:image:width\" content=\"1920\" \/>\n\t<meta property=\"og:image:height\" content=\"1080\" \/>\n\t<meta property=\"og:image:type\" content=\"image\/jpeg\" \/>\n<meta name=\"twitter:card\" content=\"summary_large_image\" \/>\n<!-- \/ Yoast SEO plugin. -->","yoast_head_json":{"title":"Participe | Adelante Healthcare","robots":{"index":"index","follow":"follow","max-snippet":"max-snippet:-1","max-image-preview":"max-image-preview:large","max-video-preview":"max-video-preview:-1"},"canonical":"https:\/\/adelantehealthcare.com\/es\/community\/get-involved\/","og_locale":"es_ES","og_type":"article","og_title":"Participe | Adelante Healthcare","og_description":"Dar es cuidar Sus contribuciones nos ayudan a romper las barreras para una atenci\u00f3n m\u00e9dica excelente, compasiva y asequible para cualquier persona que la necesite. Si desea saber c\u00f3mo donar a Adelante Healthcare y los beneficios, visite nuestro sitio web de donaciones. Ofrecer tu tiempo como voluntario Adelante Healthcare ofrece oportunidades de voluntariado en nuestros [&hellip;]","og_url":"https:\/\/adelantehealthcare.com\/es\/community\/get-involved\/","og_site_name":"Adelante Healthcare","article_modified_time":"2024-12-30T19:18:18+00:00","og_image":[{"width":1920,"height":1080,"url":"https:\/\/adelantehealthcare.com\/wp-content\/uploads\/2022\/05\/0J5A9470-Adjust.jpg","type":"image\/jpeg"}],"twitter_card":"summary_large_image","schema":{"@context":"https:\/\/schema.org","@graph":[{"@type":"WebPage","@id":"https:\/\/adelantehealthcare.com\/es\/community\/get-involved\/","url":"https:\/\/adelantehealthcare.com\/es\/community\/get-involved\/","name":"Participe | Adelante Healthcare","isPartOf":{"@id":"https:\/\/adelantehealthcare.com\/es\/#website"},"primaryImageOfPage":{"@id":"https:\/\/adelantehealthcare.com\/es\/community\/get-involved\/#primaryimage"},"image":{"@id":"https:\/\/adelantehealthcare.com\/es\/community\/get-involved\/#primaryimage"},"thumbnailUrl":"https:\/\/adelantehealthcare.com\/wp-content\/uploads\/2022\/05\/0J5A9470-Adjust.jpg","datePublished":"2022-05-10T21:25:39+00:00","dateModified":"2024-12-30T19:18:18+00:00","breadcrumb":{"@id":"https:\/\/adelantehealthcare.com\/es\/community\/get-involved\/#breadcrumb"},"inLanguage":"es","potentialAction":[{"@type":"ReadAction","target":["https:\/\/adelantehealthcare.com\/es\/community\/get-involved\/"]}]},{"@type":"ImageObject","inLanguage":"es","@id":"https:\/\/adelantehealthcare.com\/es\/community\/get-involved\/#primaryimage","url":"https:\/\/adelantehealthcare.com\/wp-content\/uploads\/2022\/05\/0J5A9470-Adjust.jpg","contentUrl":"https:\/\/adelantehealthcare.com\/wp-content\/uploads\/2022\/05\/0J5A9470-Adjust.jpg","width":1920,"height":1080},{"@type":"BreadcrumbList","@id":"https:\/\/adelantehealthcare.com\/es\/community\/get-involved\/#breadcrumb","itemListElement":[{"@type":"ListItem","position":1,"name":"Home","item":"https:\/\/adelantehealthcare.com\/es\/"},{"@type":"ListItem","position":2,"name":"Comunidad","item":"https:\/\/adelantehealthcare.com\/es\/community\/"},{"@type":"ListItem","position":3,"name":"Participe"}]},{"@type":"WebSite","@id":"https:\/\/adelantehealthcare.com\/es\/#website","url":"https:\/\/adelantehealthcare.com\/es\/","name":"Adelante Healthcare","description":"Compassionate care, for your whole family","publisher":{"@id":"https:\/\/adelantehealthcare.com\/es\/#organization"},"alternateName":"Adelante Healthcare","potentialAction":[{"@type":"SearchAction","target":{"@type":"EntryPoint","urlTemplate":"https:\/\/adelantehealthcare.com\/es\/?s={search_term_string}"},"query-input":{"@type":"PropertyValueSpecification","valueRequired":true,"valueName":"search_term_string"}}],"inLanguage":"es"},{"@type":"Organization","@id":"https:\/\/adelantehealthcare.com\/es\/#organization","name":"Adelante Healthcare","url":"https:\/\/adelantehealthcare.com\/es\/","logo":{"@type":"ImageObject","inLanguage":"es","@id":"https:\/\/adelantehealthcare.com\/es\/#\/schema\/logo\/image\/","url":"https:\/\/adelantehealthcare.com\/wp-content\/uploads\/2024\/02\/adelante-healthcare.jpg","contentUrl":"https:\/\/adelantehealthcare.com\/wp-content\/uploads\/2024\/02\/adelante-healthcare.jpg","width":500,"height":500,"caption":"Adelante Healthcare"},"image":{"@id":"https:\/\/adelantehealthcare.com\/es\/#\/schema\/logo\/image\/"}}]}},"_links":{"self":[{"href":"https:\/\/adelantehealthcare.com\/es\/wp-json\/wp\/v2\/pages\/3364","targetHints":{"allow":["GET"]}}],"collection":[{"href":"https:\/\/adelantehealthcare.com\/es\/wp-json\/wp\/v2\/pages"}],"about":[{"href":"https:\/\/adelantehealthcare.com\/es\/wp-json\/wp\/v2\/types\/page"}],"author":[{"embeddable":true,"href":"https:\/\/adelantehealthcare.com\/es\/wp-json\/wp\/v2\/users\/1"}],"replies":[{"embeddable":true,"href":"https:\/\/adelantehealthcare.com\/es\/wp-json\/wp\/v2\/comments?post=3364"}],"version-history":[{"count":0,"href":"https:\/\/adelantehealthcare.com\/es\/wp-json\/wp\/v2\/pages\/3364\/revisions"}],"up":[{"embeddable":true,"href":"https:\/\/adelantehealthcare.com\/es\/wp-json\/wp\/v2\/pages\/3820"}],"wp:featuredmedia":[{"embeddable":true,"href":"https:\/\/adelantehealthcare.com\/es\/wp-json\/wp\/v2\/media\/2626"}],"wp:attachment":[{"href":"https:\/\/adelantehealthcare.com\/es\/wp-json\/wp\/v2\/media?parent=3364"}],"curies":[{"name":"wp","href":"https:\/\/api.w.org\/{rel}","templated":true}]}}