{"id":3360,"date":"2022-05-10T14:24:59","date_gmt":"2022-05-10T21:24:59","guid":{"rendered":"http:\/\/localhost:10004\/about-us\/diversity-equity-inclusion\/"},"modified":"2024-08-21T14:33:58","modified_gmt":"2024-08-21T21:33:58","slug":"diversity-equity-inclusion","status":"publish","type":"page","link":"https:\/\/adelantehealthcare.com\/es\/about-us\/diversity-equity-inclusion\/","title":{"rendered":"Diversidad, equidad e inclusi\u00f3n"},"content":{"rendered":"\n<h2 class=\"wp-block-heading\">Todos son bienvenidos aqu\u00ed<\/h2>\n\n<p class=\"has-medium-font-size\">En Adelante Healthcare, creemos en la atenci\u00f3n de calidad para todos. Como organizaci\u00f3n de atenci\u00f3n m\u00e9dica basada en la comunidad, ponemos a las personas en primer lugar y valoramos profundamente los diversos or\u00edgenes. Nuestro equipo apasionado y altamente calificado sirve a todos, sin importar los antecedentes, el estado o la posici\u00f3n de una persona en la vida. Conocemos a las personas donde est\u00e1n y trabajamos todos los d\u00edas para establecer confianza.<\/p>\n\n<p>Comenzamos construyendo una relaci\u00f3n con nuestra comunidad y con nuestros pacientes para que podamos brindar acceso a una atenci\u00f3n compasiva e integral. Somos innovadores y avanzados en nuestra pr\u00e1ctica de atenci\u00f3n integrada basada en equipos para diversas comunidades. Trabajamos para ser culturalmente fluidos para responder a una variedad de necesidades. Cada uno de nuestros nueve centros de salud es un lugar seguro donde todas las personas son bienvenidas y nadie se queda fuera.<\/p>\n\n<hr class=\"wp-block-separator has-alpha-channel-opacity\"\/>\n\n<h3 class=\"wp-block-heading\"><strong>No excluir a nadie de la atenci\u00f3n de calidad<\/strong><\/h3>\n\n<p>Nuestras ra\u00edces comunitarias sirven como gu\u00eda para avanzar. Caminamos con las personas en su viaje de atenci\u00f3n m\u00e9dica, dondequiera y quienquiera que sean. Estamos orgullosos de ser el primer centro de salud comunitario en Arizona en completar el \u00cdndice de Igualdad de Salud de la Campa\u00f1a de Derechos Humanos (HRC) para la acreditaci\u00f3n completa, y hemos mantenido nuestro estado desde que lo recibimos por primera vez en 2013.<\/p>\n\n<p>Esta acreditaci\u00f3n est\u00e1 en consonancia con nuestra pol\u00edtica de diversidad, inclusi\u00f3n y equidad para no excluir a nadie de la atenci\u00f3n de calidad por motivos de raza, color, origen nacional, discapacidad, edad, estado de ingresos, orientaci\u00f3n sexual o identidad y expresi\u00f3n de g\u00e9nero.<\/p>\n\n<hr class=\"wp-block-separator has-alpha-channel-opacity\"\/>\n\n<h3 class=\"wp-block-heading\">Atenci\u00f3n LGBTQ<\/h3>\n\n<p>Adelante Healthcare se enorgullece de brindar atenci\u00f3n m\u00e9dica amigable a la comunidad LGBTQ en Arizona. Creamos un espacio seguro para que nuestros miembros aborden todas sus preocupaciones de salud al ofrecer comunicaci\u00f3n abierta, respeto de la privacidad del paciente y atenci\u00f3n compasiva e imparcial.<\/p>\n\n<p>Brindamos capacitaci\u00f3n continua sobre diversidad cultural a nuestro personal cada a\u00f1o para asegurarnos de que reciba servicios m\u00e9dicos de calidad de proveedores que entienden sus necesidades. Visite Adelante Healthcare para recibir atenci\u00f3n integral del comportamiento, emocional y f\u00edsico LGBTQ.<\/p>\n\n<div class=\"wp-block-buttons is-layout-flex wp-block-buttons-is-layout-flex\">\n<div class=\"wp-block-button is-style-outline is-style-outline--1\"><a class=\"wp-block-button__link wp-element-button\" href=\"https:\/\/adelantehealthcare.com\/lgbtq-friendly-medical-care\/\"><strong>Atenci\u00f3n m\u00e9dica LGBTQ<\/strong><\/a><\/div>\n<\/div>\n\n<hr class=\"wp-block-separator has-alpha-channel-opacity\"\/>\n\n<h3 class=\"wp-block-heading\">Eliminar barreras, conectarse a la atenci\u00f3n<\/h3>\n\n<p>Estamos aqu\u00ed para guiar a las personas en su viaje de atenci\u00f3n m\u00e9dica, sirviendo como un puente hacia las necesidades de atenci\u00f3n m\u00e9dica de una persona. Nuestro modelo de atenci\u00f3n siempre considera las barreras potenciales que pueden afectar la salud y la vida diaria de nuestros pacientes y trabaja para proporcionar los recursos necesarios cuando sea necesario. Ofrecemos transporte gratuito desde y hacia nuestras cl\u00ednicas si es necesario, servicios de <a href=\"https:\/\/adelantehealthcare.com\/wp-content\/uploads\/2022\/06\/Display-11-x-17-Arizona-01.03.17.VF_.pdf\" target=\"_blank\" rel=\"noreferrer noopener\">lenguaje<\/a> interpretativo y acceso a <a href=\"https:\/\/adelantehealthcare.com\/services\/wic-program\/\">servicios de nutrici\u00f3n<\/a>, educaci\u00f3n y alimentos saludables. Nos esforzamos por ser un socio de confianza para las personas a las que servimos, y trabajamos en colaboraci\u00f3n para construir una comunidad m\u00e1s saludable.<\/p>\n\n<hr class=\"wp-block-separator has-alpha-channel-opacity\"\/>\n\n<h3 class=\"wp-block-heading\">Una comunidad de atenci\u00f3n m\u00e9dica a la que perteneces<\/h3>\n\n<p>Estamos creando conscientemente un nuevo modelo de medicina familiar y medicina de atenci\u00f3n primaria. Esperamos que encuentre nuestra atenci\u00f3n al servicio y al alto nivel de atenci\u00f3n el comienzo de una relaci\u00f3n larga y llena de salud.<\/p>\n\n<p>Por favor, no dude en llamar y obtener m\u00e1s informaci\u00f3n. <a href=\"tel:4809642273\">480-964-2273<\/a><\/p>\n\n<figure class=\"wp-block-image size-large is-resized\"><img loading=\"lazy\" decoding=\"async\" width=\"1024\" height=\"307\" src=\"https:\/\/adelantehealthcare.com\/wp-content\/uploads\/2024\/03\/Wide-Boarder-Affiliate-1-1024x307.png\" alt=\"\" class=\"wp-image-5686\" style=\"width:840px;height:auto\" srcset=\"https:\/\/adelantehealthcare.com\/wp-content\/uploads\/2024\/03\/Wide-Boarder-Affiliate-1-1024x307.png 1024w, https:\/\/adelantehealthcare.com\/wp-content\/uploads\/2024\/03\/Wide-Boarder-Affiliate-1-300x90.png 300w, https:\/\/adelantehealthcare.com\/wp-content\/uploads\/2024\/03\/Wide-Boarder-Affiliate-1-768x230.png 768w, https:\/\/adelantehealthcare.com\/wp-content\/uploads\/2024\/03\/Wide-Boarder-Affiliate-1-1536x461.png 1536w, https:\/\/adelantehealthcare.com\/wp-content\/uploads\/2024\/03\/Wide-Boarder-Affiliate-1.png 2048w\" sizes=\"auto, (max-width: 1024px) 100vw, 1024px\" \/><\/figure>\n\n<h3 class=\"wp-block-heading\">Afiliado de UnidosUS<\/h3>\n\n<p>Nos enorgullece anunciar nuestra afiliaci\u00f3n a <a href=\"https:\/\/unidosus.org\/\">UnidosUS<\/a>, una renombrada organizaci\u00f3n sin \u00e1nimo de lucro y apartidista dedicada a promover los derechos y el bienestar de las comunidades hispanas de Estados Unidos.<\/p>\n\n<p>Durante m\u00e1s de medio siglo, UnidosUS ha sido un faro de unidad, reuniendo a grupos diversos para trabajar en colaboraci\u00f3n hacia objetivos comunes, esforz\u00e1ndose en \u00faltima instancia por fortalecer nuestra naci\u00f3n. Mediante la defensa, el empoderamiento y la participaci\u00f3n comunitaria, UnidosUS ha desempe\u00f1ado un papel fundamental en la amplificaci\u00f3n de las voces de los latinos y en la defensa de sus derechos.<\/p>\n\n<p>Al alinearnos con UnidosUS, reafirmamos nuestro compromiso con la inclusividad, la equidad y la justicia social, y nos solidarizamos con los esfuerzos por crear una sociedad m\u00e1s justa y equitativa para todos.<\/p>\n","protected":false},"excerpt":{"rendered":"<p>Todos son bienvenidos aqu\u00ed En Adelante Healthcare, creemos en la atenci\u00f3n de calidad para todos. Como organizaci\u00f3n de atenci\u00f3n m\u00e9dica basada en la comunidad, ponemos a las personas en primer lugar y valoramos profundamente los diversos or\u00edgenes. Nuestro equipo apasionado y altamente calificado sirve a todos, sin importar los antecedentes, el estado o la posici\u00f3n [&hellip;]<\/p>\n","protected":false},"author":1,"featured_media":2624,"parent":3321,"menu_order":0,"comment_status":"closed","ping_status":"closed","template":"","meta":{"_acf_changed":false,"_monsterinsights_skip_tracking":false,"_monsterinsights_sitenote_active":false,"_monsterinsights_sitenote_note":"","_monsterinsights_sitenote_category":0,"footnotes":""},"class_list":["post-3360","page","type-page","status-publish","has-post-thumbnail","hentry"],"acf":[],"yoast_head":"<!-- This site is optimized with the Yoast SEO plugin v27.3 - https:\/\/yoast.com\/product\/yoast-seo-wordpress\/ -->\n<title>Diversidad, equidad e inclusi\u00f3n | Adelante Healthcare<\/title>\n<meta name=\"robots\" content=\"index, follow, max-snippet:-1, max-image-preview:large, max-video-preview:-1\" \/>\n<link rel=\"canonical\" href=\"https:\/\/adelantehealthcare.com\/es\/about-us\/diversity-equity-inclusion\/\" \/>\n<meta property=\"og:locale\" content=\"es_ES\" \/>\n<meta property=\"og:type\" content=\"article\" \/>\n<meta property=\"og:title\" content=\"Diversidad, equidad e inclusi\u00f3n | Adelante Healthcare\" \/>\n<meta property=\"og:description\" content=\"Todos son bienvenidos aqu\u00ed En Adelante Healthcare, creemos en la atenci\u00f3n de calidad para todos. Como organizaci\u00f3n de atenci\u00f3n m\u00e9dica basada en la comunidad, ponemos a las personas en primer lugar y valoramos profundamente los diversos or\u00edgenes. Nuestro equipo apasionado y altamente calificado sirve a todos, sin importar los antecedentes, el estado o la posici\u00f3n [&hellip;]\" \/>\n<meta property=\"og:url\" content=\"https:\/\/adelantehealthcare.com\/es\/about-us\/diversity-equity-inclusion\/\" \/>\n<meta property=\"og:site_name\" content=\"Adelante Healthcare\" \/>\n<meta property=\"article:modified_time\" content=\"2024-08-21T21:33:58+00:00\" \/>\n<meta property=\"og:image\" content=\"https:\/\/adelantehealthcare.com\/wp-content\/uploads\/2022\/05\/0J5A0102-Adjust.jpg\" \/>\n\t<meta property=\"og:image:width\" content=\"1920\" \/>\n\t<meta property=\"og:image:height\" content=\"1080\" \/>\n\t<meta property=\"og:image:type\" content=\"image\/jpeg\" \/>\n<meta name=\"twitter:card\" content=\"summary_large_image\" \/>\n<!-- \/ Yoast SEO plugin. -->","yoast_head_json":{"title":"Diversidad, equidad e inclusi\u00f3n | Adelante Healthcare","robots":{"index":"index","follow":"follow","max-snippet":"max-snippet:-1","max-image-preview":"max-image-preview:large","max-video-preview":"max-video-preview:-1"},"canonical":"https:\/\/adelantehealthcare.com\/es\/about-us\/diversity-equity-inclusion\/","og_locale":"es_ES","og_type":"article","og_title":"Diversidad, equidad e inclusi\u00f3n | Adelante Healthcare","og_description":"Todos son bienvenidos aqu\u00ed En Adelante Healthcare, creemos en la atenci\u00f3n de calidad para todos. Como organizaci\u00f3n de atenci\u00f3n m\u00e9dica basada en la comunidad, ponemos a las personas en primer lugar y valoramos profundamente los diversos or\u00edgenes. Nuestro equipo apasionado y altamente calificado sirve a todos, sin importar los antecedentes, el estado o la posici\u00f3n [&hellip;]","og_url":"https:\/\/adelantehealthcare.com\/es\/about-us\/diversity-equity-inclusion\/","og_site_name":"Adelante Healthcare","article_modified_time":"2024-08-21T21:33:58+00:00","og_image":[{"width":1920,"height":1080,"url":"https:\/\/adelantehealthcare.com\/wp-content\/uploads\/2022\/05\/0J5A0102-Adjust.jpg","type":"image\/jpeg"}],"twitter_card":"summary_large_image","schema":{"@context":"https:\/\/schema.org","@graph":[{"@type":"WebPage","@id":"https:\/\/adelantehealthcare.com\/es\/about-us\/diversity-equity-inclusion\/","url":"https:\/\/adelantehealthcare.com\/es\/about-us\/diversity-equity-inclusion\/","name":"Diversidad, equidad e inclusi\u00f3n | Adelante Healthcare","isPartOf":{"@id":"https:\/\/adelantehealthcare.com\/es\/#website"},"primaryImageOfPage":{"@id":"https:\/\/adelantehealthcare.com\/es\/about-us\/diversity-equity-inclusion\/#primaryimage"},"image":{"@id":"https:\/\/adelantehealthcare.com\/es\/about-us\/diversity-equity-inclusion\/#primaryimage"},"thumbnailUrl":"https:\/\/adelantehealthcare.com\/wp-content\/uploads\/2022\/05\/0J5A0102-Adjust.jpg","datePublished":"2022-05-10T21:24:59+00:00","dateModified":"2024-08-21T21:33:58+00:00","breadcrumb":{"@id":"https:\/\/adelantehealthcare.com\/es\/about-us\/diversity-equity-inclusion\/#breadcrumb"},"inLanguage":"es","potentialAction":[{"@type":"ReadAction","target":["https:\/\/adelantehealthcare.com\/es\/about-us\/diversity-equity-inclusion\/"]}]},{"@type":"ImageObject","inLanguage":"es","@id":"https:\/\/adelantehealthcare.com\/es\/about-us\/diversity-equity-inclusion\/#primaryimage","url":"https:\/\/adelantehealthcare.com\/wp-content\/uploads\/2022\/05\/0J5A0102-Adjust.jpg","contentUrl":"https:\/\/adelantehealthcare.com\/wp-content\/uploads\/2022\/05\/0J5A0102-Adjust.jpg","width":1920,"height":1080},{"@type":"BreadcrumbList","@id":"https:\/\/adelantehealthcare.com\/es\/about-us\/diversity-equity-inclusion\/#breadcrumb","itemListElement":[{"@type":"ListItem","position":1,"name":"Home","item":"https:\/\/adelantehealthcare.com\/es\/"},{"@type":"ListItem","position":2,"name":"Sobre nosotros","item":"https:\/\/adelantehealthcare.com\/es\/about-us\/"},{"@type":"ListItem","position":3,"name":"Diversidad, equidad e inclusi\u00f3n"}]},{"@type":"WebSite","@id":"https:\/\/adelantehealthcare.com\/es\/#website","url":"https:\/\/adelantehealthcare.com\/es\/","name":"Adelante Healthcare","description":"Compassionate care, for your whole family","publisher":{"@id":"https:\/\/adelantehealthcare.com\/es\/#organization"},"alternateName":"Adelante Healthcare","potentialAction":[{"@type":"SearchAction","target":{"@type":"EntryPoint","urlTemplate":"https:\/\/adelantehealthcare.com\/es\/?s={search_term_string}"},"query-input":{"@type":"PropertyValueSpecification","valueRequired":true,"valueName":"search_term_string"}}],"inLanguage":"es"},{"@type":"Organization","@id":"https:\/\/adelantehealthcare.com\/es\/#organization","name":"Adelante Healthcare","url":"https:\/\/adelantehealthcare.com\/es\/","logo":{"@type":"ImageObject","inLanguage":"es","@id":"https:\/\/adelantehealthcare.com\/es\/#\/schema\/logo\/image\/","url":"https:\/\/adelantehealthcare.com\/wp-content\/uploads\/2024\/02\/adelante-healthcare.jpg","contentUrl":"https:\/\/adelantehealthcare.com\/wp-content\/uploads\/2024\/02\/adelante-healthcare.jpg","width":500,"height":500,"caption":"Adelante Healthcare"},"image":{"@id":"https:\/\/adelantehealthcare.com\/es\/#\/schema\/logo\/image\/"}}]}},"_links":{"self":[{"href":"https:\/\/adelantehealthcare.com\/es\/wp-json\/wp\/v2\/pages\/3360","targetHints":{"allow":["GET"]}}],"collection":[{"href":"https:\/\/adelantehealthcare.com\/es\/wp-json\/wp\/v2\/pages"}],"about":[{"href":"https:\/\/adelantehealthcare.com\/es\/wp-json\/wp\/v2\/types\/page"}],"author":[{"embeddable":true,"href":"https:\/\/adelantehealthcare.com\/es\/wp-json\/wp\/v2\/users\/1"}],"replies":[{"embeddable":true,"href":"https:\/\/adelantehealthcare.com\/es\/wp-json\/wp\/v2\/comments?post=3360"}],"version-history":[{"count":0,"href":"https:\/\/adelantehealthcare.com\/es\/wp-json\/wp\/v2\/pages\/3360\/revisions"}],"up":[{"embeddable":true,"href":"https:\/\/adelantehealthcare.com\/es\/wp-json\/wp\/v2\/pages\/3321"}],"wp:featuredmedia":[{"embeddable":true,"href":"https:\/\/adelantehealthcare.com\/es\/wp-json\/wp\/v2\/media\/2624"}],"wp:attachment":[{"href":"https:\/\/adelantehealthcare.com\/es\/wp-json\/wp\/v2\/media?parent=3360"}],"curies":[{"name":"wp","href":"https:\/\/api.w.org\/{rel}","templated":true}]}}