{"id":3359,"date":"2022-05-10T14:24:43","date_gmt":"2022-05-10T21:24:43","guid":{"rendered":"http:\/\/localhost:10004\/about-us\/sustainable-healthcare\/"},"modified":"2024-08-21T14:33:58","modified_gmt":"2024-08-21T21:33:58","slug":"sustainable-healthcare","status":"publish","type":"page","link":"https:\/\/adelantehealthcare.com\/es\/about-us\/sustainable-healthcare\/","title":{"rendered":"Atenci\u00f3n m\u00e9dica sostenible"},"content":{"rendered":"\n<h2 class=\"wp-block-heading\">Haciendo un mundo m\u00e1s saludable y feliz<\/h2>\n\n<p class=\"has-medium-font-size\">La atenci\u00f3n m\u00e9dica sostenible se trata de mantener su salud, la disponibilidad de atenci\u00f3n m\u00e9dica para otros en la comunidad y la salud de nuestro medio ambiente.<\/p>\n\n<p class=\"has-medium-font-size\">Es tratar a los pacientes que acuden a nosotros en busca de ayuda y ayudarlos a mantenerse saludables despu\u00e9s de que se vayan. Mejora el bienestar general de nuestras comunidades al conocer a las personas donde se encuentran con atenci\u00f3n m\u00e9dica asequible. Y, debido a que creemos que el medio ambiente que nos rodea debe nutrir, no da\u00f1ar, la atenci\u00f3n m\u00e9dica sostenible significa hacer que nuestras operaciones sean respetuosas con el medio ambiente tanto como sea posible.<\/p>\n\n<hr class=\"wp-block-separator has-alpha-channel-opacity\"\/>\n\n<h3 class=\"wp-block-heading\">Mantener su salud<\/h3>\n\n<p>Esa es nuestra preocupaci\u00f3n n\u00famero uno. Los proveedores altamente calificados y los servicios y programas de alta calidad de Adelante Healthcare le brindan una atenci\u00f3n excepcional. Al asesorarlo sobre c\u00f3mo vivir un estilo de vida m\u00e1s saludable, desde la dieta hasta el ejercicio y la vida ecol\u00f3gica, tambi\u00e9n lo capacitamos con el conocimiento que necesita para salvaguardar su salud hoy y mantenerla durante toda la vida. <\/p>\n\n<hr class=\"wp-block-separator has-alpha-channel-opacity\"\/>\n\n<h3 class=\"wp-block-heading\">Mantener la salud de la comunidad<\/h3>\n\n<p>Cuando se trata de atenci\u00f3n m\u00e9dica de calidad, creemos que nadie deber\u00eda prescindir de ella. Es por eso que hacemos que nuestros servicios sean asequibles incluso para aquellos que no tienen una cobertura de atenci\u00f3n m\u00e9dica adecuada. Adem\u00e1s de las donaciones y subvenciones del gobierno, nuestros propios pacientes ayudan a mantener la salud de nuestras comunidades simplemente viniendo y apoyando a Adelante Healthcare. Cuando los pacientes eligen Adelante, su patrocinio nos permite continuar brindando servicios a todos los miembros de la comunidad. A trav\u00e9s de la educaci\u00f3n, eventos y otras formas de divulgaci\u00f3n, Adelante Healthcare ayuda a que los vecindarios y las familias a las que servimos sean saludables y fuertes. <\/p>\n\n<hr class=\"wp-block-separator has-alpha-channel-opacity\"\/>\n\n<h3 class=\"wp-block-heading\">Mantener la salud ambiental<\/h3>\n\n<p>Un valor fundamental para todos los proveedores de atenci\u00f3n m\u00e9dica es &#8220;no hacer da\u00f1o&#8221;. Creemos que esto se aplica a algo m\u00e1s que a los pacientes. En Adelante Healthcare, estamos tomando medidas para que nuestras operaciones sean lo m\u00e1s respetuosas posible con el medio ambiente. Desde la eliminaci\u00f3n responsable de residuos hasta la divulgaci\u00f3n y educaci\u00f3n sobre una vida ecol\u00f3gica, hacemos todo lo posible para mantener la salud del medio ambiente entre nuestras principales prioridades. Al llevar este mensaje a las comunidades a las que servimos, esperamos aumentar nuestra comprensi\u00f3n colectiva de c\u00f3mo un medio ambiente m\u00e1s saludable se traduce directamente en un futuro m\u00e1s saludable para todos nosotros.<\/p>\n","protected":false},"excerpt":{"rendered":"<p>Haciendo un mundo m\u00e1s saludable y feliz La atenci\u00f3n m\u00e9dica sostenible se trata de mantener su salud, la disponibilidad de atenci\u00f3n m\u00e9dica para otros en la comunidad y la salud de nuestro medio ambiente. Es tratar a los pacientes que acuden a nosotros en busca de ayuda y ayudarlos a mantenerse saludables despu\u00e9s de que [&hellip;]<\/p>\n","protected":false},"author":1,"featured_media":2623,"parent":3321,"menu_order":0,"comment_status":"closed","ping_status":"closed","template":"","meta":{"_acf_changed":false,"_yoast_wpseo_title":"","_yoast_wpseo_metadesc":"","_monsterinsights_skip_tracking":false,"_monsterinsights_sitenote_active":false,"_monsterinsights_sitenote_note":"","_monsterinsights_sitenote_category":0,"_metasync_otto_title":"","_metasync_otto_description":"","_metasync_otto_keywords":"","_metasync_otto_og_title":"","_metasync_otto_og_description":"","_metasync_otto_twitter_title":"","_metasync_otto_twitter_description":"","rank_math_title":"","rank_math_description":"","_aioseo_title":"","_aioseo_description":"","_metasync_seo_title":"","_metasync_seo_desc":"","_metasync_breadcrumb_title":"","_metasync_primary_category":0,"_metasync_primary_product_cat":0,"_metasync_otto_disabled":"","_metasync_hreflang":"","footnotes":""},"class_list":["post-3359","page","type-page","status-publish","has-post-thumbnail","hentry"],"acf":[],"yoast_head":"<!-- This site is optimized with the Yoast SEO plugin v27.5 - https:\/\/yoast.com\/product\/yoast-seo-wordpress\/ -->\n<title>Atenci\u00f3n m\u00e9dica sostenible | Adelante Healthcare<\/title>\n<meta name=\"robots\" content=\"index, follow, max-snippet:-1, max-image-preview:large, max-video-preview:-1\" \/>\n<link rel=\"canonical\" href=\"https:\/\/adelantehealthcare.com\/es\/about-us\/sustainable-healthcare\/\" \/>\n<meta property=\"og:locale\" content=\"es_ES\" \/>\n<meta property=\"og:type\" content=\"article\" \/>\n<meta property=\"og:title\" content=\"Atenci\u00f3n m\u00e9dica sostenible | Adelante Healthcare\" \/>\n<meta property=\"og:description\" content=\"Haciendo un mundo m\u00e1s saludable y feliz La atenci\u00f3n m\u00e9dica sostenible se trata de mantener su salud, la disponibilidad de atenci\u00f3n m\u00e9dica para otros en la comunidad y la salud de nuestro medio ambiente. Es tratar a los pacientes que acuden a nosotros en busca de ayuda y ayudarlos a mantenerse saludables despu\u00e9s de que [&hellip;]\" \/>\n<meta property=\"og:url\" content=\"https:\/\/adelantehealthcare.com\/es\/about-us\/sustainable-healthcare\/\" \/>\n<meta property=\"og:site_name\" content=\"Adelante Healthcare\" \/>\n<meta property=\"og:image\" content=\"https:\/\/adelantehealthcare.com\/wp-content\/uploads\/2022\/05\/0J5A0356-Adjust.jpg\" \/>\n\t<meta property=\"og:image:width\" content=\"1920\" \/>\n\t<meta property=\"og:image:height\" content=\"1080\" \/>\n\t<meta property=\"og:image:type\" content=\"image\/jpeg\" \/>\n<meta name=\"twitter:card\" content=\"summary_large_image\" \/>\n<!-- \/ Yoast SEO plugin. -->","yoast_head_json":{"title":"Atenci\u00f3n m\u00e9dica sostenible | Adelante Healthcare","robots":{"index":"index","follow":"follow","max-snippet":"max-snippet:-1","max-image-preview":"max-image-preview:large","max-video-preview":"max-video-preview:-1"},"canonical":"https:\/\/adelantehealthcare.com\/es\/about-us\/sustainable-healthcare\/","og_locale":"es_ES","og_type":"article","og_title":"Atenci\u00f3n m\u00e9dica sostenible | Adelante Healthcare","og_description":"Haciendo un mundo m\u00e1s saludable y feliz La atenci\u00f3n m\u00e9dica sostenible se trata de mantener su salud, la disponibilidad de atenci\u00f3n m\u00e9dica para otros en la comunidad y la salud de nuestro medio ambiente. Es tratar a los pacientes que acuden a nosotros en busca de ayuda y ayudarlos a mantenerse saludables despu\u00e9s de que [&hellip;]","og_url":"https:\/\/adelantehealthcare.com\/es\/about-us\/sustainable-healthcare\/","og_site_name":"Adelante Healthcare","og_image":[{"width":1920,"height":1080,"url":"https:\/\/adelantehealthcare.com\/wp-content\/uploads\/2022\/05\/0J5A0356-Adjust.jpg","type":"image\/jpeg"}],"twitter_card":"summary_large_image","schema":{"@context":"https:\/\/schema.org","@graph":[{"@type":"WebPage","@id":"https:\/\/adelantehealthcare.com\/es\/about-us\/sustainable-healthcare\/","url":"https:\/\/adelantehealthcare.com\/es\/about-us\/sustainable-healthcare\/","name":"Atenci\u00f3n m\u00e9dica sostenible | Adelante Healthcare","isPartOf":{"@id":"https:\/\/adelantehealthcare.com\/es\/#website"},"primaryImageOfPage":{"@id":"https:\/\/adelantehealthcare.com\/es\/about-us\/sustainable-healthcare\/#primaryimage"},"image":{"@id":"https:\/\/adelantehealthcare.com\/es\/about-us\/sustainable-healthcare\/#primaryimage"},"thumbnailUrl":"https:\/\/adelantehealthcare.com\/wp-content\/uploads\/2022\/05\/0J5A0356-Adjust.jpg","datePublished":"2022-05-10T21:24:43+00:00","dateModified":"2024-08-21T21:33:58+00:00","breadcrumb":{"@id":"https:\/\/adelantehealthcare.com\/es\/about-us\/sustainable-healthcare\/#breadcrumb"},"inLanguage":"es","potentialAction":[{"@type":"ReadAction","target":["https:\/\/adelantehealthcare.com\/es\/about-us\/sustainable-healthcare\/"]}]},{"@type":"ImageObject","inLanguage":"es","@id":"https:\/\/adelantehealthcare.com\/es\/about-us\/sustainable-healthcare\/#primaryimage","url":"https:\/\/adelantehealthcare.com\/wp-content\/uploads\/2022\/05\/0J5A0356-Adjust.jpg","contentUrl":"https:\/\/adelantehealthcare.com\/wp-content\/uploads\/2022\/05\/0J5A0356-Adjust.jpg","width":1920,"height":1080,"caption":"Close up of UnIdentifed"},{"@type":"BreadcrumbList","@id":"https:\/\/adelantehealthcare.com\/es\/about-us\/sustainable-healthcare\/#breadcrumb","itemListElement":[{"@type":"ListItem","position":1,"name":"Home","item":"https:\/\/adelantehealthcare.com\/es\/"},{"@type":"ListItem","position":2,"name":"Sobre nosotros","item":"https:\/\/adelantehealthcare.com\/es\/about-us\/"},{"@type":"ListItem","position":3,"name":"Atenci\u00f3n m\u00e9dica sostenible"}]},{"@type":"WebSite","@id":"https:\/\/adelantehealthcare.com\/es\/#website","url":"https:\/\/adelantehealthcare.com\/es\/","name":"Adelante Healthcare","description":"Compassionate care, for your whole family","publisher":{"@id":"https:\/\/adelantehealthcare.com\/es\/#organization"},"alternateName":"Adelante Healthcare","potentialAction":[{"@type":"SearchAction","target":{"@type":"EntryPoint","urlTemplate":"https:\/\/adelantehealthcare.com\/es\/?s={search_term_string}"},"query-input":{"@type":"PropertyValueSpecification","valueRequired":true,"valueName":"search_term_string"}}],"inLanguage":"es"},{"@type":"Organization","@id":"https:\/\/adelantehealthcare.com\/es\/#organization","name":"Adelante Healthcare","url":"https:\/\/adelantehealthcare.com\/es\/","logo":{"@type":"ImageObject","inLanguage":"es","@id":"https:\/\/adelantehealthcare.com\/es\/#\/schema\/logo\/image\/","url":"https:\/\/adelantehealthcare.com\/wp-content\/uploads\/2024\/02\/adelante-healthcare.jpg","contentUrl":"https:\/\/adelantehealthcare.com\/wp-content\/uploads\/2024\/02\/adelante-healthcare.jpg","width":500,"height":500,"caption":"Adelante Healthcare"},"image":{"@id":"https:\/\/adelantehealthcare.com\/es\/#\/schema\/logo\/image\/"}}]}},"_links":{"self":[{"href":"https:\/\/adelantehealthcare.com\/es\/wp-json\/wp\/v2\/pages\/3359","targetHints":{"allow":["GET"]}}],"collection":[{"href":"https:\/\/adelantehealthcare.com\/es\/wp-json\/wp\/v2\/pages"}],"about":[{"href":"https:\/\/adelantehealthcare.com\/es\/wp-json\/wp\/v2\/types\/page"}],"author":[{"embeddable":true,"href":"https:\/\/adelantehealthcare.com\/es\/wp-json\/wp\/v2\/users\/1"}],"replies":[{"embeddable":true,"href":"https:\/\/adelantehealthcare.com\/es\/wp-json\/wp\/v2\/comments?post=3359"}],"version-history":[{"count":0,"href":"https:\/\/adelantehealthcare.com\/es\/wp-json\/wp\/v2\/pages\/3359\/revisions"}],"up":[{"embeddable":true,"href":"https:\/\/adelantehealthcare.com\/es\/wp-json\/wp\/v2\/pages\/3321"}],"wp:featuredmedia":[{"embeddable":true,"href":"https:\/\/adelantehealthcare.com\/es\/wp-json\/wp\/v2\/media\/2623"}],"wp:attachment":[{"href":"https:\/\/adelantehealthcare.com\/es\/wp-json\/wp\/v2\/media?parent=3359"}],"curies":[{"name":"wp","href":"https:\/\/api.w.org\/{rel}","templated":true}]}}