{"id":3351,"date":"2022-05-10T14:23:14","date_gmt":"2022-05-10T21:23:14","guid":{"rendered":"http:\/\/localhost:10004\/patients\/covid-19-vaccine\/"},"modified":"2024-08-21T14:34:05","modified_gmt":"2024-08-21T21:34:05","slug":"covid-19-vaccine","status":"publish","type":"page","link":"https:\/\/adelantehealthcare.com\/es\/patients\/covid-19-vaccine\/","title":{"rendered":"Vacuna COVID-19"},"content":{"rendered":"\n<h2 class=\"wp-block-heading\">Las vacunas salvan vidas<\/h2>\n\n<p class=\"has-medium-font-size\">Vacunarse contra el COVID-19 puede reducir el riesgo de contraer y propagar el virus que causa el COVID-19. Las vacunas tambi\u00e9n pueden ayudar a prevenir enfermedades graves y la muerte. Si es elegible para la vacuna, llame a nuestro Centro de Apoyo al Paciente al <a href=\"tel:4809642273\">480-964-2273<\/a> para conocer qu\u00e9 opciones est\u00e1n disponibles en su \u00e1rea.<\/p>\n\n<hr class=\"wp-block-separator has-css-opacity\"\/>\n\n<h3 class=\"wp-block-heading\">Prepar\u00e1ndose para su vacuna COVID-19 en Adelante<\/h3>\n\n<p><strong>Antes de llegar a su cita<\/strong><\/p>\n\n<ul class=\"wp-block-list\">\n<li>Revise y, si es posible, imprima y complete la <a href=\"https:\/\/adelantehealthcare.com\/wp-content\/uploads\/2022\/06\/COVID-Informed-Consent-Form-and-Screening-Checklist-Revised-03-25-2021.pdf\" target=\"_blank\" rel=\"noreferrer noopener\">Lista de verificaci\u00f3n de detecci\u00f3n y consentimiento informado de Covid<\/a>. Estos tambi\u00e9n estar\u00e1n disponibles en el centro de salud.<\/li>\n\n\n\n<li>Familiar\u00edcese con lo que debe esperar antes, durante y despu\u00e9s de recibir la vacuna. M\u00e1s informaci\u00f3n sobre la seguridad, los efectos secundarios y los beneficios de la vacuna est\u00e1 disponible en los <a href=\"https:\/\/www.cdc.gov\/coronavirus\/2019-ncov\/vaccines\/index.html\" target=\"_blank\" rel=\"noreferrer noopener\">Centros para el Control y la Prevenci\u00f3n de Enfermedades<\/a> (CDC).<\/li>\n<\/ul>\n\n<p><strong>Durante su cita<\/strong><\/p>\n\n<ul class=\"wp-block-list\">\n<li>Use una m\u00e1scara y mantenga la distancia social siempre que sea posible.<\/li>\n\n\n\n<li>Proporcione respuestas honestas a nuestro equipo m\u00e9dico mientras revisan sus circunstancias espec\u00edficas.<\/li>\n\n\n\n<li>Planee pasar de 15 a 30 minutos en observaci\u00f3n despu\u00e9s de su vacuna.<\/li>\n<\/ul>\n\n<p><strong>Despu\u00e9s de recibir la vacuna<\/strong><\/p>\n\n<ul class=\"wp-block-list\">\n<li><a href=\"https:\/\/www.cdc.gov\/coronavirus\/2019-ncov\/vaccines\/safety\/vsafe.html\" target=\"_blank\" rel=\"noreferrer noopener\">Reg\u00edstrese en V-Safe<\/a>, un sistema de mensajer\u00eda de texto que el CDC utiliza para proporcionar chequeos de salud personalizados despu\u00e9s de la vacunaci\u00f3n.<\/li>\n\n\n\n<li>Anote la fecha y hora de su segunda cita de vacunaci\u00f3n antes de irse.<\/li>\n<\/ul>\n\n<p>Gracias por dar este paso para protegerse a s\u00ed mismo, a su familia y a nuestra comunidad. Si tiene alguna pregunta, no dude en contactarnos al <a href=\"tel:4809642273\">480-964-2273<\/a>.<\/p>\n","protected":false},"excerpt":{"rendered":"<p>Las vacunas salvan vidas Vacunarse contra el COVID-19 puede reducir el riesgo de contraer y propagar el virus que causa el COVID-19. Las vacunas tambi\u00e9n pueden ayudar a prevenir enfermedades graves y la muerte. Si es elegible para la vacuna, llame a nuestro Centro de Apoyo al Paciente al 480-964-2273 para conocer qu\u00e9 opciones est\u00e1n [&hellip;]<\/p>\n","protected":false},"author":1,"featured_media":2611,"parent":3313,"menu_order":0,"comment_status":"closed","ping_status":"closed","template":"","meta":{"_acf_changed":false,"_yoast_wpseo_title":"","_yoast_wpseo_metadesc":"","_monsterinsights_skip_tracking":false,"_monsterinsights_sitenote_active":false,"_monsterinsights_sitenote_note":"","_monsterinsights_sitenote_category":0,"_metasync_otto_title":"","_metasync_otto_description":"","_metasync_otto_keywords":"","_metasync_otto_og_title":"","_metasync_otto_og_description":"","_metasync_otto_twitter_title":"","_metasync_otto_twitter_description":"","rank_math_title":"","rank_math_description":"","_aioseo_title":"","_aioseo_description":"","_metasync_seo_title":"","_metasync_seo_desc":"","_metasync_otto_disabled":"","footnotes":""},"class_list":["post-3351","page","type-page","status-publish","has-post-thumbnail","hentry"],"acf":[],"yoast_head":"<!-- This site is optimized with the Yoast SEO plugin v27.3 - https:\/\/yoast.com\/product\/yoast-seo-wordpress\/ -->\n<title>Vacuna COVID-19 | Adelante Healthcare<\/title>\n<meta name=\"robots\" content=\"index, follow, max-snippet:-1, max-image-preview:large, max-video-preview:-1\" \/>\n<link rel=\"canonical\" href=\"https:\/\/adelantehealthcare.com\/es\/patients\/covid-19-vaccine\/\" \/>\n<meta property=\"og:locale\" content=\"es_ES\" \/>\n<meta property=\"og:type\" content=\"article\" \/>\n<meta property=\"og:title\" content=\"Vacuna COVID-19 | Adelante Healthcare\" \/>\n<meta property=\"og:description\" content=\"Las vacunas salvan vidas Vacunarse contra el COVID-19 puede reducir el riesgo de contraer y propagar el virus que causa el COVID-19. Las vacunas tambi\u00e9n pueden ayudar a prevenir enfermedades graves y la muerte. Si es elegible para la vacuna, llame a nuestro Centro de Apoyo al Paciente al 480-964-2273 para conocer qu\u00e9 opciones est\u00e1n [&hellip;]\" \/>\n<meta property=\"og:url\" content=\"https:\/\/adelantehealthcare.com\/es\/patients\/covid-19-vaccine\/\" \/>\n<meta property=\"og:site_name\" content=\"Adelante Healthcare\" \/>\n<meta property=\"article:modified_time\" content=\"2024-08-21T21:34:05+00:00\" \/>\n<meta property=\"og:image\" content=\"https:\/\/adelantehealthcare.com\/wp-content\/uploads\/2022\/05\/iStock-687662992.jpg\" \/>\n\t<meta property=\"og:image:width\" content=\"1920\" \/>\n\t<meta property=\"og:image:height\" content=\"1080\" \/>\n\t<meta property=\"og:image:type\" content=\"image\/jpeg\" \/>\n<meta name=\"twitter:card\" content=\"summary_large_image\" \/>\n<!-- \/ Yoast SEO plugin. -->","yoast_head_json":{"title":"Vacuna COVID-19 | Adelante Healthcare","robots":{"index":"index","follow":"follow","max-snippet":"max-snippet:-1","max-image-preview":"max-image-preview:large","max-video-preview":"max-video-preview:-1"},"canonical":"https:\/\/adelantehealthcare.com\/es\/patients\/covid-19-vaccine\/","og_locale":"es_ES","og_type":"article","og_title":"Vacuna COVID-19 | Adelante Healthcare","og_description":"Las vacunas salvan vidas Vacunarse contra el COVID-19 puede reducir el riesgo de contraer y propagar el virus que causa el COVID-19. Las vacunas tambi\u00e9n pueden ayudar a prevenir enfermedades graves y la muerte. Si es elegible para la vacuna, llame a nuestro Centro de Apoyo al Paciente al 480-964-2273 para conocer qu\u00e9 opciones est\u00e1n [&hellip;]","og_url":"https:\/\/adelantehealthcare.com\/es\/patients\/covid-19-vaccine\/","og_site_name":"Adelante Healthcare","article_modified_time":"2024-08-21T21:34:05+00:00","og_image":[{"width":1920,"height":1080,"url":"https:\/\/adelantehealthcare.com\/wp-content\/uploads\/2022\/05\/iStock-687662992.jpg","type":"image\/jpeg"}],"twitter_card":"summary_large_image","schema":{"@context":"https:\/\/schema.org","@graph":[{"@type":"WebPage","@id":"https:\/\/adelantehealthcare.com\/es\/patients\/covid-19-vaccine\/","url":"https:\/\/adelantehealthcare.com\/es\/patients\/covid-19-vaccine\/","name":"Vacuna COVID-19 | Adelante Healthcare","isPartOf":{"@id":"https:\/\/adelantehealthcare.com\/es\/#website"},"primaryImageOfPage":{"@id":"https:\/\/adelantehealthcare.com\/es\/patients\/covid-19-vaccine\/#primaryimage"},"image":{"@id":"https:\/\/adelantehealthcare.com\/es\/patients\/covid-19-vaccine\/#primaryimage"},"thumbnailUrl":"https:\/\/adelantehealthcare.com\/wp-content\/uploads\/2022\/05\/iStock-687662992.jpg","datePublished":"2022-05-10T21:23:14+00:00","dateModified":"2024-08-21T21:34:05+00:00","breadcrumb":{"@id":"https:\/\/adelantehealthcare.com\/es\/patients\/covid-19-vaccine\/#breadcrumb"},"inLanguage":"es","potentialAction":[{"@type":"ReadAction","target":["https:\/\/adelantehealthcare.com\/es\/patients\/covid-19-vaccine\/"]}]},{"@type":"ImageObject","inLanguage":"es","@id":"https:\/\/adelantehealthcare.com\/es\/patients\/covid-19-vaccine\/#primaryimage","url":"https:\/\/adelantehealthcare.com\/wp-content\/uploads\/2022\/05\/iStock-687662992.jpg","contentUrl":"https:\/\/adelantehealthcare.com\/wp-content\/uploads\/2022\/05\/iStock-687662992.jpg","width":1920,"height":1080},{"@type":"BreadcrumbList","@id":"https:\/\/adelantehealthcare.com\/es\/patients\/covid-19-vaccine\/#breadcrumb","itemListElement":[{"@type":"ListItem","position":1,"name":"Home","item":"https:\/\/adelantehealthcare.com\/es\/"},{"@type":"ListItem","position":2,"name":"Para pacientes","item":"https:\/\/adelantehealthcare.com\/es\/patients\/"},{"@type":"ListItem","position":3,"name":"Vacuna COVID-19"}]},{"@type":"WebSite","@id":"https:\/\/adelantehealthcare.com\/es\/#website","url":"https:\/\/adelantehealthcare.com\/es\/","name":"Adelante Healthcare","description":"Compassionate care, for your whole family","publisher":{"@id":"https:\/\/adelantehealthcare.com\/es\/#organization"},"alternateName":"Adelante Healthcare","potentialAction":[{"@type":"SearchAction","target":{"@type":"EntryPoint","urlTemplate":"https:\/\/adelantehealthcare.com\/es\/?s={search_term_string}"},"query-input":{"@type":"PropertyValueSpecification","valueRequired":true,"valueName":"search_term_string"}}],"inLanguage":"es"},{"@type":"Organization","@id":"https:\/\/adelantehealthcare.com\/es\/#organization","name":"Adelante Healthcare","url":"https:\/\/adelantehealthcare.com\/es\/","logo":{"@type":"ImageObject","inLanguage":"es","@id":"https:\/\/adelantehealthcare.com\/es\/#\/schema\/logo\/image\/","url":"https:\/\/adelantehealthcare.com\/wp-content\/uploads\/2024\/02\/adelante-healthcare.jpg","contentUrl":"https:\/\/adelantehealthcare.com\/wp-content\/uploads\/2024\/02\/adelante-healthcare.jpg","width":500,"height":500,"caption":"Adelante Healthcare"},"image":{"@id":"https:\/\/adelantehealthcare.com\/es\/#\/schema\/logo\/image\/"}}]}},"_links":{"self":[{"href":"https:\/\/adelantehealthcare.com\/es\/wp-json\/wp\/v2\/pages\/3351","targetHints":{"allow":["GET"]}}],"collection":[{"href":"https:\/\/adelantehealthcare.com\/es\/wp-json\/wp\/v2\/pages"}],"about":[{"href":"https:\/\/adelantehealthcare.com\/es\/wp-json\/wp\/v2\/types\/page"}],"author":[{"embeddable":true,"href":"https:\/\/adelantehealthcare.com\/es\/wp-json\/wp\/v2\/users\/1"}],"replies":[{"embeddable":true,"href":"https:\/\/adelantehealthcare.com\/es\/wp-json\/wp\/v2\/comments?post=3351"}],"version-history":[{"count":0,"href":"https:\/\/adelantehealthcare.com\/es\/wp-json\/wp\/v2\/pages\/3351\/revisions"}],"up":[{"embeddable":true,"href":"https:\/\/adelantehealthcare.com\/es\/wp-json\/wp\/v2\/pages\/3313"}],"wp:featuredmedia":[{"embeddable":true,"href":"https:\/\/adelantehealthcare.com\/es\/wp-json\/wp\/v2\/media\/2611"}],"wp:attachment":[{"href":"https:\/\/adelantehealthcare.com\/es\/wp-json\/wp\/v2\/media?parent=3351"}],"curies":[{"name":"wp","href":"https:\/\/api.w.org\/{rel}","templated":true}]}}