{"id":3344,"date":"2022-05-10T14:22:13","date_gmt":"2022-05-10T21:22:13","guid":{"rendered":"http:\/\/localhost:10004\/patients\/paying-for-care\/"},"modified":"2024-08-21T14:33:42","modified_gmt":"2024-08-21T21:33:42","slug":"paying-for-care","status":"publish","type":"page","link":"https:\/\/adelantehealthcare.com\/es\/patients\/paying-for-care\/","title":{"rendered":"Pagar por su cuidado medico"},"content":{"rendered":"\n<h2 class=\"wp-block-heading\">Atenci\u00f3n de calidad que puede pagar<\/h2>\n\n<p class=\"has-medium-font-size\">Fundamos Adelante Healthcare sobre el principio de que todos deben tener acceso a una gama completa de servicios de atenci\u00f3n primaria de calidad a un precio asequible. Ya sea que tenga seguro, reciba asistencia financiera o pague por cuenta propia, trabajaremos con usted para asegurarnos de que usted y su familia sean atendidos y reciban un buen valor por su d\u00f3lar de atenci\u00f3n m\u00e9dica.<\/p>\n\n<hr class=\"wp-block-separator has-css-opacity\"\/>\n\n<h3 class=\"wp-block-heading\">Seguro aceptado<\/h3>\n\n<p>Damos la bienvenida a la mayor\u00eda de los planes de seguro, incluidos AHCCCS y Medicare.<\/p>\n\n<p><a href=\"https:\/\/adelantehealthcare.com\/patients\/accepted-insurance-plans\/\">Haga clic aqu\u00ed para ver la lista completa de planes de seguro m\u00e9dico y dental que aceptamos.<\/a><\/p>\n\n<p>Cuando llame para programar su cita, verificaremos su seguro y confirmaremos que a\u00fan lo aceptamos. Le pediremos que proporcione una tarjeta de seguro actual cuando se registre; llegue 15 minutos antes para permitirnos actualizar sus registros.<\/p>\n\n<hr class=\"wp-block-separator has-css-opacity\"\/>\n\n<h3 class=\"wp-block-heading\">Programa de autopago<\/h3>\n\n<p>Ofrecemos una opci\u00f3n asequible de pago por cuenta propia para pacientes que no tienen seguro o tienen un seguro insuficiente, y que pueden no calificar para recibir asistencia financiera:<\/p>\n\n<ul class=\"wp-block-list\"><li>Visita inicial al m\u00e9dico: $ 100 &#8211; $ 250 (m\u00e1s cualquier servicio adicional requerido)<\/li><li>Citas de seguimiento: $80 &#8211; $180 (m\u00e1s cualquier servicio adicional requerido)<\/li><\/ul>\n\n<p>Los servicios adicionales incluyen laboratorios, medicamentos u otros procedimientos realizados mientras est\u00e1 en la oficina. Recibir\u00e1 un estado de cuenta que enumera los cargos por la visita m\u00e1s los cargos adicionales poco despu\u00e9s de su cita.<\/p>\n\n<hr class=\"wp-block-separator has-css-opacity\"\/>\n\n<h3 class=\"wp-block-heading\">Programas de asistencia financiera<\/h3>\n\n<p>Si no tiene seguro o tiene un seguro insuficiente, puede calificar para programas y servicios con tarifas reducidas basadas en sus ingresos y el tama\u00f1o de su familia, incluido el Programa AHCCCS de Arizona y nuestro propio Programa de Tarifas M\u00f3viles. <a href=\"https:\/\/adelantehealthcare.com\/es\/community\/community-programs\/\">Haga clic aqu\u00ed para obtener m\u00e1s informaci\u00f3n sobre la asistencia financiera para sus costos de atenci\u00f3n m\u00e9dica.<\/a><\/p>\n\n<hr class=\"wp-block-separator has-css-opacity\"\/>\n\n<h3 class=\"wp-block-heading\">Pagos que vencen el d\u00eda del servicio<\/h3>\n\n<p>Su copago o tarifa de cita se debe de pagarse el d\u00eda de su cita antes de ver al m\u00e9dico, incluido su pago por cuenta propia o de tarifa variable. En algunos casos, recibir\u00e1 una notificaci\u00f3n de un saldo adeudado despu\u00e9s de la cita inicial y de que hayamos enviado su seguro, o si se realizaron servicios adicionales como an\u00e1lisis de laboratorio, radiolog\u00eda o procedimientos durante su visita.<\/p>\n\n<p>Aceptamos efectivo, cheques, tarjetas de cr\u00e9dito y d\u00e9bito Visa y MasterCard. Si hay un saldo pendiente en su cuenta, podemos pedirle que lo pague en su totalidad o que establezca un plan de pago para programar citas futuras.<br\/><\/p>\n\n<hr class=\"wp-block-separator has-css-opacity\"\/>\n\n<p class=\"has-medium-font-size\"><strong>Transparencia federal en la cobertura<\/strong><\/p>\n\n<p class=\"has-small-font-size\">Este <a href=\"http:\/\/www.ticmrf.com\/86-0377821\" target=\"_blank\" rel=\"noreferrer noopener\">enlace<\/a> conduce a los archivos legibles por m\u00e1quina que est\u00e1n disponibles en respuesta a la Regla Federal de Transparencia en la Cobertura e incluye tarifas de servicio negociadas y montos permitidos fuera de la red entre los planes de salud y los proveedores de atenci\u00f3n m\u00e9dica. Los archivos legibles por m\u00e1quina est\u00e1n formateados para permitir a los investigadores, reguladores y desarrolladores de aplicaciones acceder y analizar datos m\u00e1s f\u00e1cilmente.<\/p>\n","protected":false},"excerpt":{"rendered":"<p>Atenci\u00f3n de calidad que puede pagar Fundamos Adelante Healthcare sobre el principio de que todos deben tener acceso a una gama completa de servicios de atenci\u00f3n primaria de calidad a un precio asequible. Ya sea que tenga seguro, reciba asistencia financiera o pague por cuenta propia, trabajaremos con usted para asegurarnos de que usted y [&hellip;]<\/p>\n","protected":false},"author":1,"featured_media":2609,"parent":3313,"menu_order":0,"comment_status":"closed","ping_status":"closed","template":"","meta":{"_acf_changed":false,"_yoast_wpseo_title":"","_yoast_wpseo_metadesc":"","_monsterinsights_skip_tracking":false,"_monsterinsights_sitenote_active":false,"_monsterinsights_sitenote_note":"","_monsterinsights_sitenote_category":0,"_metasync_otto_title":"","_metasync_otto_description":"","_metasync_otto_keywords":"","_metasync_otto_og_title":"","_metasync_otto_og_description":"","_metasync_otto_twitter_title":"","_metasync_otto_twitter_description":"","rank_math_title":"","rank_math_description":"","_aioseo_title":"","_aioseo_description":"","_metasync_seo_title":"","_metasync_seo_desc":"","_metasync_breadcrumb_title":"","_metasync_primary_category":0,"_metasync_primary_product_cat":0,"_metasync_otto_disabled":"","_metasync_hreflang":"","footnotes":""},"class_list":["post-3344","page","type-page","status-publish","has-post-thumbnail","hentry"],"acf":[],"yoast_head":"<!-- This site is optimized with the Yoast SEO plugin v27.4 - https:\/\/yoast.com\/product\/yoast-seo-wordpress\/ -->\n<title>Pagar por su cuidado medico | Adelante Healthcare<\/title>\n<meta name=\"robots\" content=\"index, follow, max-snippet:-1, max-image-preview:large, max-video-preview:-1\" \/>\n<link rel=\"canonical\" href=\"https:\/\/adelantehealthcare.com\/es\/patients\/paying-for-care\/\" \/>\n<meta property=\"og:locale\" content=\"es_ES\" \/>\n<meta property=\"og:type\" content=\"article\" \/>\n<meta property=\"og:title\" content=\"Pagar por su cuidado medico | Adelante Healthcare\" \/>\n<meta property=\"og:description\" content=\"Atenci\u00f3n de calidad que puede pagar Fundamos Adelante Healthcare sobre el principio de que todos deben tener acceso a una gama completa de servicios de atenci\u00f3n primaria de calidad a un precio asequible. Ya sea que tenga seguro, reciba asistencia financiera o pague por cuenta propia, trabajaremos con usted para asegurarnos de que usted y [&hellip;]\" \/>\n<meta property=\"og:url\" content=\"https:\/\/adelantehealthcare.com\/es\/patients\/paying-for-care\/\" \/>\n<meta property=\"og:site_name\" content=\"Adelante Healthcare\" \/>\n<meta property=\"og:image\" content=\"https:\/\/adelantehealthcare.com\/wp-content\/uploads\/2022\/05\/0J5A3110.jpg\" \/>\n\t<meta property=\"og:image:width\" content=\"1920\" \/>\n\t<meta property=\"og:image:height\" content=\"1080\" \/>\n\t<meta property=\"og:image:type\" content=\"image\/jpeg\" \/>\n<meta name=\"twitter:card\" content=\"summary_large_image\" \/>\n<!-- \/ Yoast SEO plugin. -->","yoast_head_json":{"title":"Pagar por su cuidado medico | Adelante Healthcare","robots":{"index":"index","follow":"follow","max-snippet":"max-snippet:-1","max-image-preview":"max-image-preview:large","max-video-preview":"max-video-preview:-1"},"canonical":"https:\/\/adelantehealthcare.com\/es\/patients\/paying-for-care\/","og_locale":"es_ES","og_type":"article","og_title":"Pagar por su cuidado medico | Adelante Healthcare","og_description":"Atenci\u00f3n de calidad que puede pagar Fundamos Adelante Healthcare sobre el principio de que todos deben tener acceso a una gama completa de servicios de atenci\u00f3n primaria de calidad a un precio asequible. Ya sea que tenga seguro, reciba asistencia financiera o pague por cuenta propia, trabajaremos con usted para asegurarnos de que usted y [&hellip;]","og_url":"https:\/\/adelantehealthcare.com\/es\/patients\/paying-for-care\/","og_site_name":"Adelante Healthcare","og_image":[{"width":1920,"height":1080,"url":"https:\/\/adelantehealthcare.com\/wp-content\/uploads\/2022\/05\/0J5A3110.jpg","type":"image\/jpeg"}],"twitter_card":"summary_large_image","schema":{"@context":"https:\/\/schema.org","@graph":[{"@type":"WebPage","@id":"https:\/\/adelantehealthcare.com\/es\/patients\/paying-for-care\/","url":"https:\/\/adelantehealthcare.com\/es\/patients\/paying-for-care\/","name":"Pagar por su cuidado medico | Adelante Healthcare","isPartOf":{"@id":"https:\/\/adelantehealthcare.com\/es\/#website"},"primaryImageOfPage":{"@id":"https:\/\/adelantehealthcare.com\/es\/patients\/paying-for-care\/#primaryimage"},"image":{"@id":"https:\/\/adelantehealthcare.com\/es\/patients\/paying-for-care\/#primaryimage"},"thumbnailUrl":"https:\/\/adelantehealthcare.com\/wp-content\/uploads\/2022\/05\/0J5A3110.jpg","datePublished":"2022-05-10T21:22:13+00:00","dateModified":"2024-08-21T21:33:42+00:00","breadcrumb":{"@id":"https:\/\/adelantehealthcare.com\/es\/patients\/paying-for-care\/#breadcrumb"},"inLanguage":"es","potentialAction":[{"@type":"ReadAction","target":["https:\/\/adelantehealthcare.com\/es\/patients\/paying-for-care\/"]}]},{"@type":"ImageObject","inLanguage":"es","@id":"https:\/\/adelantehealthcare.com\/es\/patients\/paying-for-care\/#primaryimage","url":"https:\/\/adelantehealthcare.com\/wp-content\/uploads\/2022\/05\/0J5A3110.jpg","contentUrl":"https:\/\/adelantehealthcare.com\/wp-content\/uploads\/2022\/05\/0J5A3110.jpg","width":1920,"height":1080,"caption":"Female Adelante Healthcare Provider Meeting With Her Patient"},{"@type":"BreadcrumbList","@id":"https:\/\/adelantehealthcare.com\/es\/patients\/paying-for-care\/#breadcrumb","itemListElement":[{"@type":"ListItem","position":1,"name":"Home","item":"https:\/\/adelantehealthcare.com\/es\/"},{"@type":"ListItem","position":2,"name":"Para pacientes","item":"https:\/\/adelantehealthcare.com\/es\/patients\/"},{"@type":"ListItem","position":3,"name":"Pagar por su cuidado medico"}]},{"@type":"WebSite","@id":"https:\/\/adelantehealthcare.com\/es\/#website","url":"https:\/\/adelantehealthcare.com\/es\/","name":"Adelante Healthcare","description":"Compassionate care, for your whole family","publisher":{"@id":"https:\/\/adelantehealthcare.com\/es\/#organization"},"alternateName":"Adelante Healthcare","potentialAction":[{"@type":"SearchAction","target":{"@type":"EntryPoint","urlTemplate":"https:\/\/adelantehealthcare.com\/es\/?s={search_term_string}"},"query-input":{"@type":"PropertyValueSpecification","valueRequired":true,"valueName":"search_term_string"}}],"inLanguage":"es"},{"@type":"Organization","@id":"https:\/\/adelantehealthcare.com\/es\/#organization","name":"Adelante Healthcare","url":"https:\/\/adelantehealthcare.com\/es\/","logo":{"@type":"ImageObject","inLanguage":"es","@id":"https:\/\/adelantehealthcare.com\/es\/#\/schema\/logo\/image\/","url":"https:\/\/adelantehealthcare.com\/wp-content\/uploads\/2024\/02\/adelante-healthcare.jpg","contentUrl":"https:\/\/adelantehealthcare.com\/wp-content\/uploads\/2024\/02\/adelante-healthcare.jpg","width":500,"height":500,"caption":"Adelante Healthcare"},"image":{"@id":"https:\/\/adelantehealthcare.com\/es\/#\/schema\/logo\/image\/"}}]}},"_links":{"self":[{"href":"https:\/\/adelantehealthcare.com\/es\/wp-json\/wp\/v2\/pages\/3344","targetHints":{"allow":["GET"]}}],"collection":[{"href":"https:\/\/adelantehealthcare.com\/es\/wp-json\/wp\/v2\/pages"}],"about":[{"href":"https:\/\/adelantehealthcare.com\/es\/wp-json\/wp\/v2\/types\/page"}],"author":[{"embeddable":true,"href":"https:\/\/adelantehealthcare.com\/es\/wp-json\/wp\/v2\/users\/1"}],"replies":[{"embeddable":true,"href":"https:\/\/adelantehealthcare.com\/es\/wp-json\/wp\/v2\/comments?post=3344"}],"version-history":[{"count":0,"href":"https:\/\/adelantehealthcare.com\/es\/wp-json\/wp\/v2\/pages\/3344\/revisions"}],"up":[{"embeddable":true,"href":"https:\/\/adelantehealthcare.com\/es\/wp-json\/wp\/v2\/pages\/3313"}],"wp:featuredmedia":[{"embeddable":true,"href":"https:\/\/adelantehealthcare.com\/es\/wp-json\/wp\/v2\/media\/2609"}],"wp:attachment":[{"href":"https:\/\/adelantehealthcare.com\/es\/wp-json\/wp\/v2\/media?parent=3344"}],"curies":[{"name":"wp","href":"https:\/\/api.w.org\/{rel}","templated":true}]}}