{"id":3343,"date":"2022-05-10T14:21:52","date_gmt":"2022-05-10T21:21:52","guid":{"rendered":"http:\/\/localhost:10004\/patients\/prepare-for-your-visit\/"},"modified":"2024-08-28T08:05:12","modified_gmt":"2024-08-28T15:05:12","slug":"prepare-for-your-visit","status":"publish","type":"page","link":"https:\/\/adelantehealthcare.com\/es\/patients\/prepare-for-your-visit\/","title":{"rendered":"Prep\u00e1rese para su visita"},"content":{"rendered":"\n<h2 class=\"wp-block-heading\">Aproveche al m\u00e1ximo su cita con el nuevo paciente en Arizona<\/h2>\n\n<p class=\"has-medium-font-size\">Para recibir el mejor servicio posible y una atenci\u00f3n m\u00e9dica de alta calidad, prep\u00e1rese con los art\u00edculos que debe traer y los formularios m\u00e9dicos para pacientes que nuestras oficinas de Arizona necesitan para acceder a su historial. Los siguientes consejos nos ayudar\u00e1n a sacarle el m\u00e1ximo partido a su visita.<\/p>\n\n<hr class=\"wp-block-separator has-css-opacity\" \/>\n\n<h3 class=\"wp-block-heading\">Llegue temprano<\/h3>\n\n<p>Planee llegar 30 minutos antes de la hora de su cita para registrarse, completar los formularios requeridos o actualizar sus registros m\u00e9dicos e informaci\u00f3n de contacto.<\/p>\n\n<hr class=\"wp-block-separator has-css-opacity\" \/>\n\n<h3 class=\"wp-block-heading\">Qu\u00e9 traer<\/h3>\n\n<p>Aseg\u00farese de tener los siguientes documentos con usted cuando llegue:<\/p>\n\n<ul class=\"wp-block-list\">\n<li>Dos formas de identificaci\u00f3n (licencia de conducir, identificaci\u00f3n estatal, identificaci\u00f3n tribal, pasaporte o identificaci\u00f3n del gobierno)<\/li>\n\n\n\n<li>Tarjeta de seguro m\u00e9dico vigente<\/li>\n\n\n\n<li>Una lista de los medicamentos que est\u00e1 tomando, incluida la dosis (o puede traer los frascos recetados reales)<\/li>\n\n\n\n<li>Una lista de otros m\u00e9dicos o lugares de atenci\u00f3n que puede estar usando actualmente<\/li>\n\n\n\n<li>Registros actuales de vacunaci\u00f3n<\/li>\n\n\n\n<li>Documentaci\u00f3n de alta de las visitas al hospital<\/li>\n<\/ul>\n\n<hr class=\"wp-block-separator has-css-opacity\" \/>\n\n<h3 class=\"wp-block-heading\">Formularios para pacientes<\/h3>\n\n<p>Si esta es su primera visita, puede ahorrar tiempo imprimiendo y completando los siguientes Formularios M\u00e9dicos del Paciente antes de llegar a nuestras oficinas de Arizona para su cita:<\/p>\n\n<p><strong>Adelante formularios para pacientes<\/strong><\/p>\n\n<ul class=\"wp-block-list\">\n<li><a href=\"https:\/\/adelantehealthcare.com\/wp-content\/uploads\/2024\/06\/New_Patient_Registration_AA53.PT_.FRM_V01_2024.05.30_ENGLISH.pdf\" target=\"_blank\" rel=\"noreferrer noopener\">Registro de pacientes (ingl\u00e9s)<\/a><\/li>\n\n\n\n<li><a href=\"https:\/\/adelantehealthcare.com\/wp-content\/uploads\/2024\/06\/New_Patient_Registration_AA53.PT_.FRM_V01_2024.05.30_SPANISH.pdf\" target=\"_blank\" rel=\"noreferrer noopener\">Registro de pacientes (espa\u00f1ol)<\/a><\/li>\n\n\n\n<li><a href=\"https:\/\/adelantehealthcare.com\/wp-content\/uploads\/2022\/06\/ENG-2020.04.08-Patient-Acknowledgement-Form.pdf\">Reconocimiento<\/a><a href=\"https:\/\/adelantehealthcare.com\/wp-content\/uploads\/2022\/06\/ENG-2020.04.08-Patient-Acknowledgement-Form.pdf\" target=\"_blank\" rel=\"noreferrer noopener\"> de <\/a><a href=\"https:\/\/adelantehealthcare.com\/wp-content\/uploads\/2022\/06\/ENG-2020.04.08-Patient-Acknowledgement-Form.pdf\">las pr\u00e1cticas de privacidad (ingl\u00e9s)<\/a><\/li>\n\n\n\n<li><a href=\"https:\/\/adelantehealthcare.com\/wp-content\/uploads\/2022\/06\/SPA-2020.04.28-Patient-Acknowledgement-Form-FORMULARIO-DE-RECONOCIMIENTO-DEL-PACIENTE.pdf\" target=\"_blank\" rel=\"noreferrer noopener\">Reconocimiento de pr\u00e1cticas de privacidad (espa\u00f1ol)<\/a><\/li>\n\n\n\n<li><a href=\"https:\/\/adelantehealthcare.com\/wp-content\/uploads\/2024\/06\/Annual_Consent__Acceptance_of_Financial_AA12.FIN_.FRM_V13_03.28.2024_ENGLISH.pdf\" target=\"_blank\" rel=\"noreferrer noopener\">Aceptaci\u00f3n de la responsabilidad financiera (Espa\u00f1ol<\/a><a href=\"https:\/\/adelantehealthcare.com\/wp-content\/uploads\/2024\/06\/Annual_Consent__Acceptance_of_Financial_AA12.FIN_.FRM_V13_03.28.2024_ENGLISH-1-1.pdf\" target=\"_blank\" rel=\"noreferrer noopener\">)<\/a><\/li>\n\n\n\n<li><a href=\"https:\/\/adelantehealthcare.com\/wp-content\/uploads\/2024\/06\/Annual_Patient_Registration_AA54.PT_.FRM_V24_2024.05.30_SPANISH-1.pdf\" target=\"_blank\" rel=\"noreferrer noopener\">Aceptaci\u00f3n de la responsabilidad financiera (espa\u00f1ol)<\/a><\/li>\n\n\n\n<li><a href=\"https:\/\/adelantehealthcare.com\/wp-content\/uploads\/2022\/06\/ENG-2019.07.08-Cancellation-Missed-Appointment-Agreement.pdf\">Anulaci\u00f3n\/Acuerdo de Cita Previa<\/a><a href=\"https:\/\/adelantehealthcare.com\/wp-content\/uploads\/2024\/06\/Cancellation_Missed_Appointment_Agreement_AA55_PT_FRM_V02_2022_07_21_ENG_lmendez-4-1.pdf\" target=\"_blank\" rel=\"noreferrer noopener\">ment (ingl\u00e9s)<\/a><\/li>\n\n\n\n<li><a href=\"https:\/\/adelantehealthcare.com\/wp-content\/uploads\/2022\/06\/SPA-2019.07.08-Cancellation-Missed-Appointment-Agreement-CANCELACION-FALTAR-O-LLEGAR-TARDE-A-SU-CITA.pdf\">Acuerdo de cancelaci\u00f3n\/falta a la cita (espa\u00f1ol<\/a><a href=\"https:\/\/adelantehealthcare.com\/wp-content\/uploads\/2024\/06\/Cancellation_Missed_Appointment_Agreement_AA55_PT_FRM_V02_2022_07_21_SPA_lmendez-3-1.pdf\" target=\"_blank\" rel=\"noreferrer noopener\">sh)<\/a><\/li>\n\n\n\n<li><a href=\"https:\/\/adelantehealthcare.com\/wp-content\/uploads\/2024\/02\/Authorization-to-Disclose-Health-Information-ENGLISH.pdf\">Autorizaci\u00f3n para divulgar informaci\u00f3n sanitaria (ingl\u00e9s)<\/a><\/li>\n\n\n\n<li><a href=\"https:\/\/adelantehealthcare.com\/wp-content\/uploads\/2024\/02\/Authorization-to-Disclose-Health-Information-SPANISH.pdf\">Autorizaci\u00f3n para divulgar informaci\u00f3n m\u00e9dica &#8211; (espa\u00f1ol)<\/a><\/li>\n<\/ul>\n\n<p><strong>Adelante formularios para pacientes dentales<\/strong><\/p>\n\n<ul class=\"wp-block-list\">\n<li><a href=\"https:\/\/adelantehealthcare.com\/wp-content\/uploads\/2022\/06\/ENG-Dental-2017.02.21-Health-History.pdf\" target=\"_blank\" rel=\"noreferrer noopener\">Formulario de historial del paciente dental (ingl\u00e9s)<\/a><\/li>\n\n\n\n<li><a href=\"https:\/\/adelantehealthcare.com\/wp-content\/uploads\/2022\/06\/SPA-Dental-2017.02.21-Health-History-HISTORIA-DENTAL-DEL-PACIENTE.pdf\" target=\"_blank\" rel=\"noreferrer noopener\">Formulario de historia del paciente dental (Espa\u00f1ol)<\/a><\/li>\n\n\n\n<li><a href=\"https:\/\/adelantehealthcare.com\/wp-content\/uploads\/2022\/06\/ENG-Dental-2019.07.09-Treatment-Consent.pdf\" target=\"_blank\" rel=\"noreferrer noopener\">Consentimiento para el tratamiento dental (ingl\u00e9s)<\/a><\/li>\n\n\n\n<li><a href=\"https:\/\/adelantehealthcare.com\/wp-content\/uploads\/2022\/06\/SPA-Dental-2019.07.08-Treatment-Consent-CONSENTIMIENTO-PARA-TRATAMIENTO-DENTAL.pdf\" target=\"_blank\" rel=\"noreferrer noopener\">Consentimiento para tratamiento dental<\/a><\/li>\n<\/ul>\n\n<p>Si tiene alguna pregunta sobre cualquiera de los formularios de Adelante Healthcare, comun\u00edquese con nosotros al <a href=\"tel:4809642273\">480-964-2273<\/a>.<\/p>\n\n<hr class=\"wp-block-separator has-css-opacity\" \/>\n\n<h3 class=\"wp-block-heading\">Asistencia ling\u00fc\u00edstica<\/h3>\n\n<p>Si usted o un miembro de su familia prefiere recibir atenci\u00f3n en un idioma que no sea ingl\u00e9s, Adelante proporciona recursos ling\u00fc\u00edsticos para ayudar. Se ofrece asistencia en los 14 idiomas m\u00e1s hablados en Arizona para las citas de los pacientes.<\/p>\n\n<div class=\"wp-block-buttons is-layout-flex wp-block-buttons-is-layout-flex\">\n<div class=\"wp-block-button\"><a class=\"wp-block-button__link wp-element-button\" href=\"https:\/\/adelantehealthcare.com\/wp-content\/uploads\/2022\/06\/Display-11-x-17-Arizona-01.03.17.VF_.pdf\" target=\"_blank\" rel=\"noreferrer noopener\">Servicios ling\u00fc\u00edsticos<\/a><\/div>\n<\/div>\n\n<hr class=\"wp-block-separator has-css-opacity\" \/>\n\n<h3 class=\"wp-block-heading\">Llegada tard\u00eda<\/h3>\n\n<p>Un paciente se considera tarde cuando llega despu\u00e9s de la hora programada de su cita. Si llega tarde, trataremos de trabajar en la pr\u00f3xima hora disponible, pero otros pacientes que han llegado a tiempo pueden ver al proveedor primero.<\/p>\n\n<p>Si no puede informarnos con al menos 24 horas de anticipaci\u00f3n que desea cancelar una cita, y no podemos completar su hora de cita, se lo considerar\u00e1 no presentado. Si no se presenta 3 veces dentro de los 6 meses, se le colocar\u00e1 en un estado de cita en espera el mismo d\u00eda durante los siguientes 12 meses.<\/p>\n\n<p>Tenga en cuenta que, como paciente nuevo, se le pide que llegue 30 minutos antes a nuestras cl\u00ednicas de Arizona para rellenar los formularios m\u00e9dicos de paciente nuevo. Llegar menos de 15 minutos antes de su primera cita con un nuevo paciente se considerar\u00e1 tarde.<\/p>\n","protected":false},"excerpt":{"rendered":"<p>Aproveche al m\u00e1ximo su cita con el nuevo paciente en Arizona Para recibir el mejor servicio posible y una atenci\u00f3n m\u00e9dica de alta calidad, prep\u00e1rese con los art\u00edculos que debe traer y los formularios m\u00e9dicos para pacientes que nuestras oficinas de Arizona necesitan para acceder a su historial. Los siguientes consejos nos ayudar\u00e1n a sacarle [&hellip;]<\/p>\n","protected":false},"author":1,"featured_media":2608,"parent":3313,"menu_order":0,"comment_status":"closed","ping_status":"closed","template":"","meta":{"_acf_changed":false,"_monsterinsights_skip_tracking":false,"_monsterinsights_sitenote_active":false,"_monsterinsights_sitenote_note":"","_monsterinsights_sitenote_category":0,"footnotes":""},"class_list":["post-3343","page","type-page","status-publish","has-post-thumbnail","hentry"],"acf":[],"yoast_head":"<!-- This site is optimized with the Yoast SEO plugin v27.3 - https:\/\/yoast.com\/product\/yoast-seo-wordpress\/ -->\n<title>Prep\u00e1rese para su visita | Adelante Healthcare<\/title>\n<meta name=\"robots\" content=\"index, follow, max-snippet:-1, max-image-preview:large, max-video-preview:-1\" \/>\n<link rel=\"canonical\" href=\"https:\/\/adelantehealthcare.com\/es\/patients\/prepare-for-your-visit\/\" \/>\n<meta property=\"og:locale\" content=\"es_ES\" \/>\n<meta property=\"og:type\" content=\"article\" \/>\n<meta property=\"og:title\" content=\"Prep\u00e1rese para su visita | Adelante Healthcare\" \/>\n<meta property=\"og:description\" content=\"Aproveche al m\u00e1ximo su cita con el nuevo paciente en Arizona Para recibir el mejor servicio posible y una atenci\u00f3n m\u00e9dica de alta calidad, prep\u00e1rese con los art\u00edculos que debe traer y los formularios m\u00e9dicos para pacientes que nuestras oficinas de Arizona necesitan para acceder a su historial. Los siguientes consejos nos ayudar\u00e1n a sacarle [&hellip;]\" \/>\n<meta property=\"og:url\" content=\"https:\/\/adelantehealthcare.com\/es\/patients\/prepare-for-your-visit\/\" \/>\n<meta property=\"og:site_name\" content=\"Adelante Healthcare\" \/>\n<meta property=\"article:modified_time\" content=\"2024-08-28T15:05:12+00:00\" \/>\n<meta property=\"og:image\" content=\"https:\/\/adelantehealthcare.com\/wp-content\/uploads\/2022\/05\/0J5A9840-Adjust.jpg\" \/>\n\t<meta property=\"og:image:width\" content=\"1920\" \/>\n\t<meta property=\"og:image:height\" content=\"1080\" \/>\n\t<meta property=\"og:image:type\" content=\"image\/jpeg\" \/>\n<meta name=\"twitter:card\" content=\"summary_large_image\" \/>\n<!-- \/ Yoast SEO plugin. -->","yoast_head_json":{"title":"Prep\u00e1rese para su visita | Adelante Healthcare","robots":{"index":"index","follow":"follow","max-snippet":"max-snippet:-1","max-image-preview":"max-image-preview:large","max-video-preview":"max-video-preview:-1"},"canonical":"https:\/\/adelantehealthcare.com\/es\/patients\/prepare-for-your-visit\/","og_locale":"es_ES","og_type":"article","og_title":"Prep\u00e1rese para su visita | Adelante Healthcare","og_description":"Aproveche al m\u00e1ximo su cita con el nuevo paciente en Arizona Para recibir el mejor servicio posible y una atenci\u00f3n m\u00e9dica de alta calidad, prep\u00e1rese con los art\u00edculos que debe traer y los formularios m\u00e9dicos para pacientes que nuestras oficinas de Arizona necesitan para acceder a su historial. Los siguientes consejos nos ayudar\u00e1n a sacarle [&hellip;]","og_url":"https:\/\/adelantehealthcare.com\/es\/patients\/prepare-for-your-visit\/","og_site_name":"Adelante Healthcare","article_modified_time":"2024-08-28T15:05:12+00:00","og_image":[{"width":1920,"height":1080,"url":"https:\/\/adelantehealthcare.com\/wp-content\/uploads\/2022\/05\/0J5A9840-Adjust.jpg","type":"image\/jpeg"}],"twitter_card":"summary_large_image","schema":{"@context":"https:\/\/schema.org","@graph":[{"@type":"WebPage","@id":"https:\/\/adelantehealthcare.com\/es\/patients\/prepare-for-your-visit\/","url":"https:\/\/adelantehealthcare.com\/es\/patients\/prepare-for-your-visit\/","name":"Prep\u00e1rese para su visita | Adelante Healthcare","isPartOf":{"@id":"https:\/\/adelantehealthcare.com\/es\/#website"},"primaryImageOfPage":{"@id":"https:\/\/adelantehealthcare.com\/es\/patients\/prepare-for-your-visit\/#primaryimage"},"image":{"@id":"https:\/\/adelantehealthcare.com\/es\/patients\/prepare-for-your-visit\/#primaryimage"},"thumbnailUrl":"https:\/\/adelantehealthcare.com\/wp-content\/uploads\/2022\/05\/0J5A9840-Adjust.jpg","datePublished":"2022-05-10T21:21:52+00:00","dateModified":"2024-08-28T15:05:12+00:00","breadcrumb":{"@id":"https:\/\/adelantehealthcare.com\/es\/patients\/prepare-for-your-visit\/#breadcrumb"},"inLanguage":"es","potentialAction":[{"@type":"ReadAction","target":["https:\/\/adelantehealthcare.com\/es\/patients\/prepare-for-your-visit\/"]}]},{"@type":"ImageObject","inLanguage":"es","@id":"https:\/\/adelantehealthcare.com\/es\/patients\/prepare-for-your-visit\/#primaryimage","url":"https:\/\/adelantehealthcare.com\/wp-content\/uploads\/2022\/05\/0J5A9840-Adjust.jpg","contentUrl":"https:\/\/adelantehealthcare.com\/wp-content\/uploads\/2022\/05\/0J5A9840-Adjust.jpg","width":1920,"height":1080},{"@type":"BreadcrumbList","@id":"https:\/\/adelantehealthcare.com\/es\/patients\/prepare-for-your-visit\/#breadcrumb","itemListElement":[{"@type":"ListItem","position":1,"name":"Home","item":"https:\/\/adelantehealthcare.com\/es\/"},{"@type":"ListItem","position":2,"name":"Para pacientes","item":"https:\/\/adelantehealthcare.com\/es\/patients\/"},{"@type":"ListItem","position":3,"name":"Prep\u00e1rese para su visita"}]},{"@type":"WebSite","@id":"https:\/\/adelantehealthcare.com\/es\/#website","url":"https:\/\/adelantehealthcare.com\/es\/","name":"Adelante Healthcare","description":"Compassionate care, for your whole family","publisher":{"@id":"https:\/\/adelantehealthcare.com\/es\/#organization"},"alternateName":"Adelante Healthcare","potentialAction":[{"@type":"SearchAction","target":{"@type":"EntryPoint","urlTemplate":"https:\/\/adelantehealthcare.com\/es\/?s={search_term_string}"},"query-input":{"@type":"PropertyValueSpecification","valueRequired":true,"valueName":"search_term_string"}}],"inLanguage":"es"},{"@type":"Organization","@id":"https:\/\/adelantehealthcare.com\/es\/#organization","name":"Adelante Healthcare","url":"https:\/\/adelantehealthcare.com\/es\/","logo":{"@type":"ImageObject","inLanguage":"es","@id":"https:\/\/adelantehealthcare.com\/es\/#\/schema\/logo\/image\/","url":"https:\/\/adelantehealthcare.com\/wp-content\/uploads\/2024\/02\/adelante-healthcare.jpg","contentUrl":"https:\/\/adelantehealthcare.com\/wp-content\/uploads\/2024\/02\/adelante-healthcare.jpg","width":500,"height":500,"caption":"Adelante Healthcare"},"image":{"@id":"https:\/\/adelantehealthcare.com\/es\/#\/schema\/logo\/image\/"}}]}},"_links":{"self":[{"href":"https:\/\/adelantehealthcare.com\/es\/wp-json\/wp\/v2\/pages\/3343","targetHints":{"allow":["GET"]}}],"collection":[{"href":"https:\/\/adelantehealthcare.com\/es\/wp-json\/wp\/v2\/pages"}],"about":[{"href":"https:\/\/adelantehealthcare.com\/es\/wp-json\/wp\/v2\/types\/page"}],"author":[{"embeddable":true,"href":"https:\/\/adelantehealthcare.com\/es\/wp-json\/wp\/v2\/users\/1"}],"replies":[{"embeddable":true,"href":"https:\/\/adelantehealthcare.com\/es\/wp-json\/wp\/v2\/comments?post=3343"}],"version-history":[{"count":0,"href":"https:\/\/adelantehealthcare.com\/es\/wp-json\/wp\/v2\/pages\/3343\/revisions"}],"up":[{"embeddable":true,"href":"https:\/\/adelantehealthcare.com\/es\/wp-json\/wp\/v2\/pages\/3313"}],"wp:featuredmedia":[{"embeddable":true,"href":"https:\/\/adelantehealthcare.com\/es\/wp-json\/wp\/v2\/media\/2608"}],"wp:attachment":[{"href":"https:\/\/adelantehealthcare.com\/es\/wp-json\/wp\/v2\/media?parent=3343"}],"curies":[{"name":"wp","href":"https:\/\/api.w.org\/{rel}","templated":true}]}}