{"id":3321,"date":"2022-05-10T14:18:00","date_gmt":"2022-05-10T21:18:00","guid":{"rendered":"http:\/\/localhost:10004\/about-us\/"},"modified":"2024-11-20T16:47:15","modified_gmt":"2024-11-20T23:47:15","slug":"about-us","status":"publish","type":"page","link":"https:\/\/adelantehealthcare.com\/es\/about-us\/","title":{"rendered":"Sobre nosotros"},"content":{"rendered":"","protected":false},"excerpt":{"rendered":"","protected":false},"author":1,"featured_media":2633,"parent":0,"menu_order":0,"comment_status":"closed","ping_status":"closed","template":"","meta":{"_acf_changed":false,"_yoast_wpseo_title":"Sobre Nosotros | Adelante Healthcare | Phoenix","_yoast_wpseo_metadesc":"Conoce la misi\u00f3n de Adelante Healthcare de proporcionar una atenci\u00f3n compasiva y accesible para todos en Phoenix, Arizona. Llama al 480-964-2273 para m\u00e1s informaci\u00f3n.","_monsterinsights_skip_tracking":false,"_monsterinsights_sitenote_active":false,"_monsterinsights_sitenote_note":"","_monsterinsights_sitenote_category":0,"_metasync_otto_title":"","_metasync_otto_description":"","_metasync_otto_keywords":"","_metasync_otto_og_title":"","_metasync_otto_og_description":"","_metasync_otto_twitter_title":"","_metasync_otto_twitter_description":"","rank_math_title":"","rank_math_description":"","_aioseo_title":"","_aioseo_description":"","_metasync_seo_title":"","_metasync_seo_desc":"","_metasync_breadcrumb_title":"","_metasync_primary_category":0,"_metasync_primary_product_cat":0,"_metasync_otto_disabled":"","_metasync_hreflang":"","footnotes":""},"class_list":["post-3321","page","type-page","status-publish","has-post-thumbnail","hentry"],"acf":[],"yoast_head":"<!-- This site is optimized with the Yoast SEO plugin v27.5 - https:\/\/yoast.com\/product\/yoast-seo-wordpress\/ -->\n<title>Sobre Nosotros | Adelante Healthcare | Phoenix<\/title>\n<meta name=\"description\" content=\"Conoce la misi\u00f3n de Adelante Healthcare de proporcionar una atenci\u00f3n compasiva y accesible para todos en Phoenix, Arizona. Llama al 480-964-2273 para m\u00e1s informaci\u00f3n.\" \/>\n<meta name=\"robots\" content=\"index, follow, max-snippet:-1, max-image-preview:large, max-video-preview:-1\" \/>\n<link rel=\"canonical\" href=\"https:\/\/adelantehealthcare.com\/es\/about-us\/\" \/>\n<meta property=\"og:locale\" content=\"es_ES\" \/>\n<meta property=\"og:type\" content=\"article\" \/>\n<meta property=\"og:title\" content=\"Sobre Nosotros | Adelante Healthcare | Phoenix\" \/>\n<meta property=\"og:description\" content=\"Conoce la misi\u00f3n de Adelante Healthcare de proporcionar una atenci\u00f3n compasiva y accesible para todos en Phoenix, Arizona. Llama al 480-964-2273 para m\u00e1s informaci\u00f3n.\" \/>\n<meta property=\"og:url\" content=\"https:\/\/adelantehealthcare.com\/es\/about-us\/\" \/>\n<meta property=\"og:site_name\" content=\"Adelante Healthcare\" \/>\n<meta property=\"og:image\" content=\"https:\/\/adelantehealthcare.com\/wp-content\/uploads\/2022\/05\/0J5A1739.jpg\" \/>\n\t<meta property=\"og:image:width\" content=\"1920\" \/>\n\t<meta property=\"og:image:height\" content=\"1080\" \/>\n\t<meta property=\"og:image:type\" content=\"image\/jpeg\" \/>\n<meta name=\"twitter:card\" content=\"summary_large_image\" \/>\n<!-- \/ Yoast SEO plugin. -->","yoast_head_json":{"title":"Sobre Nosotros | Adelante Healthcare | Phoenix","description":"Conoce la misi\u00f3n de Adelante Healthcare de proporcionar una atenci\u00f3n compasiva y accesible para todos en Phoenix, Arizona. Llama al 480-964-2273 para m\u00e1s informaci\u00f3n.","robots":{"index":"index","follow":"follow","max-snippet":"max-snippet:-1","max-image-preview":"max-image-preview:large","max-video-preview":"max-video-preview:-1"},"canonical":"https:\/\/adelantehealthcare.com\/es\/about-us\/","og_locale":"es_ES","og_type":"article","og_title":"Sobre Nosotros | Adelante Healthcare | Phoenix","og_description":"Conoce la misi\u00f3n de Adelante Healthcare de proporcionar una atenci\u00f3n compasiva y accesible para todos en Phoenix, Arizona. Llama al 480-964-2273 para m\u00e1s informaci\u00f3n.","og_url":"https:\/\/adelantehealthcare.com\/es\/about-us\/","og_site_name":"Adelante Healthcare","og_image":[{"width":1920,"height":1080,"url":"https:\/\/adelantehealthcare.com\/wp-content\/uploads\/2022\/05\/0J5A1739.jpg","type":"image\/jpeg"}],"twitter_card":"summary_large_image","schema":{"@context":"https:\/\/schema.org","@graph":[{"@type":"WebPage","@id":"https:\/\/adelantehealthcare.com\/es\/about-us\/","url":"https:\/\/adelantehealthcare.com\/es\/about-us\/","name":"Sobre Nosotros | Adelante Healthcare | Phoenix","isPartOf":{"@id":"https:\/\/adelantehealthcare.com\/es\/#website"},"primaryImageOfPage":{"@id":"https:\/\/adelantehealthcare.com\/es\/about-us\/#primaryimage"},"image":{"@id":"https:\/\/adelantehealthcare.com\/es\/about-us\/#primaryimage"},"thumbnailUrl":"https:\/\/adelantehealthcare.com\/wp-content\/uploads\/2022\/05\/0J5A1739.jpg","datePublished":"2022-05-10T21:18:00+00:00","dateModified":"2024-11-20T23:47:15+00:00","description":"Conoce la misi\u00f3n de Adelante Healthcare de proporcionar una atenci\u00f3n compasiva y accesible para todos en Phoenix, Arizona. Llama al 480-964-2273 para m\u00e1s informaci\u00f3n.","breadcrumb":{"@id":"https:\/\/adelantehealthcare.com\/es\/about-us\/#breadcrumb"},"inLanguage":"es","potentialAction":[{"@type":"ReadAction","target":["https:\/\/adelantehealthcare.com\/es\/about-us\/"]}]},{"@type":"ImageObject","inLanguage":"es","@id":"https:\/\/adelantehealthcare.com\/es\/about-us\/#primaryimage","url":"https:\/\/adelantehealthcare.com\/wp-content\/uploads\/2022\/05\/0J5A1739.jpg","contentUrl":"https:\/\/adelantehealthcare.com\/wp-content\/uploads\/2022\/05\/0J5A1739.jpg","width":1920,"height":1080,"caption":"Two Female Adelante Healthcare Patients Conversing in the Waiting Room"},{"@type":"BreadcrumbList","@id":"https:\/\/adelantehealthcare.com\/es\/about-us\/#breadcrumb","itemListElement":[{"@type":"ListItem","position":1,"name":"Home","item":"https:\/\/adelantehealthcare.com\/es\/"},{"@type":"ListItem","position":2,"name":"Sobre nosotros"}]},{"@type":"WebSite","@id":"https:\/\/adelantehealthcare.com\/es\/#website","url":"https:\/\/adelantehealthcare.com\/es\/","name":"Adelante Healthcare","description":"Compassionate care, for your whole family","publisher":{"@id":"https:\/\/adelantehealthcare.com\/es\/#organization"},"alternateName":"Adelante Healthcare","potentialAction":[{"@type":"SearchAction","target":{"@type":"EntryPoint","urlTemplate":"https:\/\/adelantehealthcare.com\/es\/?s={search_term_string}"},"query-input":{"@type":"PropertyValueSpecification","valueRequired":true,"valueName":"search_term_string"}}],"inLanguage":"es"},{"@type":"Organization","@id":"https:\/\/adelantehealthcare.com\/es\/#organization","name":"Adelante Healthcare","url":"https:\/\/adelantehealthcare.com\/es\/","logo":{"@type":"ImageObject","inLanguage":"es","@id":"https:\/\/adelantehealthcare.com\/es\/#\/schema\/logo\/image\/","url":"https:\/\/adelantehealthcare.com\/wp-content\/uploads\/2024\/02\/adelante-healthcare.jpg","contentUrl":"https:\/\/adelantehealthcare.com\/wp-content\/uploads\/2024\/02\/adelante-healthcare.jpg","width":500,"height":500,"caption":"Adelante Healthcare"},"image":{"@id":"https:\/\/adelantehealthcare.com\/es\/#\/schema\/logo\/image\/"}}]}},"_links":{"self":[{"href":"https:\/\/adelantehealthcare.com\/es\/wp-json\/wp\/v2\/pages\/3321","targetHints":{"allow":["GET"]}}],"collection":[{"href":"https:\/\/adelantehealthcare.com\/es\/wp-json\/wp\/v2\/pages"}],"about":[{"href":"https:\/\/adelantehealthcare.com\/es\/wp-json\/wp\/v2\/types\/page"}],"author":[{"embeddable":true,"href":"https:\/\/adelantehealthcare.com\/es\/wp-json\/wp\/v2\/users\/1"}],"replies":[{"embeddable":true,"href":"https:\/\/adelantehealthcare.com\/es\/wp-json\/wp\/v2\/comments?post=3321"}],"version-history":[{"count":0,"href":"https:\/\/adelantehealthcare.com\/es\/wp-json\/wp\/v2\/pages\/3321\/revisions"}],"wp:featuredmedia":[{"embeddable":true,"href":"https:\/\/adelantehealthcare.com\/es\/wp-json\/wp\/v2\/media\/2633"}],"wp:attachment":[{"href":"https:\/\/adelantehealthcare.com\/es\/wp-json\/wp\/v2\/media?parent=3321"}],"curies":[{"name":"wp","href":"https:\/\/api.w.org\/{rel}","templated":true}]}}